{"id":7607,"date":"2024-06-28T15:09:33","date_gmt":"2024-06-28T13:09:33","guid":{"rendered":"https:\/\/test.cosysunday.com\/?post_type=product&#038;p=7607"},"modified":"2024-07-09T11:22:59","modified_gmt":"2024-07-09T09:22:59","slug":"vip-copy","status":"publish","type":"product","link":"https:\/\/test.cosysunday.com\/de\/produkt\/vip-copy\/","title":{"rendered":"VIP (Copy)"},"content":{"rendered":"<p>Traceability-QR-Code verf\u00fcgbar<\/p>\n<p><strong>Highlights<\/strong><\/p>\n<p>\u00b7 <span style=\"font-weight: 400;\">Unsere nachhaltige Wahl ist eine Mischung aus Merinowolle und Seide von Cariaggi, zertifiziert von Traceability &amp; Fashion<\/span><\/p>\n<p>\u00b7 <span style=\"font-weight: 400;\">Sportliche Hosen mit eng anliegenden B\u00fcndchen und Bund<\/span><\/p>\n<p>\u00b7 <span style=\"font-weight: 400;\">0% Polyester, was sie atmungsaktiver macht und Hautirritationen verhindert.<\/span><\/p>\n<p>\u00b7 <span style=\"font-weight: 400;\">100% biologisch abbaubar<\/span><\/p>\n<p><strong>Zusammensetzung<\/strong><\/p>\n<p>70% Merinowolle, 30% Seide<\/p>\n<p><img loading=\"lazy\" decoding=\"async\" class=\"alignnone wp-image-9986\" src=\"https:\/\/test.cosysunday.com\/wp-content\/uploads\/2023\/03\/certificate-5-300x300.jpg\" alt=\"\" width=\"66\" height=\"66\" \/> <img loading=\"lazy\" decoding=\"async\" class=\"alignnone wp-image-9982\" src=\"https:\/\/test.cosysunday.com\/wp-content\/uploads\/2023\/03\/certificate-1-300x300.jpg\" alt=\"\" width=\"66\" height=\"66\" \/><img loading=\"lazy\" decoding=\"async\" class=\"alignnone wp-image-9996\" src=\"https:\/\/test.cosysunday.com\/wp-content\/uploads\/2023\/03\/certificate-15-300x300.jpg\" alt=\"\" width=\"66\" height=\"66\" \/><\/p>\n<p><strong>Waschanleitung<\/strong><\/p>\n<p>Nur chemische Reinigung<\/p>\n<p><strong>Tragen<\/strong><\/p>\n<p>Ganzj\u00e4hrig<\/p>\n","protected":false},"excerpt":{"rendered":"<p><span style=\"font-weight: 400;\">Die VIP-Hosen werden die Unterteile sein, die zu Ihren Lieblingen f\u00fcr l\u00e4ngere Autofahrten oder Fl\u00fcge zu Ihrem Traumziel werden. Diese Hosen sind weich und f\u00fchlen sich sehr zart an, bleiben dabei aber sehr bequem und flexibel. Das feine Woll-\/Seidenstrick wirkt anspruchsvoll und elegant, sodass Sie bequem bleiben, w\u00e4hrend Sie angemessen aussehen. Seide hat thermoregulierende Eigenschaften, was bedeutet, dass die Hosen Sie je nach Bedarf w\u00e4rmen oder abk\u00fchlen. Sie sind perfekt f\u00fcr Reisen, Entspannen zu Hause oder einen Spaziergang. Kombinieren Sie sie mit unserem VIP-Sweatshirt und Sneakern f\u00fcr die perfekte Kombination.<\/span><span style=\"font-weight: 400;\"><br \/>\n<\/span><\/p>\n","protected":false},"featured_media":5397,"comment_status":"open","ping_status":"closed","template":"","meta":[],"product_brand":[],"product_cat":[234,236,243,287],"product_tag":[],"class_list":{"0":"post-7607","1":"product","2":"type-product","3":"status-publish","4":"has-post-thumbnail","6":"product_cat-new-in-women-de","7":"product_cat-frauen","8":"product_cat-knitwear-women-de","9":"product_cat-bottom-women-de","11":"first","12":"instock","13":"sold-individually","14":"taxable","15":"shipping-taxable","16":"purchasable","17":"product-type-variable","18":"has-default-attributes"},"acf":[],"yoast_head":"<!-- This site is optimized with the Yoast SEO plugin v27.5 - https:\/\/yoast.com\/product\/yoast-seo-wordpress\/ -->\n<title>VIP (Copy) - COSY SUNDAY<\/title>\n<meta name=\"robots\" content=\"noindex, follow, max-snippet:-1, max-image-preview:large, max-video-preview:-1\" \/>\n<meta property=\"og:locale\" content=\"de_DE\" \/>\n<meta property=\"og:type\" content=\"article\" \/>\n<meta property=\"og:title\" content=\"VIP (Copy) - COSY SUNDAY\" \/>\n<meta property=\"og:description\" content=\"Die VIP-Hosen werden die Unterteile sein, die zu Ihren Lieblingen f\u00fcr l\u00e4ngere Autofahrten oder Fl\u00fcge zu Ihrem Traumziel werden. Diese Hosen sind weich und f\u00fchlen sich sehr zart an, bleiben dabei aber sehr bequem und flexibel. Das feine Woll-\/Seidenstrick wirkt anspruchsvoll und elegant, sodass Sie bequem bleiben, w\u00e4hrend Sie angemessen aussehen. Seide hat thermoregulierende Eigenschaften, was bedeutet, dass die Hosen Sie je nach Bedarf w\u00e4rmen oder abk\u00fchlen. Sie sind perfekt f\u00fcr Reisen, Entspannen zu Hause oder einen Spaziergang. Kombinieren Sie sie mit unserem VIP-Sweatshirt und Sneakern f\u00fcr die perfekte Kombination.\" \/>\n<meta property=\"og:url\" content=\"https:\/\/test.cosysunday.com\/de\/produkt\/vip-copy\/\" \/>\n<meta property=\"og:site_name\" content=\"COSY SUNDAY\" \/>\n<meta property=\"article:modified_time\" content=\"2024-07-09T09:22:59+00:00\" \/>\n<meta property=\"og:image\" content=\"https:\/\/test.cosysunday.com\/wp-content\/uploads\/2023\/03\/Pants-VIP-SKU-S1-004-01-Off-White.jpg\" \/>\n\t<meta property=\"og:image:width\" content=\"1800\" \/>\n\t<meta property=\"og:image:height\" content=\"1800\" \/>\n\t<meta property=\"og:image:type\" content=\"image\/jpeg\" \/>\n<meta name=\"twitter:card\" content=\"summary_large_image\" \/>\n<meta name=\"twitter:label1\" content=\"Gesch\u00e4tzte Lesezeit\" \/>\n\t<meta name=\"twitter:data1\" content=\"2\u00a0Minuten\" \/>\n<script type=\"application\/ld+json\" class=\"yoast-schema-graph\">{\"@context\":\"https:\\\/\\\/schema.org\",\"@graph\":[{\"@type\":\"WebPage\",\"@id\":\"https:\\\/\\\/test.cosysunday.com\\\/de\\\/produkt\\\/vip-copy\\\/\",\"url\":\"https:\\\/\\\/test.cosysunday.com\\\/de\\\/produkt\\\/vip-copy\\\/\",\"name\":\"VIP (Copy) - COSY SUNDAY\",\"isPartOf\":{\"@id\":\"https:\\\/\\\/test.cosysunday.com\\\/#website\"},\"primaryImageOfPage\":{\"@id\":\"https:\\\/\\\/test.cosysunday.com\\\/de\\\/produkt\\\/vip-copy\\\/#primaryimage\"},\"image\":{\"@id\":\"https:\\\/\\\/test.cosysunday.com\\\/de\\\/produkt\\\/vip-copy\\\/#primaryimage\"},\"thumbnailUrl\":\"https:\\\/\\\/cdn.speedsize.com\\\/f92682dc-7352-42e5-8737-ed80049e205d\\\/test.cosysunday.com\\\/wp-content\\\/uploads\\\/2023\\\/03\\\/Pants-VIP-SKU-S1-004-01-Off-White.jpg\",\"datePublished\":\"2024-06-28T13:09:33+00:00\",\"dateModified\":\"2024-07-09T09:22:59+00:00\",\"breadcrumb\":{\"@id\":\"https:\\\/\\\/test.cosysunday.com\\\/de\\\/produkt\\\/vip-copy\\\/#breadcrumb\"},\"inLanguage\":\"de\",\"potentialAction\":[{\"@type\":\"ReadAction\",\"target\":[\"https:\\\/\\\/test.cosysunday.com\\\/de\\\/produkt\\\/vip-copy\\\/\"]}]},{\"@type\":\"ImageObject\",\"inLanguage\":\"de\",\"@id\":\"https:\\\/\\\/test.cosysunday.com\\\/de\\\/produkt\\\/vip-copy\\\/#primaryimage\",\"url\":\"https:\\\/\\\/cdn.speedsize.com\\\/f92682dc-7352-42e5-8737-ed80049e205d\\\/test.cosysunday.com\\\/wp-content\\\/uploads\\\/2023\\\/03\\\/Pants-VIP-SKU-S1-004-01-Off-White.jpg\",\"contentUrl\":\"https:\\\/\\\/cdn.speedsize.com\\\/f92682dc-7352-42e5-8737-ed80049e205d\\\/test.cosysunday.com\\\/wp-content\\\/uploads\\\/2023\\\/03\\\/Pants-VIP-SKU-S1-004-01-Off-White.jpg\",\"width\":1800,\"height\":1800},{\"@type\":\"BreadcrumbList\",\"@id\":\"https:\\\/\\\/test.cosysunday.com\\\/de\\\/produkt\\\/vip-copy\\\/#breadcrumb\",\"itemListElement\":[{\"@type\":\"ListItem\",\"position\":1,\"name\":\"\u0413\u043b\u0430\u0432\u043d\u0430\u044f \u0441\u0442\u0440\u0430\u043d\u0438\u0446\u0430\",\"item\":\"https:\\\/\\\/test.cosysunday.com\\\/de\\\/\"},{\"@type\":\"ListItem\",\"position\":2,\"name\":\"Shop\",\"item\":\"https:\\\/\\\/test.cosysunday.com\\\/shop\\\/\"},{\"@type\":\"ListItem\",\"position\":3,\"name\":\"VIP (Copy)\"}]},{\"@type\":\"WebSite\",\"@id\":\"https:\\\/\\\/test.cosysunday.com\\\/#website\",\"url\":\"https:\\\/\\\/test.cosysunday.com\\\/\",\"name\":\"COSY SUNDAY\",\"description\":\"Luxury weekend fashion\",\"potentialAction\":[{\"@type\":\"SearchAction\",\"target\":{\"@type\":\"EntryPoint\",\"urlTemplate\":\"https:\\\/\\\/test.cosysunday.com\\\/?s={search_term_string}\"},\"query-input\":{\"@type\":\"PropertyValueSpecification\",\"valueRequired\":true,\"valueName\":\"search_term_string\"}}],\"inLanguage\":\"de\"}]}<\/script>\n<!-- \/ Yoast SEO plugin. -->","yoast_head_json":{"title":"VIP (Copy) - COSY SUNDAY","robots":{"index":"noindex","follow":"follow","max-snippet":"max-snippet:-1","max-image-preview":"max-image-preview:large","max-video-preview":"max-video-preview:-1"},"og_locale":"de_DE","og_type":"article","og_title":"VIP (Copy) - COSY SUNDAY","og_description":"Die VIP-Hosen werden die Unterteile sein, die zu Ihren Lieblingen f\u00fcr l\u00e4ngere Autofahrten oder Fl\u00fcge zu Ihrem Traumziel werden. Diese Hosen sind weich und f\u00fchlen sich sehr zart an, bleiben dabei aber sehr bequem und flexibel. Das feine Woll-\/Seidenstrick wirkt anspruchsvoll und elegant, sodass Sie bequem bleiben, w\u00e4hrend Sie angemessen aussehen. Seide hat thermoregulierende Eigenschaften, was bedeutet, dass die Hosen Sie je nach Bedarf w\u00e4rmen oder abk\u00fchlen. Sie sind perfekt f\u00fcr Reisen, Entspannen zu Hause oder einen Spaziergang. Kombinieren Sie sie mit unserem VIP-Sweatshirt und Sneakern f\u00fcr die perfekte Kombination.","og_url":"https:\/\/test.cosysunday.com\/de\/produkt\/vip-copy\/","og_site_name":"COSY SUNDAY","article_modified_time":"2024-07-09T09:22:59+00:00","og_image":[{"width":1800,"height":1800,"url":"https:\/\/test.cosysunday.com\/wp-content\/uploads\/2023\/03\/Pants-VIP-SKU-S1-004-01-Off-White.jpg","type":"image\/jpeg"}],"twitter_card":"summary_large_image","twitter_misc":{"Gesch\u00e4tzte Lesezeit":"2\u00a0Minuten"},"schema":{"@context":"https:\/\/schema.org","@graph":[{"@type":"WebPage","@id":"https:\/\/test.cosysunday.com\/de\/produkt\/vip-copy\/","url":"https:\/\/test.cosysunday.com\/de\/produkt\/vip-copy\/","name":"VIP (Copy) - COSY SUNDAY","isPartOf":{"@id":"https:\/\/test.cosysunday.com\/#website"},"primaryImageOfPage":{"@id":"https:\/\/test.cosysunday.com\/de\/produkt\/vip-copy\/#primaryimage"},"image":{"@id":"https:\/\/test.cosysunday.com\/de\/produkt\/vip-copy\/#primaryimage"},"thumbnailUrl":"https:\/\/cdn.speedsize.com\/f92682dc-7352-42e5-8737-ed80049e205d\/test.cosysunday.com\/wp-content\/uploads\/2023\/03\/Pants-VIP-SKU-S1-004-01-Off-White.jpg","datePublished":"2024-06-28T13:09:33+00:00","dateModified":"2024-07-09T09:22:59+00:00","breadcrumb":{"@id":"https:\/\/test.cosysunday.com\/de\/produkt\/vip-copy\/#breadcrumb"},"inLanguage":"de","potentialAction":[{"@type":"ReadAction","target":["https:\/\/test.cosysunday.com\/de\/produkt\/vip-copy\/"]}]},{"@type":"ImageObject","inLanguage":"de","@id":"https:\/\/test.cosysunday.com\/de\/produkt\/vip-copy\/#primaryimage","url":"https:\/\/cdn.speedsize.com\/f92682dc-7352-42e5-8737-ed80049e205d\/test.cosysunday.com\/wp-content\/uploads\/2023\/03\/Pants-VIP-SKU-S1-004-01-Off-White.jpg","contentUrl":"https:\/\/cdn.speedsize.com\/f92682dc-7352-42e5-8737-ed80049e205d\/test.cosysunday.com\/wp-content\/uploads\/2023\/03\/Pants-VIP-SKU-S1-004-01-Off-White.jpg","width":1800,"height":1800},{"@type":"BreadcrumbList","@id":"https:\/\/test.cosysunday.com\/de\/produkt\/vip-copy\/#breadcrumb","itemListElement":[{"@type":"ListItem","position":1,"name":"\u0413\u043b\u0430\u0432\u043d\u0430\u044f \u0441\u0442\u0440\u0430\u043d\u0438\u0446\u0430","item":"https:\/\/test.cosysunday.com\/de\/"},{"@type":"ListItem","position":2,"name":"Shop","item":"https:\/\/test.cosysunday.com\/shop\/"},{"@type":"ListItem","position":3,"name":"VIP (Copy)"}]},{"@type":"WebSite","@id":"https:\/\/test.cosysunday.com\/#website","url":"https:\/\/test.cosysunday.com\/","name":"COSY SUNDAY","description":"Luxury weekend fashion","potentialAction":[{"@type":"SearchAction","target":{"@type":"EntryPoint","urlTemplate":"https:\/\/test.cosysunday.com\/?s={search_term_string}"},"query-input":{"@type":"PropertyValueSpecification","valueRequired":true,"valueName":"search_term_string"}}],"inLanguage":"de"}]}},"_links":{"self":[{"href":"https:\/\/test.cosysunday.com\/de\/wp-json\/wp\/v2\/product\/7607","targetHints":{"allow":["GET"]}}],"collection":[{"href":"https:\/\/test.cosysunday.com\/de\/wp-json\/wp\/v2\/product"}],"about":[{"href":"https:\/\/test.cosysunday.com\/de\/wp-json\/wp\/v2\/types\/product"}],"replies":[{"embeddable":true,"href":"https:\/\/test.cosysunday.com\/de\/wp-json\/wp\/v2\/comments?post=7607"}],"wp:featuredmedia":[{"embeddable":true,"href":"https:\/\/test.cosysunday.com\/de\/wp-json\/wp\/v2\/media\/5397"}],"wp:attachment":[{"href":"https:\/\/test.cosysunday.com\/de\/wp-json\/wp\/v2\/media?parent=7607"}],"wp:term":[{"taxonomy":"product_brand","embeddable":true,"href":"https:\/\/test.cosysunday.com\/de\/wp-json\/wp\/v2\/product_brand?post=7607"},{"taxonomy":"product_cat","embeddable":true,"href":"https:\/\/test.cosysunday.com\/de\/wp-json\/wp\/v2\/product_cat?post=7607"},{"taxonomy":"product_tag","embeddable":true,"href":"https:\/\/test.cosysunday.com\/de\/wp-json\/wp\/v2\/product_tag?post=7607"}],"curies":[{"name":"wp","href":"https:\/\/api.w.org\/{rel}","templated":true}]}}