{"id":6790,"date":"2024-03-07T16:24:58","date_gmt":"2024-03-07T14:24:58","guid":{"rendered":"https:\/\/test.cosysunday.com\/product\/vip-2\/"},"modified":"2024-07-09T11:21:36","modified_gmt":"2024-07-09T09:21:36","slug":"vip-2","status":"publish","type":"product","link":"https:\/\/test.cosysunday.com\/de\/produkt\/vip-2\/","title":{"rendered":"VIP"},"content":{"rendered":"<p>Traceability-QR-Code verf\u00fcgbar<\/p>\n<p><strong>Highlights<\/strong><\/p>\n<p>\u00b7 <span style=\"font-weight: 400;\">Unsere nachhaltige Wahl ist eine Mischung aus Merinowolle und Seide von Cariaggi, zertifiziert von Traceability &amp; Fashion<\/span><\/p>\n<p>\u00b7 <span style=\"font-weight: 400;\">Pullover im Rundhalsstil mit eng anliegendem Kragen, Bund und \u00c4rmeln<\/span><\/p>\n<p>\u00b7 <span style=\"font-weight: 400;\">0% Polyester, was es atmungsaktiver macht und Hautirritationen verhindert.<\/span><\/p>\n<p>\u00b7 <span style=\"font-weight: 400;\">100% biologisch abbaubar<\/span><\/p>\n<p><strong>Zusammensetzung<\/strong><\/p>\n<p>70% Merinowolle, 30% Seide<\/p>\n<p><img loading=\"lazy\" decoding=\"async\" class=\"alignnone wp-image-9986\" src=\"https:\/\/test.cosysunday.com\/wp-content\/uploads\/2023\/03\/certificate-5-300x300.jpg\" alt=\"\" width=\"66\" height=\"66\" \/> <img loading=\"lazy\" decoding=\"async\" class=\"alignnone wp-image-9982\" src=\"https:\/\/test.cosysunday.com\/wp-content\/uploads\/2023\/03\/certificate-1-300x300.jpg\" alt=\"\" width=\"66\" height=\"66\" \/><img loading=\"lazy\" decoding=\"async\" class=\"alignnone wp-image-9996\" src=\"https:\/\/test.cosysunday.com\/wp-content\/uploads\/2023\/03\/certificate-15-300x300.jpg\" alt=\"\" width=\"66\" height=\"66\" \/><\/p>\n<p><strong>Waschanleitung<\/strong><\/p>\n<p><span style=\"font-weight: 400;\">Nur chemische Reinigung<\/span><\/p>\n<p><strong>Tragen<\/strong><\/p>\n<p>Ganzj\u00e4hrig<\/p>\n","protected":false},"excerpt":{"rendered":"<p><span data-sheets-root=\"1\" data-sheets-value=\"{&quot;1&quot;:2,&quot;2&quot;:&quot;Das VIP-Sweatshirt ist genau das, was Sie f\u00fcr Ihren Wochenendausflug oder Flug zu Ihrem bevorzugten Ziel tragen m\u00f6chten. Es ist eines unserer bequemsten St\u00fccke, das Ihnen ein gem\u00fctliches und entspanntes Gef\u00fchl verleiht. Das Sweatshirt ist leicht verk\u00fcrzt und hat einen weiteren unteren Teil f\u00fcr eine noch angenehmere Passform. Die Passform ist recht locker, aber die \u00c4rmel sind an den Handgelenken eng anliegend. Tragen Sie es als Set mit unseren VIP-Hosen oder kombinieren Sie es mit jeder anderen Hose Ihrer Wahl \u2013 es wird in jedem Fall m\u00fchelos schick und zusammenpassend aussehen.&quot;}\" data-sheets-userformat=\"{&quot;2&quot;:769,&quot;3&quot;:{&quot;1&quot;:0},&quot;11&quot;:4,&quot;12&quot;:0}\">Das VIP-Sweatshirt ist genau das, was Sie f\u00fcr Ihren Wochenendausflug oder Flug zu Ihrem bevorzugten Ziel tragen m\u00f6chten. Es ist eines unserer bequemsten St\u00fccke, das Ihnen ein gem\u00fctliches und entspanntes Gef\u00fchl verleiht. Das Sweatshirt ist leicht verk\u00fcrzt und hat einen weiteren unteren Teil f\u00fcr eine noch angenehmere Passform. Die Passform ist recht locker, aber die \u00c4rmel sind an den Handgelenken eng anliegend. Tragen Sie es als Set mit unseren VIP-Hosen oder kombinieren Sie es mit jeder anderen Hose Ihrer Wahl \u2013 es wird in jedem Fall m\u00fchelos schick und zusammenpassend aussehen.<\/span><\/p>\n","protected":false},"featured_media":5557,"comment_status":"open","ping_status":"closed","template":"","meta":[],"product_brand":[],"product_cat":[233,234,236,243,308],"product_tag":[],"class_list":{"0":"post-6790","1":"product","2":"type-product","3":"status-publish","4":"has-post-thumbnail","6":"product_cat-top-women-de","7":"product_cat-new-in-women-de","8":"product_cat-frauen","9":"product_cat-knitwear-women-de","10":"product_cat-sweatshirt-de","12":"first","13":"instock","14":"sold-individually","15":"taxable","16":"shipping-taxable","17":"purchasable","18":"product-type-variable","19":"has-default-attributes"},"acf":[],"yoast_head":"<!-- This site is optimized with the Yoast SEO plugin v27.5 - https:\/\/yoast.com\/product\/yoast-seo-wordpress\/ -->\n<title>VIP - COSY SUNDAY<\/title>\n<meta name=\"robots\" content=\"noindex, follow, max-snippet:-1, max-image-preview:large, max-video-preview:-1\" \/>\n<meta property=\"og:locale\" content=\"de_DE\" \/>\n<meta property=\"og:type\" content=\"article\" \/>\n<meta property=\"og:title\" content=\"VIP - COSY SUNDAY\" \/>\n<meta property=\"og:description\" content=\"Das VIP-Sweatshirt ist genau das, was Sie f\u00fcr Ihren Wochenendausflug oder Flug zu Ihrem bevorzugten Ziel tragen m\u00f6chten. Es ist eines unserer bequemsten St\u00fccke, das Ihnen ein gem\u00fctliches und entspanntes Gef\u00fchl verleiht. Das Sweatshirt ist leicht verk\u00fcrzt und hat einen weiteren unteren Teil f\u00fcr eine noch angenehmere Passform. Die Passform ist recht locker, aber die \u00c4rmel sind an den Handgelenken eng anliegend. Tragen Sie es als Set mit unseren VIP-Hosen oder kombinieren Sie es mit jeder anderen Hose Ihrer Wahl \u2013 es wird in jedem Fall m\u00fchelos schick und zusammenpassend aussehen.\" \/>\n<meta property=\"og:url\" content=\"https:\/\/test.cosysunday.com\/de\/produkt\/vip-2\/\" \/>\n<meta property=\"og:site_name\" content=\"COSY SUNDAY\" \/>\n<meta property=\"article:modified_time\" content=\"2024-07-09T09:21:36+00:00\" \/>\n<meta property=\"og:image\" content=\"https:\/\/test.cosysunday.com\/wp-content\/uploads\/2023\/03\/Sweatshirt-VIP-SKU-S1-009-01-Off-White.jpg\" \/>\n\t<meta property=\"og:image:width\" content=\"1800\" \/>\n\t<meta property=\"og:image:height\" content=\"1800\" \/>\n\t<meta property=\"og:image:type\" content=\"image\/jpeg\" \/>\n<meta name=\"twitter:card\" content=\"summary_large_image\" \/>\n<meta name=\"twitter:label1\" content=\"Gesch\u00e4tzte Lesezeit\" \/>\n\t<meta name=\"twitter:data1\" content=\"2\u00a0Minuten\" \/>\n<script type=\"application\/ld+json\" class=\"yoast-schema-graph\">{\"@context\":\"https:\\\/\\\/schema.org\",\"@graph\":[{\"@type\":\"WebPage\",\"@id\":\"https:\\\/\\\/test.cosysunday.com\\\/de\\\/produkt\\\/vip-2\\\/\",\"url\":\"https:\\\/\\\/test.cosysunday.com\\\/de\\\/produkt\\\/vip-2\\\/\",\"name\":\"VIP - COSY SUNDAY\",\"isPartOf\":{\"@id\":\"https:\\\/\\\/test.cosysunday.com\\\/#website\"},\"primaryImageOfPage\":{\"@id\":\"https:\\\/\\\/test.cosysunday.com\\\/de\\\/produkt\\\/vip-2\\\/#primaryimage\"},\"image\":{\"@id\":\"https:\\\/\\\/test.cosysunday.com\\\/de\\\/produkt\\\/vip-2\\\/#primaryimage\"},\"thumbnailUrl\":\"https:\\\/\\\/cdn.speedsize.com\\\/f92682dc-7352-42e5-8737-ed80049e205d\\\/test.cosysunday.com\\\/wp-content\\\/uploads\\\/2023\\\/03\\\/Sweatshirt-VIP-SKU-S1-009-01-Off-White.jpg\",\"datePublished\":\"2024-03-07T14:24:58+00:00\",\"dateModified\":\"2024-07-09T09:21:36+00:00\",\"breadcrumb\":{\"@id\":\"https:\\\/\\\/test.cosysunday.com\\\/de\\\/produkt\\\/vip-2\\\/#breadcrumb\"},\"inLanguage\":\"de\",\"potentialAction\":[{\"@type\":\"ReadAction\",\"target\":[\"https:\\\/\\\/test.cosysunday.com\\\/de\\\/produkt\\\/vip-2\\\/\"]}]},{\"@type\":\"ImageObject\",\"inLanguage\":\"de\",\"@id\":\"https:\\\/\\\/test.cosysunday.com\\\/de\\\/produkt\\\/vip-2\\\/#primaryimage\",\"url\":\"https:\\\/\\\/cdn.speedsize.com\\\/f92682dc-7352-42e5-8737-ed80049e205d\\\/test.cosysunday.com\\\/wp-content\\\/uploads\\\/2023\\\/03\\\/Sweatshirt-VIP-SKU-S1-009-01-Off-White.jpg\",\"contentUrl\":\"https:\\\/\\\/cdn.speedsize.com\\\/f92682dc-7352-42e5-8737-ed80049e205d\\\/test.cosysunday.com\\\/wp-content\\\/uploads\\\/2023\\\/03\\\/Sweatshirt-VIP-SKU-S1-009-01-Off-White.jpg\",\"width\":1800,\"height\":1800},{\"@type\":\"BreadcrumbList\",\"@id\":\"https:\\\/\\\/test.cosysunday.com\\\/de\\\/produkt\\\/vip-2\\\/#breadcrumb\",\"itemListElement\":[{\"@type\":\"ListItem\",\"position\":1,\"name\":\"\u0413\u043b\u0430\u0432\u043d\u0430\u044f \u0441\u0442\u0440\u0430\u043d\u0438\u0446\u0430\",\"item\":\"https:\\\/\\\/test.cosysunday.com\\\/de\\\/\"},{\"@type\":\"ListItem\",\"position\":2,\"name\":\"Shop\",\"item\":\"https:\\\/\\\/test.cosysunday.com\\\/shop\\\/\"},{\"@type\":\"ListItem\",\"position\":3,\"name\":\"VIP\"}]},{\"@type\":\"WebSite\",\"@id\":\"https:\\\/\\\/test.cosysunday.com\\\/#website\",\"url\":\"https:\\\/\\\/test.cosysunday.com\\\/\",\"name\":\"COSY SUNDAY\",\"description\":\"Luxury weekend fashion\",\"potentialAction\":[{\"@type\":\"SearchAction\",\"target\":{\"@type\":\"EntryPoint\",\"urlTemplate\":\"https:\\\/\\\/test.cosysunday.com\\\/?s={search_term_string}\"},\"query-input\":{\"@type\":\"PropertyValueSpecification\",\"valueRequired\":true,\"valueName\":\"search_term_string\"}}],\"inLanguage\":\"de\"}]}<\/script>\n<!-- \/ Yoast SEO plugin. -->","yoast_head_json":{"title":"VIP - COSY SUNDAY","robots":{"index":"noindex","follow":"follow","max-snippet":"max-snippet:-1","max-image-preview":"max-image-preview:large","max-video-preview":"max-video-preview:-1"},"og_locale":"de_DE","og_type":"article","og_title":"VIP - COSY SUNDAY","og_description":"Das VIP-Sweatshirt ist genau das, was Sie f\u00fcr Ihren Wochenendausflug oder Flug zu Ihrem bevorzugten Ziel tragen m\u00f6chten. Es ist eines unserer bequemsten St\u00fccke, das Ihnen ein gem\u00fctliches und entspanntes Gef\u00fchl verleiht. Das Sweatshirt ist leicht verk\u00fcrzt und hat einen weiteren unteren Teil f\u00fcr eine noch angenehmere Passform. Die Passform ist recht locker, aber die \u00c4rmel sind an den Handgelenken eng anliegend. Tragen Sie es als Set mit unseren VIP-Hosen oder kombinieren Sie es mit jeder anderen Hose Ihrer Wahl \u2013 es wird in jedem Fall m\u00fchelos schick und zusammenpassend aussehen.","og_url":"https:\/\/test.cosysunday.com\/de\/produkt\/vip-2\/","og_site_name":"COSY SUNDAY","article_modified_time":"2024-07-09T09:21:36+00:00","og_image":[{"width":1800,"height":1800,"url":"https:\/\/test.cosysunday.com\/wp-content\/uploads\/2023\/03\/Sweatshirt-VIP-SKU-S1-009-01-Off-White.jpg","type":"image\/jpeg"}],"twitter_card":"summary_large_image","twitter_misc":{"Gesch\u00e4tzte Lesezeit":"2\u00a0Minuten"},"schema":{"@context":"https:\/\/schema.org","@graph":[{"@type":"WebPage","@id":"https:\/\/test.cosysunday.com\/de\/produkt\/vip-2\/","url":"https:\/\/test.cosysunday.com\/de\/produkt\/vip-2\/","name":"VIP - COSY SUNDAY","isPartOf":{"@id":"https:\/\/test.cosysunday.com\/#website"},"primaryImageOfPage":{"@id":"https:\/\/test.cosysunday.com\/de\/produkt\/vip-2\/#primaryimage"},"image":{"@id":"https:\/\/test.cosysunday.com\/de\/produkt\/vip-2\/#primaryimage"},"thumbnailUrl":"https:\/\/cdn.speedsize.com\/f92682dc-7352-42e5-8737-ed80049e205d\/test.cosysunday.com\/wp-content\/uploads\/2023\/03\/Sweatshirt-VIP-SKU-S1-009-01-Off-White.jpg","datePublished":"2024-03-07T14:24:58+00:00","dateModified":"2024-07-09T09:21:36+00:00","breadcrumb":{"@id":"https:\/\/test.cosysunday.com\/de\/produkt\/vip-2\/#breadcrumb"},"inLanguage":"de","potentialAction":[{"@type":"ReadAction","target":["https:\/\/test.cosysunday.com\/de\/produkt\/vip-2\/"]}]},{"@type":"ImageObject","inLanguage":"de","@id":"https:\/\/test.cosysunday.com\/de\/produkt\/vip-2\/#primaryimage","url":"https:\/\/cdn.speedsize.com\/f92682dc-7352-42e5-8737-ed80049e205d\/test.cosysunday.com\/wp-content\/uploads\/2023\/03\/Sweatshirt-VIP-SKU-S1-009-01-Off-White.jpg","contentUrl":"https:\/\/cdn.speedsize.com\/f92682dc-7352-42e5-8737-ed80049e205d\/test.cosysunday.com\/wp-content\/uploads\/2023\/03\/Sweatshirt-VIP-SKU-S1-009-01-Off-White.jpg","width":1800,"height":1800},{"@type":"BreadcrumbList","@id":"https:\/\/test.cosysunday.com\/de\/produkt\/vip-2\/#breadcrumb","itemListElement":[{"@type":"ListItem","position":1,"name":"\u0413\u043b\u0430\u0432\u043d\u0430\u044f \u0441\u0442\u0440\u0430\u043d\u0438\u0446\u0430","item":"https:\/\/test.cosysunday.com\/de\/"},{"@type":"ListItem","position":2,"name":"Shop","item":"https:\/\/test.cosysunday.com\/shop\/"},{"@type":"ListItem","position":3,"name":"VIP"}]},{"@type":"WebSite","@id":"https:\/\/test.cosysunday.com\/#website","url":"https:\/\/test.cosysunday.com\/","name":"COSY SUNDAY","description":"Luxury weekend fashion","potentialAction":[{"@type":"SearchAction","target":{"@type":"EntryPoint","urlTemplate":"https:\/\/test.cosysunday.com\/?s={search_term_string}"},"query-input":{"@type":"PropertyValueSpecification","valueRequired":true,"valueName":"search_term_string"}}],"inLanguage":"de"}]}},"_links":{"self":[{"href":"https:\/\/test.cosysunday.com\/de\/wp-json\/wp\/v2\/product\/6790","targetHints":{"allow":["GET"]}}],"collection":[{"href":"https:\/\/test.cosysunday.com\/de\/wp-json\/wp\/v2\/product"}],"about":[{"href":"https:\/\/test.cosysunday.com\/de\/wp-json\/wp\/v2\/types\/product"}],"replies":[{"embeddable":true,"href":"https:\/\/test.cosysunday.com\/de\/wp-json\/wp\/v2\/comments?post=6790"}],"wp:featuredmedia":[{"embeddable":true,"href":"https:\/\/test.cosysunday.com\/de\/wp-json\/wp\/v2\/media\/5557"}],"wp:attachment":[{"href":"https:\/\/test.cosysunday.com\/de\/wp-json\/wp\/v2\/media?parent=6790"}],"wp:term":[{"taxonomy":"product_brand","embeddable":true,"href":"https:\/\/test.cosysunday.com\/de\/wp-json\/wp\/v2\/product_brand?post=6790"},{"taxonomy":"product_cat","embeddable":true,"href":"https:\/\/test.cosysunday.com\/de\/wp-json\/wp\/v2\/product_cat?post=6790"},{"taxonomy":"product_tag","embeddable":true,"href":"https:\/\/test.cosysunday.com\/de\/wp-json\/wp\/v2\/product_tag?post=6790"}],"curies":[{"name":"wp","href":"https:\/\/api.w.org\/{rel}","templated":true}]}}