{"id":6769,"date":"2024-03-07T15:04:26","date_gmt":"2024-03-07T13:04:26","guid":{"rendered":"https:\/\/test.cosysunday.com\/product\/influencer\/"},"modified":"2024-07-09T10:48:58","modified_gmt":"2024-07-09T08:48:58","slug":"cotton-leggings","status":"publish","type":"product","link":"https:\/\/test.cosysunday.com\/de\/produkt\/cotton-leggings\/","title":{"rendered":"Leggings aus baumwolle Influencer"},"content":{"rendered":"<p>Traceability-QR-Code verf\u00fcgbar<\/p>\n<p><strong>Highlights<\/strong><\/p>\n<p>\u00b7 versteckt bestickte Best\u00e4tigung<\/p>\n<p>\u00b7 Schlitz unten \/ kleiner Schlag<\/p>\n<p>\u00b7 GOTS-zertifizierte flexible Stoffmischung<\/p>\n<p>\u00b7 das Kleidungsst\u00fcck ist mechanisch recycelbar<\/p>\n<p><strong>Zusammensetzung<\/strong><\/p>\n<p>79% Bio-Baumwolle, 21% Elasthan<\/p>\n<p><img loading=\"lazy\" decoding=\"async\" class=\"\" src=\"https:\/\/cosysunday.odoo.com\/web\/image\/11286-fb5079d5\/certificate%203.jpg?access_token=ba1e0e67-bdcb-43c7-b7d1-804a1fba02df\" width=\"66\" height=\"66\" \/><img loading=\"lazy\" decoding=\"async\" class=\"\" src=\"https:\/\/cosysunday.odoo.com\/web\/image\/11287-0ed6019d\/certificate%209.jpg?access_token=dd503d86-2459-4572-bbf8-733b7a2ef38e\" width=\"66\" height=\"66\" \/><\/p>\n<p><strong>Waschanleitung<\/strong><\/p>\n<p>30\u00b0 Maschinenw\u00e4sche<\/p>\n<p><strong>Tragen<\/strong><\/p>\n<p>ganzj\u00e4hrig<\/p>\n","protected":false},"excerpt":{"rendered":"<p><span data-sheets-root=\"1\" data-sheets-value=\"{&quot;1&quot;:2,&quot;2&quot;:&quot;Das Paar Sneakers, das zu fast allem in Ihrem Kleiderschrank passt. Diese Schuhe sind schlank und minimalistisch, aber dennoch auff\u00e4llig und einzigartig durch ihre klassischen Details. Hergestellt aus glattem, veganem Leder, mit Ziern\u00e4hten verziert und auf haltbaren Gummisohlen platziert, die Kratzer verhindern, sind sie f\u00fcr jede Gelegenheit geeignet. Tragen Sie sie mit Jeans, ma\u00dfgeschneiderter Kleidung oder femininen Kleidern.&quot;}\" data-sheets-userformat=\"{&quot;2&quot;:769,&quot;3&quot;:{&quot;1&quot;:0},&quot;11&quot;:4,&quot;12&quot;:0}\">Das Paar Sneakers, das zu fast allem in Ihrem Kleiderschrank passt. Diese Schuhe sind schlank und minimalistisch, aber dennoch auff\u00e4llig und einzigartig durch ihre klassischen Details. Hergestellt aus glattem, veganem Leder, mit Ziern\u00e4hten verziert und auf haltbaren Gummisohlen platziert, die Kratzer verhindern, sind sie f\u00fcr jede Gelegenheit geeignet. Tragen Sie sie mit Jeans, ma\u00dfgeschneiderter Kleidung oder femininen Kleidern.<\/span><\/p>\n","protected":false},"featured_media":5329,"comment_status":"open","ping_status":"closed","template":"","meta":[],"product_brand":[],"product_cat":[234,235,236,245,287],"product_tag":[],"class_list":{"0":"post-6769","1":"product","2":"type-product","3":"status-publish","4":"has-post-thumbnail","6":"product_cat-new-in-women-de","7":"product_cat-heimtextilien","8":"product_cat-frauen","9":"product_cat-summer-de","10":"product_cat-bottom-women-de","12":"first","13":"instock","14":"sold-individually","15":"taxable","16":"shipping-taxable","17":"purchasable","18":"product-type-variable","19":"has-default-attributes"},"acf":[],"yoast_head":"<!-- This site is optimized with the Yoast SEO plugin v27.5 - https:\/\/yoast.com\/product\/yoast-seo-wordpress\/ -->\n<title>Beste Baumwoll-Leggings kaufen - COSY SUNDAY<\/title>\n<meta name=\"description\" content=\"Holen Sie sich feine Baumwoll-Leggings bei COSY SUNDAY, g\u00f6nnen Sie sich unvergleichlichen Komfort. Mit unseren anpassungsf\u00e4higen und kuscheligen Mustern k\u00f6nnen Sie Ihren Alltagslook aufpeppen und Komfort genie\u00dfen.\" \/>\n<meta name=\"robots\" content=\"noindex, follow, max-snippet:-1, max-image-preview:large, max-video-preview:-1\" \/>\n<meta property=\"og:locale\" content=\"de_DE\" \/>\n<meta property=\"og:type\" content=\"article\" \/>\n<meta property=\"og:title\" content=\"Beste Baumwoll-Leggings kaufen - COSY SUNDAY\" \/>\n<meta property=\"og:description\" content=\"Holen Sie sich feine Baumwoll-Leggings bei COSY SUNDAY, g\u00f6nnen Sie sich unvergleichlichen Komfort. Mit unseren anpassungsf\u00e4higen und kuscheligen Mustern k\u00f6nnen Sie Ihren Alltagslook aufpeppen und Komfort genie\u00dfen.\" \/>\n<meta property=\"og:url\" content=\"https:\/\/test.cosysunday.com\/de\/produkt\/cotton-leggings\/\" \/>\n<meta property=\"og:site_name\" content=\"COSY SUNDAY\" \/>\n<meta property=\"article:modified_time\" content=\"2024-07-09T08:48:58+00:00\" \/>\n<meta property=\"og:image\" content=\"https:\/\/test.cosysunday.com\/wp-content\/uploads\/2023\/03\/Leggings-Influencer-SKU-H1-118-05-Cioccolato-Fondente.jpg\" \/>\n\t<meta property=\"og:image:width\" content=\"1800\" \/>\n\t<meta property=\"og:image:height\" content=\"1800\" \/>\n\t<meta property=\"og:image:type\" content=\"image\/jpeg\" \/>\n<meta name=\"twitter:card\" content=\"summary_large_image\" \/>\n<meta name=\"twitter:label1\" content=\"Gesch\u00e4tzte Lesezeit\" \/>\n\t<meta name=\"twitter:data1\" content=\"1\u00a0Minute\" \/>\n<script type=\"application\/ld+json\" class=\"yoast-schema-graph\">{\"@context\":\"https:\\\/\\\/schema.org\",\"@graph\":[{\"@type\":\"WebPage\",\"@id\":\"https:\\\/\\\/test.cosysunday.com\\\/de\\\/produkt\\\/cotton-leggings\\\/\",\"url\":\"https:\\\/\\\/test.cosysunday.com\\\/de\\\/produkt\\\/cotton-leggings\\\/\",\"name\":\"Beste Baumwoll-Leggings kaufen - COSY SUNDAY\",\"isPartOf\":{\"@id\":\"https:\\\/\\\/test.cosysunday.com\\\/#website\"},\"primaryImageOfPage\":{\"@id\":\"https:\\\/\\\/test.cosysunday.com\\\/de\\\/produkt\\\/cotton-leggings\\\/#primaryimage\"},\"image\":{\"@id\":\"https:\\\/\\\/test.cosysunday.com\\\/de\\\/produkt\\\/cotton-leggings\\\/#primaryimage\"},\"thumbnailUrl\":\"https:\\\/\\\/cdn.speedsize.com\\\/f92682dc-7352-42e5-8737-ed80049e205d\\\/test.cosysunday.com\\\/wp-content\\\/uploads\\\/2023\\\/03\\\/Leggings-Influencer-SKU-H1-118-05-Cioccolato-Fondente.jpg\",\"datePublished\":\"2024-03-07T13:04:26+00:00\",\"dateModified\":\"2024-07-09T08:48:58+00:00\",\"description\":\"Holen Sie sich feine Baumwoll-Leggings bei COSY SUNDAY, g\u00f6nnen Sie sich unvergleichlichen Komfort. Mit unseren anpassungsf\u00e4higen und kuscheligen Mustern k\u00f6nnen Sie Ihren Alltagslook aufpeppen und Komfort genie\u00dfen.\",\"breadcrumb\":{\"@id\":\"https:\\\/\\\/test.cosysunday.com\\\/de\\\/produkt\\\/cotton-leggings\\\/#breadcrumb\"},\"inLanguage\":\"de\",\"potentialAction\":[{\"@type\":\"ReadAction\",\"target\":[\"https:\\\/\\\/test.cosysunday.com\\\/de\\\/produkt\\\/cotton-leggings\\\/\"]}]},{\"@type\":\"ImageObject\",\"inLanguage\":\"de\",\"@id\":\"https:\\\/\\\/test.cosysunday.com\\\/de\\\/produkt\\\/cotton-leggings\\\/#primaryimage\",\"url\":\"https:\\\/\\\/cdn.speedsize.com\\\/f92682dc-7352-42e5-8737-ed80049e205d\\\/test.cosysunday.com\\\/wp-content\\\/uploads\\\/2023\\\/03\\\/Leggings-Influencer-SKU-H1-118-05-Cioccolato-Fondente.jpg\",\"contentUrl\":\"https:\\\/\\\/cdn.speedsize.com\\\/f92682dc-7352-42e5-8737-ed80049e205d\\\/test.cosysunday.com\\\/wp-content\\\/uploads\\\/2023\\\/03\\\/Leggings-Influencer-SKU-H1-118-05-Cioccolato-Fondente.jpg\",\"width\":1800,\"height\":1800},{\"@type\":\"BreadcrumbList\",\"@id\":\"https:\\\/\\\/test.cosysunday.com\\\/de\\\/produkt\\\/cotton-leggings\\\/#breadcrumb\",\"itemListElement\":[{\"@type\":\"ListItem\",\"position\":1,\"name\":\"\u0413\u043b\u0430\u0432\u043d\u0430\u044f \u0441\u0442\u0440\u0430\u043d\u0438\u0446\u0430\",\"item\":\"https:\\\/\\\/test.cosysunday.com\\\/de\\\/\"},{\"@type\":\"ListItem\",\"position\":2,\"name\":\"Shop\",\"item\":\"https:\\\/\\\/test.cosysunday.com\\\/shop\\\/\"},{\"@type\":\"ListItem\",\"position\":3,\"name\":\"Leggings aus baumwolle Influencer\"}]},{\"@type\":\"WebSite\",\"@id\":\"https:\\\/\\\/test.cosysunday.com\\\/#website\",\"url\":\"https:\\\/\\\/test.cosysunday.com\\\/\",\"name\":\"COSY SUNDAY\",\"description\":\"Luxury weekend fashion\",\"potentialAction\":[{\"@type\":\"SearchAction\",\"target\":{\"@type\":\"EntryPoint\",\"urlTemplate\":\"https:\\\/\\\/test.cosysunday.com\\\/?s={search_term_string}\"},\"query-input\":{\"@type\":\"PropertyValueSpecification\",\"valueRequired\":true,\"valueName\":\"search_term_string\"}}],\"inLanguage\":\"de\"}]}<\/script>\n<!-- \/ Yoast SEO plugin. -->","yoast_head_json":{"title":"Beste Baumwoll-Leggings kaufen - COSY SUNDAY","description":"Holen Sie sich feine Baumwoll-Leggings bei COSY SUNDAY, g\u00f6nnen Sie sich unvergleichlichen Komfort. Mit unseren anpassungsf\u00e4higen und kuscheligen Mustern k\u00f6nnen Sie Ihren Alltagslook aufpeppen und Komfort genie\u00dfen.","robots":{"index":"noindex","follow":"follow","max-snippet":"max-snippet:-1","max-image-preview":"max-image-preview:large","max-video-preview":"max-video-preview:-1"},"og_locale":"de_DE","og_type":"article","og_title":"Beste Baumwoll-Leggings kaufen - COSY SUNDAY","og_description":"Holen Sie sich feine Baumwoll-Leggings bei COSY SUNDAY, g\u00f6nnen Sie sich unvergleichlichen Komfort. Mit unseren anpassungsf\u00e4higen und kuscheligen Mustern k\u00f6nnen Sie Ihren Alltagslook aufpeppen und Komfort genie\u00dfen.","og_url":"https:\/\/test.cosysunday.com\/de\/produkt\/cotton-leggings\/","og_site_name":"COSY SUNDAY","article_modified_time":"2024-07-09T08:48:58+00:00","og_image":[{"width":1800,"height":1800,"url":"https:\/\/test.cosysunday.com\/wp-content\/uploads\/2023\/03\/Leggings-Influencer-SKU-H1-118-05-Cioccolato-Fondente.jpg","type":"image\/jpeg"}],"twitter_card":"summary_large_image","twitter_misc":{"Gesch\u00e4tzte Lesezeit":"1\u00a0Minute"},"schema":{"@context":"https:\/\/schema.org","@graph":[{"@type":"WebPage","@id":"https:\/\/test.cosysunday.com\/de\/produkt\/cotton-leggings\/","url":"https:\/\/test.cosysunday.com\/de\/produkt\/cotton-leggings\/","name":"Beste Baumwoll-Leggings kaufen - COSY SUNDAY","isPartOf":{"@id":"https:\/\/test.cosysunday.com\/#website"},"primaryImageOfPage":{"@id":"https:\/\/test.cosysunday.com\/de\/produkt\/cotton-leggings\/#primaryimage"},"image":{"@id":"https:\/\/test.cosysunday.com\/de\/produkt\/cotton-leggings\/#primaryimage"},"thumbnailUrl":"https:\/\/cdn.speedsize.com\/f92682dc-7352-42e5-8737-ed80049e205d\/test.cosysunday.com\/wp-content\/uploads\/2023\/03\/Leggings-Influencer-SKU-H1-118-05-Cioccolato-Fondente.jpg","datePublished":"2024-03-07T13:04:26+00:00","dateModified":"2024-07-09T08:48:58+00:00","description":"Holen Sie sich feine Baumwoll-Leggings bei COSY SUNDAY, g\u00f6nnen Sie sich unvergleichlichen Komfort. Mit unseren anpassungsf\u00e4higen und kuscheligen Mustern k\u00f6nnen Sie Ihren Alltagslook aufpeppen und Komfort genie\u00dfen.","breadcrumb":{"@id":"https:\/\/test.cosysunday.com\/de\/produkt\/cotton-leggings\/#breadcrumb"},"inLanguage":"de","potentialAction":[{"@type":"ReadAction","target":["https:\/\/test.cosysunday.com\/de\/produkt\/cotton-leggings\/"]}]},{"@type":"ImageObject","inLanguage":"de","@id":"https:\/\/test.cosysunday.com\/de\/produkt\/cotton-leggings\/#primaryimage","url":"https:\/\/cdn.speedsize.com\/f92682dc-7352-42e5-8737-ed80049e205d\/test.cosysunday.com\/wp-content\/uploads\/2023\/03\/Leggings-Influencer-SKU-H1-118-05-Cioccolato-Fondente.jpg","contentUrl":"https:\/\/cdn.speedsize.com\/f92682dc-7352-42e5-8737-ed80049e205d\/test.cosysunday.com\/wp-content\/uploads\/2023\/03\/Leggings-Influencer-SKU-H1-118-05-Cioccolato-Fondente.jpg","width":1800,"height":1800},{"@type":"BreadcrumbList","@id":"https:\/\/test.cosysunday.com\/de\/produkt\/cotton-leggings\/#breadcrumb","itemListElement":[{"@type":"ListItem","position":1,"name":"\u0413\u043b\u0430\u0432\u043d\u0430\u044f \u0441\u0442\u0440\u0430\u043d\u0438\u0446\u0430","item":"https:\/\/test.cosysunday.com\/de\/"},{"@type":"ListItem","position":2,"name":"Shop","item":"https:\/\/test.cosysunday.com\/shop\/"},{"@type":"ListItem","position":3,"name":"Leggings aus baumwolle Influencer"}]},{"@type":"WebSite","@id":"https:\/\/test.cosysunday.com\/#website","url":"https:\/\/test.cosysunday.com\/","name":"COSY SUNDAY","description":"Luxury weekend fashion","potentialAction":[{"@type":"SearchAction","target":{"@type":"EntryPoint","urlTemplate":"https:\/\/test.cosysunday.com\/?s={search_term_string}"},"query-input":{"@type":"PropertyValueSpecification","valueRequired":true,"valueName":"search_term_string"}}],"inLanguage":"de"}]}},"_links":{"self":[{"href":"https:\/\/test.cosysunday.com\/de\/wp-json\/wp\/v2\/product\/6769","targetHints":{"allow":["GET"]}}],"collection":[{"href":"https:\/\/test.cosysunday.com\/de\/wp-json\/wp\/v2\/product"}],"about":[{"href":"https:\/\/test.cosysunday.com\/de\/wp-json\/wp\/v2\/types\/product"}],"replies":[{"embeddable":true,"href":"https:\/\/test.cosysunday.com\/de\/wp-json\/wp\/v2\/comments?post=6769"}],"wp:featuredmedia":[{"embeddable":true,"href":"https:\/\/test.cosysunday.com\/de\/wp-json\/wp\/v2\/media\/5329"}],"wp:attachment":[{"href":"https:\/\/test.cosysunday.com\/de\/wp-json\/wp\/v2\/media?parent=6769"}],"wp:term":[{"taxonomy":"product_brand","embeddable":true,"href":"https:\/\/test.cosysunday.com\/de\/wp-json\/wp\/v2\/product_brand?post=6769"},{"taxonomy":"product_cat","embeddable":true,"href":"https:\/\/test.cosysunday.com\/de\/wp-json\/wp\/v2\/product_cat?post=6769"},{"taxonomy":"product_tag","embeddable":true,"href":"https:\/\/test.cosysunday.com\/de\/wp-json\/wp\/v2\/product_tag?post=6769"}],"curies":[{"name":"wp","href":"https:\/\/api.w.org\/{rel}","templated":true}]}}