{"id":6760,"date":"2024-03-07T15:04:27","date_gmt":"2024-03-07T13:04:27","guid":{"rendered":"https:\/\/test.cosysunday.com\/product\/innocent\/"},"modified":"2024-07-09T11:34:47","modified_gmt":"2024-07-09T09:34:47","slug":"innocent","status":"publish","type":"product","link":"https:\/\/test.cosysunday.com\/de\/produkt\/innocent\/","title":{"rendered":"Innocent"},"content":{"rendered":"<p>Traceability-QR-Code verf\u00fcgbar<\/p>\n<p><strong>Highlights<\/strong><\/p>\n<p>\u00b7 Kaschmir- und Seidenmischung von Cariaggi<\/p>\n<p>\u00b7 <span style=\"font-weight: 400;\">0% Polyester, was es atmungsaktiver macht und Hautirritationen verhindert.<\/span><\/p>\n<p>\u00b7 100% biologisch abbaubar<\/p>\n<p><strong>Zusammensetzung<\/strong><\/p>\n<p>80% Kaschmir, 20% Seide<\/p>\n<p><img loading=\"lazy\" decoding=\"async\" class=\"\" src=\"https:\/\/cosysunday.odoo.com\/web\/image\/11267-2d718c5e\/certificate%205.jpg?access_token=4dd9558a-4c55-4a22-a359-537209c4db62\" width=\"66\" height=\"66\" \/><img loading=\"lazy\" decoding=\"async\" class=\"\" src=\"https:\/\/cosysunday.odoo.com\/web\/image\/11268-3e8ac6c7\/certificate%2015.jpg?access_token=4036ae76-3ed2-4026-a96d-832bd96ee80a\" width=\"66\" height=\"66\" \/><\/p>\n<p><strong>Waschanleitung<\/strong><\/p>\n<p>Nur chemische Reinigung<\/p>\n<p><strong>Tragen<\/strong><\/p>\n<p>Ganzj\u00e4hrig<\/p>\n","protected":false},"excerpt":{"rendered":"<p><span style=\"font-weight: 400;\"> <span data-sheets-root=\"1\" data-sheets-value=\"{&quot;1&quot;:2,&quot;2&quot;:&quot;Der weichste Pullover in unserer Kollektion, perfekt zum Entspannen zu Hause. Wir nennen ihn den Innocent Sweater wegen seiner reinen und zarten Haptik; Sie werden das ganze Wochenende lang nichts anderes tragen wollen. Dieser Pullover ist am Saum und an den B\u00fcndchen eng anliegend, w\u00e4hrend der offene V-Ausschnitt die Schl\u00fcsselbeinpartie hervorhebt. Kombinieren Sie ihn mit einigen Loungehosen, um zu Hause zu entspannen, oder mit unseren Promenade Pants, um am Wochenende einige Erledigungen zu machen.&quot;}\" data-sheets-userformat=\"{&quot;2&quot;:769,&quot;3&quot;:{&quot;1&quot;:0},&quot;11&quot;:4,&quot;12&quot;:0}\">Der weichste Pullover in unserer Kollektion, perfekt zum Entspannen zu Hause. Wir nennen ihn den Innocent Sweater wegen seiner reinen und zarten Haptik; Sie werden das ganze Wochenende lang nichts anderes tragen wollen. Dieser Pullover ist am Saum und an den B\u00fcndchen eng anliegend, w\u00e4hrend der offene V-Ausschnitt die Schl\u00fcsselbeinpartie hervorhebt. Kombinieren Sie ihn mit einigen Loungehosen, um zu Hause zu entspannen, oder mit unseren Promenade Pants, um am Wochenende einige Erledigungen zu machen.<\/span><\/span><span style=\"font-weight: 400;\"><br \/>\n<\/span><\/p>\n","protected":false},"featured_media":5548,"comment_status":"open","ping_status":"closed","template":"","meta":[],"product_brand":[],"product_cat":[233,234,236,243,295,308],"product_tag":[246],"class_list":{"0":"post-6760","1":"product","2":"type-product","3":"status-publish","4":"has-post-thumbnail","6":"product_cat-top-women-de","7":"product_cat-new-in-women-de","8":"product_cat-frauen","9":"product_cat-knitwear-women-de","10":"product_cat-strase","11":"product_cat-sweatshirt-de","12":"product_tag-geschenk-1","14":"first","15":"instock","16":"sold-individually","17":"taxable","18":"shipping-taxable","19":"purchasable","20":"product-type-variable","21":"has-default-attributes"},"acf":[],"yoast_head":"<!-- This site is optimized with the Yoast SEO plugin v27.5 - https:\/\/yoast.com\/product\/yoast-seo-wordpress\/ -->\n<title>Innocent - COSY SUNDAY<\/title>\n<meta name=\"robots\" content=\"noindex, follow, max-snippet:-1, max-image-preview:large, max-video-preview:-1\" \/>\n<meta property=\"og:locale\" content=\"de_DE\" \/>\n<meta property=\"og:type\" content=\"article\" \/>\n<meta property=\"og:title\" content=\"Innocent - COSY SUNDAY\" \/>\n<meta property=\"og:description\" content=\"Der weichste Pullover in unserer Kollektion, perfekt zum Entspannen zu Hause. Wir nennen ihn den Innocent Sweater wegen seiner reinen und zarten Haptik; Sie werden das ganze Wochenende lang nichts anderes tragen wollen. Dieser Pullover ist am Saum und an den B\u00fcndchen eng anliegend, w\u00e4hrend der offene V-Ausschnitt die Schl\u00fcsselbeinpartie hervorhebt. Kombinieren Sie ihn mit einigen Loungehosen, um zu Hause zu entspannen, oder mit unseren Promenade Pants, um am Wochenende einige Erledigungen zu machen.\" \/>\n<meta property=\"og:url\" content=\"https:\/\/test.cosysunday.com\/de\/produkt\/innocent\/\" \/>\n<meta property=\"og:site_name\" content=\"COSY SUNDAY\" \/>\n<meta property=\"article:modified_time\" content=\"2024-07-09T09:34:47+00:00\" \/>\n<meta property=\"og:image\" content=\"https:\/\/test.cosysunday.com\/wp-content\/uploads\/2023\/03\/Sweater-Innocent-SKU-S1-012-00-Optic-White.jpg\" \/>\n\t<meta property=\"og:image:width\" content=\"1800\" \/>\n\t<meta property=\"og:image:height\" content=\"1800\" \/>\n\t<meta property=\"og:image:type\" content=\"image\/jpeg\" \/>\n<meta name=\"twitter:card\" content=\"summary_large_image\" \/>\n<meta name=\"twitter:label1\" content=\"Gesch\u00e4tzte Lesezeit\" \/>\n\t<meta name=\"twitter:data1\" content=\"1\u00a0Minute\" \/>\n<script type=\"application\/ld+json\" class=\"yoast-schema-graph\">{\"@context\":\"https:\\\/\\\/schema.org\",\"@graph\":[{\"@type\":\"WebPage\",\"@id\":\"https:\\\/\\\/test.cosysunday.com\\\/de\\\/produkt\\\/innocent\\\/\",\"url\":\"https:\\\/\\\/test.cosysunday.com\\\/de\\\/produkt\\\/innocent\\\/\",\"name\":\"Innocent - COSY SUNDAY\",\"isPartOf\":{\"@id\":\"https:\\\/\\\/test.cosysunday.com\\\/#website\"},\"primaryImageOfPage\":{\"@id\":\"https:\\\/\\\/test.cosysunday.com\\\/de\\\/produkt\\\/innocent\\\/#primaryimage\"},\"image\":{\"@id\":\"https:\\\/\\\/test.cosysunday.com\\\/de\\\/produkt\\\/innocent\\\/#primaryimage\"},\"thumbnailUrl\":\"https:\\\/\\\/cdn.speedsize.com\\\/f92682dc-7352-42e5-8737-ed80049e205d\\\/test.cosysunday.com\\\/wp-content\\\/uploads\\\/2023\\\/03\\\/Sweater-Innocent-SKU-S1-012-00-Optic-White.jpg\",\"datePublished\":\"2024-03-07T13:04:27+00:00\",\"dateModified\":\"2024-07-09T09:34:47+00:00\",\"breadcrumb\":{\"@id\":\"https:\\\/\\\/test.cosysunday.com\\\/de\\\/produkt\\\/innocent\\\/#breadcrumb\"},\"inLanguage\":\"de\",\"potentialAction\":[{\"@type\":\"ReadAction\",\"target\":[\"https:\\\/\\\/test.cosysunday.com\\\/de\\\/produkt\\\/innocent\\\/\"]}]},{\"@type\":\"ImageObject\",\"inLanguage\":\"de\",\"@id\":\"https:\\\/\\\/test.cosysunday.com\\\/de\\\/produkt\\\/innocent\\\/#primaryimage\",\"url\":\"https:\\\/\\\/cdn.speedsize.com\\\/f92682dc-7352-42e5-8737-ed80049e205d\\\/test.cosysunday.com\\\/wp-content\\\/uploads\\\/2023\\\/03\\\/Sweater-Innocent-SKU-S1-012-00-Optic-White.jpg\",\"contentUrl\":\"https:\\\/\\\/cdn.speedsize.com\\\/f92682dc-7352-42e5-8737-ed80049e205d\\\/test.cosysunday.com\\\/wp-content\\\/uploads\\\/2023\\\/03\\\/Sweater-Innocent-SKU-S1-012-00-Optic-White.jpg\",\"width\":1800,\"height\":1800},{\"@type\":\"BreadcrumbList\",\"@id\":\"https:\\\/\\\/test.cosysunday.com\\\/de\\\/produkt\\\/innocent\\\/#breadcrumb\",\"itemListElement\":[{\"@type\":\"ListItem\",\"position\":1,\"name\":\"\u0413\u043b\u0430\u0432\u043d\u0430\u044f \u0441\u0442\u0440\u0430\u043d\u0438\u0446\u0430\",\"item\":\"https:\\\/\\\/test.cosysunday.com\\\/de\\\/\"},{\"@type\":\"ListItem\",\"position\":2,\"name\":\"Shop\",\"item\":\"https:\\\/\\\/test.cosysunday.com\\\/shop\\\/\"},{\"@type\":\"ListItem\",\"position\":3,\"name\":\"Innocent\"}]},{\"@type\":\"WebSite\",\"@id\":\"https:\\\/\\\/test.cosysunday.com\\\/#website\",\"url\":\"https:\\\/\\\/test.cosysunday.com\\\/\",\"name\":\"COSY SUNDAY\",\"description\":\"Luxury weekend fashion\",\"potentialAction\":[{\"@type\":\"SearchAction\",\"target\":{\"@type\":\"EntryPoint\",\"urlTemplate\":\"https:\\\/\\\/test.cosysunday.com\\\/?s={search_term_string}\"},\"query-input\":{\"@type\":\"PropertyValueSpecification\",\"valueRequired\":true,\"valueName\":\"search_term_string\"}}],\"inLanguage\":\"de\"}]}<\/script>\n<!-- \/ Yoast SEO plugin. -->","yoast_head_json":{"title":"Innocent - COSY SUNDAY","robots":{"index":"noindex","follow":"follow","max-snippet":"max-snippet:-1","max-image-preview":"max-image-preview:large","max-video-preview":"max-video-preview:-1"},"og_locale":"de_DE","og_type":"article","og_title":"Innocent - COSY SUNDAY","og_description":"Der weichste Pullover in unserer Kollektion, perfekt zum Entspannen zu Hause. Wir nennen ihn den Innocent Sweater wegen seiner reinen und zarten Haptik; Sie werden das ganze Wochenende lang nichts anderes tragen wollen. Dieser Pullover ist am Saum und an den B\u00fcndchen eng anliegend, w\u00e4hrend der offene V-Ausschnitt die Schl\u00fcsselbeinpartie hervorhebt. Kombinieren Sie ihn mit einigen Loungehosen, um zu Hause zu entspannen, oder mit unseren Promenade Pants, um am Wochenende einige Erledigungen zu machen.","og_url":"https:\/\/test.cosysunday.com\/de\/produkt\/innocent\/","og_site_name":"COSY SUNDAY","article_modified_time":"2024-07-09T09:34:47+00:00","og_image":[{"width":1800,"height":1800,"url":"https:\/\/test.cosysunday.com\/wp-content\/uploads\/2023\/03\/Sweater-Innocent-SKU-S1-012-00-Optic-White.jpg","type":"image\/jpeg"}],"twitter_card":"summary_large_image","twitter_misc":{"Gesch\u00e4tzte Lesezeit":"1\u00a0Minute"},"schema":{"@context":"https:\/\/schema.org","@graph":[{"@type":"WebPage","@id":"https:\/\/test.cosysunday.com\/de\/produkt\/innocent\/","url":"https:\/\/test.cosysunday.com\/de\/produkt\/innocent\/","name":"Innocent - COSY SUNDAY","isPartOf":{"@id":"https:\/\/test.cosysunday.com\/#website"},"primaryImageOfPage":{"@id":"https:\/\/test.cosysunday.com\/de\/produkt\/innocent\/#primaryimage"},"image":{"@id":"https:\/\/test.cosysunday.com\/de\/produkt\/innocent\/#primaryimage"},"thumbnailUrl":"https:\/\/cdn.speedsize.com\/f92682dc-7352-42e5-8737-ed80049e205d\/test.cosysunday.com\/wp-content\/uploads\/2023\/03\/Sweater-Innocent-SKU-S1-012-00-Optic-White.jpg","datePublished":"2024-03-07T13:04:27+00:00","dateModified":"2024-07-09T09:34:47+00:00","breadcrumb":{"@id":"https:\/\/test.cosysunday.com\/de\/produkt\/innocent\/#breadcrumb"},"inLanguage":"de","potentialAction":[{"@type":"ReadAction","target":["https:\/\/test.cosysunday.com\/de\/produkt\/innocent\/"]}]},{"@type":"ImageObject","inLanguage":"de","@id":"https:\/\/test.cosysunday.com\/de\/produkt\/innocent\/#primaryimage","url":"https:\/\/cdn.speedsize.com\/f92682dc-7352-42e5-8737-ed80049e205d\/test.cosysunday.com\/wp-content\/uploads\/2023\/03\/Sweater-Innocent-SKU-S1-012-00-Optic-White.jpg","contentUrl":"https:\/\/cdn.speedsize.com\/f92682dc-7352-42e5-8737-ed80049e205d\/test.cosysunday.com\/wp-content\/uploads\/2023\/03\/Sweater-Innocent-SKU-S1-012-00-Optic-White.jpg","width":1800,"height":1800},{"@type":"BreadcrumbList","@id":"https:\/\/test.cosysunday.com\/de\/produkt\/innocent\/#breadcrumb","itemListElement":[{"@type":"ListItem","position":1,"name":"\u0413\u043b\u0430\u0432\u043d\u0430\u044f \u0441\u0442\u0440\u0430\u043d\u0438\u0446\u0430","item":"https:\/\/test.cosysunday.com\/de\/"},{"@type":"ListItem","position":2,"name":"Shop","item":"https:\/\/test.cosysunday.com\/shop\/"},{"@type":"ListItem","position":3,"name":"Innocent"}]},{"@type":"WebSite","@id":"https:\/\/test.cosysunday.com\/#website","url":"https:\/\/test.cosysunday.com\/","name":"COSY SUNDAY","description":"Luxury weekend fashion","potentialAction":[{"@type":"SearchAction","target":{"@type":"EntryPoint","urlTemplate":"https:\/\/test.cosysunday.com\/?s={search_term_string}"},"query-input":{"@type":"PropertyValueSpecification","valueRequired":true,"valueName":"search_term_string"}}],"inLanguage":"de"}]}},"_links":{"self":[{"href":"https:\/\/test.cosysunday.com\/de\/wp-json\/wp\/v2\/product\/6760","targetHints":{"allow":["GET"]}}],"collection":[{"href":"https:\/\/test.cosysunday.com\/de\/wp-json\/wp\/v2\/product"}],"about":[{"href":"https:\/\/test.cosysunday.com\/de\/wp-json\/wp\/v2\/types\/product"}],"replies":[{"embeddable":true,"href":"https:\/\/test.cosysunday.com\/de\/wp-json\/wp\/v2\/comments?post=6760"}],"wp:featuredmedia":[{"embeddable":true,"href":"https:\/\/test.cosysunday.com\/de\/wp-json\/wp\/v2\/media\/5548"}],"wp:attachment":[{"href":"https:\/\/test.cosysunday.com\/de\/wp-json\/wp\/v2\/media?parent=6760"}],"wp:term":[{"taxonomy":"product_brand","embeddable":true,"href":"https:\/\/test.cosysunday.com\/de\/wp-json\/wp\/v2\/product_brand?post=6760"},{"taxonomy":"product_cat","embeddable":true,"href":"https:\/\/test.cosysunday.com\/de\/wp-json\/wp\/v2\/product_cat?post=6760"},{"taxonomy":"product_tag","embeddable":true,"href":"https:\/\/test.cosysunday.com\/de\/wp-json\/wp\/v2\/product_tag?post=6760"}],"curies":[{"name":"wp","href":"https:\/\/api.w.org\/{rel}","templated":true}]}}