{"id":6755,"date":"2024-03-07T15:04:29","date_gmt":"2024-03-07T13:04:29","guid":{"rendered":"https:\/\/test.cosysunday.com\/product\/key-biscayne\/"},"modified":"2024-07-09T11:59:58","modified_gmt":"2024-07-09T09:59:58","slug":"womens-bermuda-shorts","status":"publish","type":"product","link":"https:\/\/test.cosysunday.com\/de\/produkt\/womens-bermuda-shorts\/","title":{"rendered":"Key Biscayne"},"content":{"rendered":"<p>Traceability-QR-Code verf\u00fcgbar<\/p>\n<p><strong>Highlights<\/strong><\/p>\n<p>\u00b7 Seide, produziert am Comer See in Italien<\/p>\n<p>\u00b7 atmungsaktiv und hautvertr\u00e4glich (0% synthetische Fasern)<\/p>\n<p>leicht flexibler Stoff<\/p>\n<p><strong>Zusammensetzung<\/strong><\/p>\n<p>94% Seide, 6% Elastan<\/p>\n<p><img loading=\"lazy\" decoding=\"async\" class=\"alignnone wp-image-9998\" src=\"https:\/\/test.cosysunday.com\/wp-content\/uploads\/2023\/03\/certificate-17-300x300.jpg\" alt=\"\" width=\"66\" height=\"66\" \/> <img loading=\"lazy\" decoding=\"async\" class=\"alignnone wp-image-9999\" src=\"https:\/\/test.cosysunday.com\/wp-content\/uploads\/2023\/03\/certificate-18-300x300.jpg\" alt=\"\" width=\"66\" height=\"66\" \/><\/p>\n<p><strong>Waschanleitung<\/strong><\/p>\n<p>nur chemische Reinigung<\/p>\n<p><strong>Tragen<\/strong><\/p>\n<p>ganzj\u00e4hrig<\/p>\n","protected":false},"excerpt":{"rendered":"<p><span data-sheets-root=\"1\" data-sheets-value=\"{&quot;1&quot;:2,&quot;2&quot;:&quot;Tauchen Sie ein in die Stimmung eines Miami-Sonnenuntergangs in diesen luftigen Bermuda-Shorts. Aus Seide gefertigt, sind sie leicht, fallen wundersch\u00f6n und haben einen atemberaubenden Glanz im direkten Sonnenlicht. Eine komfortable und elegante Option f\u00fcr die Urlaubsreise. Sie lassen sich einfach kombinieren und verleihen jedem Outfit, selbst mit einem einfachen Oberteil, einen Hauch von Raffinesse.&quot;}\" data-sheets-userformat=\"{&quot;2&quot;:769,&quot;3&quot;:{&quot;1&quot;:0},&quot;11&quot;:4,&quot;12&quot;:0}\">Tauchen Sie ein in die Stimmung eines Miami-Sonnenuntergangs in diesen luftigen Bermuda-Shorts. Aus Seide gefertigt, sind sie leicht, fallen wundersch\u00f6n und haben einen atemberaubenden Glanz im direkten Sonnenlicht. Eine komfortable und elegante Option f\u00fcr die Urlaubsreise. Sie lassen sich einfach kombinieren und verleihen jedem Outfit, selbst mit einem einfachen Oberteil, einen Hauch von Raffinesse.<\/span><\/p>\n","protected":false},"featured_media":5540,"comment_status":"open","ping_status":"closed","template":"","meta":[],"product_brand":[],"product_cat":[234,236,245,250,281,287,295],"product_tag":[],"class_list":{"0":"post-6755","1":"product","2":"type-product","3":"status-publish","4":"has-post-thumbnail","6":"product_cat-new-in-women-de","7":"product_cat-frauen","8":"product_cat-summer-de","9":"product_cat-silk-pajama-pant-de","10":"product_cat-urlaubsort","11":"product_cat-bottom-women-de","12":"product_cat-strase","14":"first","15":"instock","16":"sold-individually","17":"taxable","18":"shipping-taxable","19":"purchasable","20":"product-type-variable","21":"has-default-attributes"},"acf":[],"yoast_head":"<!-- This site is optimized with the Yoast SEO plugin v27.5 - https:\/\/yoast.com\/product\/yoast-seo-wordpress\/ -->\n<title>Bermudashorts f\u00fcr Damen - COSY SUNDAY<\/title>\n<meta name=\"description\" content=\"Erleben Sie unbeschwerte Sommergef\u00fchle bei COSY SUNDAY mit unseren Bermudashorts f\u00fcr Damen. Diese anpassungsf\u00e4higen Shorts vereinen Komfort und Stil und sind somit ideal.\" \/>\n<meta name=\"robots\" content=\"noindex, follow, max-snippet:-1, max-image-preview:large, max-video-preview:-1\" \/>\n<meta property=\"og:locale\" content=\"de_DE\" \/>\n<meta property=\"og:type\" content=\"article\" \/>\n<meta property=\"og:title\" content=\"Bermudashorts f\u00fcr Damen - COSY SUNDAY\" \/>\n<meta property=\"og:description\" content=\"Erleben Sie unbeschwerte Sommergef\u00fchle bei COSY SUNDAY mit unseren Bermudashorts f\u00fcr Damen. Diese anpassungsf\u00e4higen Shorts vereinen Komfort und Stil und sind somit ideal.\" \/>\n<meta property=\"og:url\" content=\"https:\/\/test.cosysunday.com\/de\/produkt\/womens-bermuda-shorts\/\" \/>\n<meta property=\"og:site_name\" content=\"COSY SUNDAY\" \/>\n<meta property=\"article:modified_time\" content=\"2024-07-09T09:59:58+00:00\" \/>\n<meta property=\"og:image\" content=\"https:\/\/test.cosysunday.com\/wp-content\/uploads\/2023\/03\/Shorts-Key-Biscayne-SKU-S2-211-03-Biscotto.jpg\" \/>\n\t<meta property=\"og:image:width\" content=\"1800\" \/>\n\t<meta property=\"og:image:height\" content=\"1800\" \/>\n\t<meta property=\"og:image:type\" content=\"image\/jpeg\" \/>\n<meta name=\"twitter:card\" content=\"summary_large_image\" \/>\n<meta name=\"twitter:label1\" content=\"Gesch\u00e4tzte Lesezeit\" \/>\n\t<meta name=\"twitter:data1\" content=\"1\u00a0Minute\" \/>\n<script type=\"application\/ld+json\" class=\"yoast-schema-graph\">{\"@context\":\"https:\\\/\\\/schema.org\",\"@graph\":[{\"@type\":\"WebPage\",\"@id\":\"https:\\\/\\\/test.cosysunday.com\\\/de\\\/produkt\\\/womens-bermuda-shorts\\\/\",\"url\":\"https:\\\/\\\/test.cosysunday.com\\\/de\\\/produkt\\\/womens-bermuda-shorts\\\/\",\"name\":\"Bermudashorts f\u00fcr Damen - COSY SUNDAY\",\"isPartOf\":{\"@id\":\"https:\\\/\\\/test.cosysunday.com\\\/#website\"},\"primaryImageOfPage\":{\"@id\":\"https:\\\/\\\/test.cosysunday.com\\\/de\\\/produkt\\\/womens-bermuda-shorts\\\/#primaryimage\"},\"image\":{\"@id\":\"https:\\\/\\\/test.cosysunday.com\\\/de\\\/produkt\\\/womens-bermuda-shorts\\\/#primaryimage\"},\"thumbnailUrl\":\"https:\\\/\\\/cdn.speedsize.com\\\/f92682dc-7352-42e5-8737-ed80049e205d\\\/test.cosysunday.com\\\/wp-content\\\/uploads\\\/2023\\\/03\\\/Shorts-Key-Biscayne-SKU-S2-211-03-Biscotto.jpg\",\"datePublished\":\"2024-03-07T13:04:29+00:00\",\"dateModified\":\"2024-07-09T09:59:58+00:00\",\"description\":\"Erleben Sie unbeschwerte Sommergef\u00fchle bei COSY SUNDAY mit unseren Bermudashorts f\u00fcr Damen. Diese anpassungsf\u00e4higen Shorts vereinen Komfort und Stil und sind somit ideal.\",\"breadcrumb\":{\"@id\":\"https:\\\/\\\/test.cosysunday.com\\\/de\\\/produkt\\\/womens-bermuda-shorts\\\/#breadcrumb\"},\"inLanguage\":\"de\",\"potentialAction\":[{\"@type\":\"ReadAction\",\"target\":[\"https:\\\/\\\/test.cosysunday.com\\\/de\\\/produkt\\\/womens-bermuda-shorts\\\/\"]}]},{\"@type\":\"ImageObject\",\"inLanguage\":\"de\",\"@id\":\"https:\\\/\\\/test.cosysunday.com\\\/de\\\/produkt\\\/womens-bermuda-shorts\\\/#primaryimage\",\"url\":\"https:\\\/\\\/cdn.speedsize.com\\\/f92682dc-7352-42e5-8737-ed80049e205d\\\/test.cosysunday.com\\\/wp-content\\\/uploads\\\/2023\\\/03\\\/Shorts-Key-Biscayne-SKU-S2-211-03-Biscotto.jpg\",\"contentUrl\":\"https:\\\/\\\/cdn.speedsize.com\\\/f92682dc-7352-42e5-8737-ed80049e205d\\\/test.cosysunday.com\\\/wp-content\\\/uploads\\\/2023\\\/03\\\/Shorts-Key-Biscayne-SKU-S2-211-03-Biscotto.jpg\",\"width\":1800,\"height\":1800},{\"@type\":\"BreadcrumbList\",\"@id\":\"https:\\\/\\\/test.cosysunday.com\\\/de\\\/produkt\\\/womens-bermuda-shorts\\\/#breadcrumb\",\"itemListElement\":[{\"@type\":\"ListItem\",\"position\":1,\"name\":\"\u0413\u043b\u0430\u0432\u043d\u0430\u044f \u0441\u0442\u0440\u0430\u043d\u0438\u0446\u0430\",\"item\":\"https:\\\/\\\/test.cosysunday.com\\\/de\\\/\"},{\"@type\":\"ListItem\",\"position\":2,\"name\":\"Shop\",\"item\":\"https:\\\/\\\/test.cosysunday.com\\\/shop\\\/\"},{\"@type\":\"ListItem\",\"position\":3,\"name\":\"Key Biscayne\"}]},{\"@type\":\"WebSite\",\"@id\":\"https:\\\/\\\/test.cosysunday.com\\\/#website\",\"url\":\"https:\\\/\\\/test.cosysunday.com\\\/\",\"name\":\"COSY SUNDAY\",\"description\":\"Luxury weekend fashion\",\"potentialAction\":[{\"@type\":\"SearchAction\",\"target\":{\"@type\":\"EntryPoint\",\"urlTemplate\":\"https:\\\/\\\/test.cosysunday.com\\\/?s={search_term_string}\"},\"query-input\":{\"@type\":\"PropertyValueSpecification\",\"valueRequired\":true,\"valueName\":\"search_term_string\"}}],\"inLanguage\":\"de\"}]}<\/script>\n<!-- \/ Yoast SEO plugin. -->","yoast_head_json":{"title":"Bermudashorts f\u00fcr Damen - COSY SUNDAY","description":"Erleben Sie unbeschwerte Sommergef\u00fchle bei COSY SUNDAY mit unseren Bermudashorts f\u00fcr Damen. Diese anpassungsf\u00e4higen Shorts vereinen Komfort und Stil und sind somit ideal.","robots":{"index":"noindex","follow":"follow","max-snippet":"max-snippet:-1","max-image-preview":"max-image-preview:large","max-video-preview":"max-video-preview:-1"},"og_locale":"de_DE","og_type":"article","og_title":"Bermudashorts f\u00fcr Damen - COSY SUNDAY","og_description":"Erleben Sie unbeschwerte Sommergef\u00fchle bei COSY SUNDAY mit unseren Bermudashorts f\u00fcr Damen. Diese anpassungsf\u00e4higen Shorts vereinen Komfort und Stil und sind somit ideal.","og_url":"https:\/\/test.cosysunday.com\/de\/produkt\/womens-bermuda-shorts\/","og_site_name":"COSY SUNDAY","article_modified_time":"2024-07-09T09:59:58+00:00","og_image":[{"width":1800,"height":1800,"url":"https:\/\/test.cosysunday.com\/wp-content\/uploads\/2023\/03\/Shorts-Key-Biscayne-SKU-S2-211-03-Biscotto.jpg","type":"image\/jpeg"}],"twitter_card":"summary_large_image","twitter_misc":{"Gesch\u00e4tzte Lesezeit":"1\u00a0Minute"},"schema":{"@context":"https:\/\/schema.org","@graph":[{"@type":"WebPage","@id":"https:\/\/test.cosysunday.com\/de\/produkt\/womens-bermuda-shorts\/","url":"https:\/\/test.cosysunday.com\/de\/produkt\/womens-bermuda-shorts\/","name":"Bermudashorts f\u00fcr Damen - COSY SUNDAY","isPartOf":{"@id":"https:\/\/test.cosysunday.com\/#website"},"primaryImageOfPage":{"@id":"https:\/\/test.cosysunday.com\/de\/produkt\/womens-bermuda-shorts\/#primaryimage"},"image":{"@id":"https:\/\/test.cosysunday.com\/de\/produkt\/womens-bermuda-shorts\/#primaryimage"},"thumbnailUrl":"https:\/\/cdn.speedsize.com\/f92682dc-7352-42e5-8737-ed80049e205d\/test.cosysunday.com\/wp-content\/uploads\/2023\/03\/Shorts-Key-Biscayne-SKU-S2-211-03-Biscotto.jpg","datePublished":"2024-03-07T13:04:29+00:00","dateModified":"2024-07-09T09:59:58+00:00","description":"Erleben Sie unbeschwerte Sommergef\u00fchle bei COSY SUNDAY mit unseren Bermudashorts f\u00fcr Damen. Diese anpassungsf\u00e4higen Shorts vereinen Komfort und Stil und sind somit ideal.","breadcrumb":{"@id":"https:\/\/test.cosysunday.com\/de\/produkt\/womens-bermuda-shorts\/#breadcrumb"},"inLanguage":"de","potentialAction":[{"@type":"ReadAction","target":["https:\/\/test.cosysunday.com\/de\/produkt\/womens-bermuda-shorts\/"]}]},{"@type":"ImageObject","inLanguage":"de","@id":"https:\/\/test.cosysunday.com\/de\/produkt\/womens-bermuda-shorts\/#primaryimage","url":"https:\/\/cdn.speedsize.com\/f92682dc-7352-42e5-8737-ed80049e205d\/test.cosysunday.com\/wp-content\/uploads\/2023\/03\/Shorts-Key-Biscayne-SKU-S2-211-03-Biscotto.jpg","contentUrl":"https:\/\/cdn.speedsize.com\/f92682dc-7352-42e5-8737-ed80049e205d\/test.cosysunday.com\/wp-content\/uploads\/2023\/03\/Shorts-Key-Biscayne-SKU-S2-211-03-Biscotto.jpg","width":1800,"height":1800},{"@type":"BreadcrumbList","@id":"https:\/\/test.cosysunday.com\/de\/produkt\/womens-bermuda-shorts\/#breadcrumb","itemListElement":[{"@type":"ListItem","position":1,"name":"\u0413\u043b\u0430\u0432\u043d\u0430\u044f \u0441\u0442\u0440\u0430\u043d\u0438\u0446\u0430","item":"https:\/\/test.cosysunday.com\/de\/"},{"@type":"ListItem","position":2,"name":"Shop","item":"https:\/\/test.cosysunday.com\/shop\/"},{"@type":"ListItem","position":3,"name":"Key Biscayne"}]},{"@type":"WebSite","@id":"https:\/\/test.cosysunday.com\/#website","url":"https:\/\/test.cosysunday.com\/","name":"COSY SUNDAY","description":"Luxury weekend fashion","potentialAction":[{"@type":"SearchAction","target":{"@type":"EntryPoint","urlTemplate":"https:\/\/test.cosysunday.com\/?s={search_term_string}"},"query-input":{"@type":"PropertyValueSpecification","valueRequired":true,"valueName":"search_term_string"}}],"inLanguage":"de"}]}},"_links":{"self":[{"href":"https:\/\/test.cosysunday.com\/de\/wp-json\/wp\/v2\/product\/6755","targetHints":{"allow":["GET"]}}],"collection":[{"href":"https:\/\/test.cosysunday.com\/de\/wp-json\/wp\/v2\/product"}],"about":[{"href":"https:\/\/test.cosysunday.com\/de\/wp-json\/wp\/v2\/types\/product"}],"replies":[{"embeddable":true,"href":"https:\/\/test.cosysunday.com\/de\/wp-json\/wp\/v2\/comments?post=6755"}],"wp:featuredmedia":[{"embeddable":true,"href":"https:\/\/test.cosysunday.com\/de\/wp-json\/wp\/v2\/media\/5540"}],"wp:attachment":[{"href":"https:\/\/test.cosysunday.com\/de\/wp-json\/wp\/v2\/media?parent=6755"}],"wp:term":[{"taxonomy":"product_brand","embeddable":true,"href":"https:\/\/test.cosysunday.com\/de\/wp-json\/wp\/v2\/product_brand?post=6755"},{"taxonomy":"product_cat","embeddable":true,"href":"https:\/\/test.cosysunday.com\/de\/wp-json\/wp\/v2\/product_cat?post=6755"},{"taxonomy":"product_tag","embeddable":true,"href":"https:\/\/test.cosysunday.com\/de\/wp-json\/wp\/v2\/product_tag?post=6755"}],"curies":[{"name":"wp","href":"https:\/\/api.w.org\/{rel}","templated":true}]}}