{"id":6739,"date":"2024-03-07T15:21:44","date_gmt":"2024-03-07T13:21:44","guid":{"rendered":"https:\/\/test.cosysunday.com\/product\/cosy\/"},"modified":"2024-07-09T11:36:51","modified_gmt":"2024-07-09T09:36:51","slug":"cosy","status":"publish","type":"product","link":"https:\/\/test.cosysunday.com\/de\/produkt\/cosy\/","title":{"rendered":"COSY"},"content":{"rendered":"<p>Traceability-QR-Code verf\u00fcgbar<\/p>\n<p><strong>Highlights<\/strong><\/p>\n<p>\u00b7 COSY SUNDAY Monogramm<\/p>\n<p>\u00b7 zeitloses Design<\/p>\n<p>&#8211; L\u00e4nge 190cm<\/p>\n<p>&#8211; Breite 145cm<\/p>\n<p><strong>Zusammensetzung<\/strong><\/p>\n<p>100% Kaschmir<\/p>\n<p>&nbsp;<\/p>\n<p><strong>Waschanleitung<\/strong><\/p>\n<p>nur chemische Reinigung<\/p>\n<p><strong>Tragen<\/strong><\/p>\n<p>ganzj\u00e4hrig<\/p>\n","protected":false},"excerpt":{"rendered":"<p><span data-sheets-root=\"1\" data-sheets-value=\"{&quot;1&quot;:2,&quot;2&quot;:&quot;Aus zartem italienischem Kaschmir gefertigt, hat diese Decke das traditionelle COSY SUNDAY Monogrammmuster. Sie ist das perfekte Accessoire f\u00fcr ein gro\u00dfes Doppelbett oder eine L-f\u00f6rmige Couch. Die Dimensionen der Decke bieten bequem Platz f\u00fcr zwei Erwachsene. Die Farbe passt zu fast jeder Einrichtung, und das Muster f\u00fcgt Ihrem Zuhause ein klassisches, aber auff\u00e4lliges Detail hinzu.&quot;}\" data-sheets-userformat=\"{&quot;2&quot;:769,&quot;3&quot;:{&quot;1&quot;:0},&quot;11&quot;:4,&quot;12&quot;:0}\">Aus zartem italienischem Kaschmir gefertigt, hat diese Decke das traditionelle COSY SUNDAY Monogrammmuster. Sie ist das perfekte Accessoire f\u00fcr ein gro\u00dfes Doppelbett oder eine L-f\u00f6rmige Couch. Die Dimensionen der Decke bieten bequem Platz f\u00fcr zwei Erwachsene. Die Farbe passt zu fast jeder Einrichtung, und das Muster f\u00fcgt Ihrem Zuhause ein klassisches, aber auff\u00e4lliges Detail hinzu.<\/span><\/p>\n","protected":false},"featured_media":4870,"comment_status":"open","ping_status":"closed","template":"","meta":[],"product_brand":[],"product_cat":[234,236,299,300],"product_tag":[284],"class_list":{"0":"post-6739","1":"product","2":"type-product","3":"status-publish","4":"has-post-thumbnail","6":"product_cat-new-in-women-de","7":"product_cat-frauen","8":"product_cat-bettdecke-de","9":"product_cat-lebensstil","10":"product_tag-geschenk-3","12":"first","13":"instock","14":"sold-individually","15":"taxable","16":"shipping-taxable","17":"purchasable","18":"product-type-variable","19":"has-default-attributes"},"acf":[],"yoast_head":"<!-- This site is optimized with the Yoast SEO plugin v27.5 - https:\/\/yoast.com\/product\/yoast-seo-wordpress\/ -->\n<title>COSY - COSY SUNDAY<\/title>\n<meta name=\"robots\" content=\"noindex, follow, max-snippet:-1, max-image-preview:large, max-video-preview:-1\" \/>\n<meta property=\"og:locale\" content=\"de_DE\" \/>\n<meta property=\"og:type\" content=\"article\" \/>\n<meta property=\"og:title\" content=\"COSY - COSY SUNDAY\" \/>\n<meta property=\"og:description\" content=\"Aus zartem italienischem Kaschmir gefertigt, hat diese Decke das traditionelle COSY SUNDAY Monogrammmuster. Sie ist das perfekte Accessoire f\u00fcr ein gro\u00dfes Doppelbett oder eine L-f\u00f6rmige Couch. Die Dimensionen der Decke bieten bequem Platz f\u00fcr zwei Erwachsene. Die Farbe passt zu fast jeder Einrichtung, und das Muster f\u00fcgt Ihrem Zuhause ein klassisches, aber auff\u00e4lliges Detail hinzu.\" \/>\n<meta property=\"og:url\" content=\"https:\/\/test.cosysunday.com\/de\/produkt\/cosy\/\" \/>\n<meta property=\"og:site_name\" content=\"COSY SUNDAY\" \/>\n<meta property=\"article:modified_time\" content=\"2024-07-09T09:36:51+00:00\" \/>\n<meta property=\"og:image\" content=\"https:\/\/test.cosysunday.com\/wp-content\/uploads\/2023\/03\/Blanket-COSY-SKU-L1-001-09-Off-white_Biscotto.jpg\" \/>\n\t<meta property=\"og:image:width\" content=\"1800\" \/>\n\t<meta property=\"og:image:height\" content=\"1800\" \/>\n\t<meta property=\"og:image:type\" content=\"image\/jpeg\" \/>\n<meta name=\"twitter:card\" content=\"summary_large_image\" \/>\n<meta name=\"twitter:label1\" content=\"Gesch\u00e4tzte Lesezeit\" \/>\n\t<meta name=\"twitter:data1\" content=\"1\u00a0Minute\" \/>\n<script type=\"application\/ld+json\" class=\"yoast-schema-graph\">{\"@context\":\"https:\\\/\\\/schema.org\",\"@graph\":[{\"@type\":\"WebPage\",\"@id\":\"https:\\\/\\\/test.cosysunday.com\\\/de\\\/produkt\\\/cosy\\\/\",\"url\":\"https:\\\/\\\/test.cosysunday.com\\\/de\\\/produkt\\\/cosy\\\/\",\"name\":\"COSY - COSY SUNDAY\",\"isPartOf\":{\"@id\":\"https:\\\/\\\/test.cosysunday.com\\\/#website\"},\"primaryImageOfPage\":{\"@id\":\"https:\\\/\\\/test.cosysunday.com\\\/de\\\/produkt\\\/cosy\\\/#primaryimage\"},\"image\":{\"@id\":\"https:\\\/\\\/test.cosysunday.com\\\/de\\\/produkt\\\/cosy\\\/#primaryimage\"},\"thumbnailUrl\":\"https:\\\/\\\/cdn.speedsize.com\\\/f92682dc-7352-42e5-8737-ed80049e205d\\\/test.cosysunday.com\\\/wp-content\\\/uploads\\\/2023\\\/03\\\/Blanket-COSY-SKU-L1-001-09-Off-white_Biscotto.jpg\",\"datePublished\":\"2024-03-07T13:21:44+00:00\",\"dateModified\":\"2024-07-09T09:36:51+00:00\",\"breadcrumb\":{\"@id\":\"https:\\\/\\\/test.cosysunday.com\\\/de\\\/produkt\\\/cosy\\\/#breadcrumb\"},\"inLanguage\":\"de\",\"potentialAction\":[{\"@type\":\"ReadAction\",\"target\":[\"https:\\\/\\\/test.cosysunday.com\\\/de\\\/produkt\\\/cosy\\\/\"]}]},{\"@type\":\"ImageObject\",\"inLanguage\":\"de\",\"@id\":\"https:\\\/\\\/test.cosysunday.com\\\/de\\\/produkt\\\/cosy\\\/#primaryimage\",\"url\":\"https:\\\/\\\/cdn.speedsize.com\\\/f92682dc-7352-42e5-8737-ed80049e205d\\\/test.cosysunday.com\\\/wp-content\\\/uploads\\\/2023\\\/03\\\/Blanket-COSY-SKU-L1-001-09-Off-white_Biscotto.jpg\",\"contentUrl\":\"https:\\\/\\\/cdn.speedsize.com\\\/f92682dc-7352-42e5-8737-ed80049e205d\\\/test.cosysunday.com\\\/wp-content\\\/uploads\\\/2023\\\/03\\\/Blanket-COSY-SKU-L1-001-09-Off-white_Biscotto.jpg\",\"width\":1800,\"height\":1800},{\"@type\":\"BreadcrumbList\",\"@id\":\"https:\\\/\\\/test.cosysunday.com\\\/de\\\/produkt\\\/cosy\\\/#breadcrumb\",\"itemListElement\":[{\"@type\":\"ListItem\",\"position\":1,\"name\":\"\u0413\u043b\u0430\u0432\u043d\u0430\u044f \u0441\u0442\u0440\u0430\u043d\u0438\u0446\u0430\",\"item\":\"https:\\\/\\\/test.cosysunday.com\\\/de\\\/\"},{\"@type\":\"ListItem\",\"position\":2,\"name\":\"Shop\",\"item\":\"https:\\\/\\\/test.cosysunday.com\\\/shop\\\/\"},{\"@type\":\"ListItem\",\"position\":3,\"name\":\"COSY\"}]},{\"@type\":\"WebSite\",\"@id\":\"https:\\\/\\\/test.cosysunday.com\\\/#website\",\"url\":\"https:\\\/\\\/test.cosysunday.com\\\/\",\"name\":\"COSY SUNDAY\",\"description\":\"Luxury weekend fashion\",\"potentialAction\":[{\"@type\":\"SearchAction\",\"target\":{\"@type\":\"EntryPoint\",\"urlTemplate\":\"https:\\\/\\\/test.cosysunday.com\\\/?s={search_term_string}\"},\"query-input\":{\"@type\":\"PropertyValueSpecification\",\"valueRequired\":true,\"valueName\":\"search_term_string\"}}],\"inLanguage\":\"de\"}]}<\/script>\n<!-- \/ Yoast SEO plugin. -->","yoast_head_json":{"title":"COSY - COSY SUNDAY","robots":{"index":"noindex","follow":"follow","max-snippet":"max-snippet:-1","max-image-preview":"max-image-preview:large","max-video-preview":"max-video-preview:-1"},"og_locale":"de_DE","og_type":"article","og_title":"COSY - COSY SUNDAY","og_description":"Aus zartem italienischem Kaschmir gefertigt, hat diese Decke das traditionelle COSY SUNDAY Monogrammmuster. Sie ist das perfekte Accessoire f\u00fcr ein gro\u00dfes Doppelbett oder eine L-f\u00f6rmige Couch. Die Dimensionen der Decke bieten bequem Platz f\u00fcr zwei Erwachsene. Die Farbe passt zu fast jeder Einrichtung, und das Muster f\u00fcgt Ihrem Zuhause ein klassisches, aber auff\u00e4lliges Detail hinzu.","og_url":"https:\/\/test.cosysunday.com\/de\/produkt\/cosy\/","og_site_name":"COSY SUNDAY","article_modified_time":"2024-07-09T09:36:51+00:00","og_image":[{"width":1800,"height":1800,"url":"https:\/\/test.cosysunday.com\/wp-content\/uploads\/2023\/03\/Blanket-COSY-SKU-L1-001-09-Off-white_Biscotto.jpg","type":"image\/jpeg"}],"twitter_card":"summary_large_image","twitter_misc":{"Gesch\u00e4tzte Lesezeit":"1\u00a0Minute"},"schema":{"@context":"https:\/\/schema.org","@graph":[{"@type":"WebPage","@id":"https:\/\/test.cosysunday.com\/de\/produkt\/cosy\/","url":"https:\/\/test.cosysunday.com\/de\/produkt\/cosy\/","name":"COSY - COSY SUNDAY","isPartOf":{"@id":"https:\/\/test.cosysunday.com\/#website"},"primaryImageOfPage":{"@id":"https:\/\/test.cosysunday.com\/de\/produkt\/cosy\/#primaryimage"},"image":{"@id":"https:\/\/test.cosysunday.com\/de\/produkt\/cosy\/#primaryimage"},"thumbnailUrl":"https:\/\/cdn.speedsize.com\/f92682dc-7352-42e5-8737-ed80049e205d\/test.cosysunday.com\/wp-content\/uploads\/2023\/03\/Blanket-COSY-SKU-L1-001-09-Off-white_Biscotto.jpg","datePublished":"2024-03-07T13:21:44+00:00","dateModified":"2024-07-09T09:36:51+00:00","breadcrumb":{"@id":"https:\/\/test.cosysunday.com\/de\/produkt\/cosy\/#breadcrumb"},"inLanguage":"de","potentialAction":[{"@type":"ReadAction","target":["https:\/\/test.cosysunday.com\/de\/produkt\/cosy\/"]}]},{"@type":"ImageObject","inLanguage":"de","@id":"https:\/\/test.cosysunday.com\/de\/produkt\/cosy\/#primaryimage","url":"https:\/\/cdn.speedsize.com\/f92682dc-7352-42e5-8737-ed80049e205d\/test.cosysunday.com\/wp-content\/uploads\/2023\/03\/Blanket-COSY-SKU-L1-001-09-Off-white_Biscotto.jpg","contentUrl":"https:\/\/cdn.speedsize.com\/f92682dc-7352-42e5-8737-ed80049e205d\/test.cosysunday.com\/wp-content\/uploads\/2023\/03\/Blanket-COSY-SKU-L1-001-09-Off-white_Biscotto.jpg","width":1800,"height":1800},{"@type":"BreadcrumbList","@id":"https:\/\/test.cosysunday.com\/de\/produkt\/cosy\/#breadcrumb","itemListElement":[{"@type":"ListItem","position":1,"name":"\u0413\u043b\u0430\u0432\u043d\u0430\u044f \u0441\u0442\u0440\u0430\u043d\u0438\u0446\u0430","item":"https:\/\/test.cosysunday.com\/de\/"},{"@type":"ListItem","position":2,"name":"Shop","item":"https:\/\/test.cosysunday.com\/shop\/"},{"@type":"ListItem","position":3,"name":"COSY"}]},{"@type":"WebSite","@id":"https:\/\/test.cosysunday.com\/#website","url":"https:\/\/test.cosysunday.com\/","name":"COSY SUNDAY","description":"Luxury weekend fashion","potentialAction":[{"@type":"SearchAction","target":{"@type":"EntryPoint","urlTemplate":"https:\/\/test.cosysunday.com\/?s={search_term_string}"},"query-input":{"@type":"PropertyValueSpecification","valueRequired":true,"valueName":"search_term_string"}}],"inLanguage":"de"}]}},"_links":{"self":[{"href":"https:\/\/test.cosysunday.com\/de\/wp-json\/wp\/v2\/product\/6739","targetHints":{"allow":["GET"]}}],"collection":[{"href":"https:\/\/test.cosysunday.com\/de\/wp-json\/wp\/v2\/product"}],"about":[{"href":"https:\/\/test.cosysunday.com\/de\/wp-json\/wp\/v2\/types\/product"}],"replies":[{"embeddable":true,"href":"https:\/\/test.cosysunday.com\/de\/wp-json\/wp\/v2\/comments?post=6739"}],"wp:featuredmedia":[{"embeddable":true,"href":"https:\/\/test.cosysunday.com\/de\/wp-json\/wp\/v2\/media\/4870"}],"wp:attachment":[{"href":"https:\/\/test.cosysunday.com\/de\/wp-json\/wp\/v2\/media?parent=6739"}],"wp:term":[{"taxonomy":"product_brand","embeddable":true,"href":"https:\/\/test.cosysunday.com\/de\/wp-json\/wp\/v2\/product_brand?post=6739"},{"taxonomy":"product_cat","embeddable":true,"href":"https:\/\/test.cosysunday.com\/de\/wp-json\/wp\/v2\/product_cat?post=6739"},{"taxonomy":"product_tag","embeddable":true,"href":"https:\/\/test.cosysunday.com\/de\/wp-json\/wp\/v2\/product_tag?post=6739"}],"curies":[{"name":"wp","href":"https:\/\/api.w.org\/{rel}","templated":true}]}}