{"id":6727,"date":"2024-03-07T15:21:48","date_gmt":"2024-03-07T13:21:48","guid":{"rendered":"https:\/\/test.cosysunday.com\/product\/city\/"},"modified":"2024-07-09T10:43:14","modified_gmt":"2024-07-09T08:43:14","slug":"city","status":"publish","type":"product","link":"https:\/\/test.cosysunday.com\/de\/produkt\/city\/","title":{"rendered":"City"},"content":{"rendered":"<p>Traceability-QR-Code verf\u00fcgbar<\/p>\n<p><strong>Highlights<\/strong><\/p>\n<p>\u00b7 pflanzlich basiertes (Mais und Hafer) zertifiziertes ethisches Leder, hergestellt in Italien<\/p>\n<p>\u00b7 PETA-zugelassenes Vegan, Animal Free LAV-Label<\/p>\n<p>\u00b7 die Sohle besteht aus innovativem recyceltem Gummi<\/p>\n<p>\u00b7 sehr leicht<\/p>\n<p>\u00b7 elastische Schn\u00fcrsenkel f\u00fcr einfaches An- und Ausziehen<\/p>\n<p><strong>Zusammensetzung<\/strong><\/p>\n<p>veganes pflanzlich basiertes Leder, recycelte Gummisohlen<\/p>\n<p><img loading=\"lazy\" decoding=\"async\" class=\"\" src=\"https:\/\/cosysunday.odoo.com\/web\/image\/11259-e35c2ce9\/certificate%202.jpg?access_token=8f763fb1-6299-4e80-943e-94fd7de0ca80\" width=\"66\" height=\"66\" \/><img loading=\"lazy\" decoding=\"async\" class=\"\" src=\"https:\/\/cosysunday.odoo.com\/web\/image\/11260-9a2451c6\/certificate%2013.jpg?access_token=6df051a8-88c4-4da7-9a2a-816da03a1af5\" width=\"66\" height=\"66\" \/><img loading=\"lazy\" decoding=\"async\" class=\"\" src=\"https:\/\/cosysunday.odoo.com\/web\/image\/11261-1739d10c\/certificate%206.jpg?access_token=478967b8-7668-4995-b904-a7c8ae812831\" width=\"66\" height=\"66\" \/><img loading=\"lazy\" decoding=\"async\" class=\"\" src=\"https:\/\/cosysunday.odoo.com\/web\/image\/11262-0cc0445c\/certificate%2018.jpg?access_token=db94368f-641b-4d2b-8fc6-ffb2ba6144d7\" width=\"66\" height=\"66\" \/><\/p>\n<p><strong>Waschanleitung<\/strong><\/p>\n<p>das vegane Leder l\u00e4sst sich leicht mit warmem Wasser und Seife reinigen<\/p>\n<p><strong>Tragen<\/strong><\/p>\n<p>ganzj\u00e4hrig<\/p>\n","protected":false},"excerpt":{"rendered":"<p>Das Paar Sneakers, das zu fast allem in Ihrem Kleiderschrank passt. Diese Schuhe sind schlank und minimalistisch, aber dennoch auff\u00e4llig und einzigartig durch ihre klassischen Details. Hergestellt aus glattem, veganem Leder, mit Ziern\u00e4hten verziert und auf haltbaren Gummisohlen platziert, die Kratzer verhindern, sind sie f\u00fcr jede Gelegenheit geeignet. Tragen Sie sie mit Jeans, ma\u00dfgeschneiderter Kleidung oder femininen Kleidern.<\/p>\n","protected":false},"featured_media":5543,"comment_status":"open","ping_status":"closed","template":"","meta":[],"product_brand":[],"product_cat":[234,236,280,295],"product_tag":[],"class_list":{"0":"post-6727","1":"product","2":"type-product","3":"status-publish","4":"has-post-thumbnail","6":"product_cat-new-in-women-de","7":"product_cat-frauen","8":"product_cat-schuhe-de","9":"product_cat-strase","11":"first","12":"instock","13":"sold-individually","14":"taxable","15":"shipping-taxable","16":"purchasable","17":"product-type-variable","18":"has-default-attributes"},"acf":[],"yoast_head":"<!-- This site is optimized with the Yoast SEO plugin v27.5 - https:\/\/yoast.com\/product\/yoast-seo-wordpress\/ -->\n<title>City - COSY SUNDAY<\/title>\n<meta name=\"robots\" content=\"noindex, follow, max-snippet:-1, max-image-preview:large, max-video-preview:-1\" \/>\n<meta property=\"og:locale\" content=\"de_DE\" \/>\n<meta property=\"og:type\" content=\"article\" \/>\n<meta property=\"og:title\" content=\"City - COSY SUNDAY\" \/>\n<meta property=\"og:description\" content=\"Das Paar Sneakers, das zu fast allem in Ihrem Kleiderschrank passt. Diese Schuhe sind schlank und minimalistisch, aber dennoch auff\u00e4llig und einzigartig durch ihre klassischen Details. Hergestellt aus glattem, veganem Leder, mit Ziern\u00e4hten verziert und auf haltbaren Gummisohlen platziert, die Kratzer verhindern, sind sie f\u00fcr jede Gelegenheit geeignet. Tragen Sie sie mit Jeans, ma\u00dfgeschneiderter Kleidung oder femininen Kleidern.\" \/>\n<meta property=\"og:url\" content=\"https:\/\/test.cosysunday.com\/de\/produkt\/city\/\" \/>\n<meta property=\"og:site_name\" content=\"COSY SUNDAY\" \/>\n<meta property=\"article:modified_time\" content=\"2024-07-09T08:43:14+00:00\" \/>\n<meta property=\"og:image\" content=\"https:\/\/test.cosysunday.com\/wp-content\/uploads\/2023\/03\/Sneakers-City-SKU-S1-501-22.jpg\" \/>\n\t<meta property=\"og:image:width\" content=\"1800\" \/>\n\t<meta property=\"og:image:height\" content=\"1800\" \/>\n\t<meta property=\"og:image:type\" content=\"image\/jpeg\" \/>\n<meta name=\"twitter:card\" content=\"summary_large_image\" \/>\n<meta name=\"twitter:label1\" content=\"Gesch\u00e4tzte Lesezeit\" \/>\n\t<meta name=\"twitter:data1\" content=\"2\u00a0Minuten\" \/>\n<script type=\"application\/ld+json\" class=\"yoast-schema-graph\">{\"@context\":\"https:\\\/\\\/schema.org\",\"@graph\":[{\"@type\":\"WebPage\",\"@id\":\"https:\\\/\\\/test.cosysunday.com\\\/de\\\/produkt\\\/city\\\/\",\"url\":\"https:\\\/\\\/test.cosysunday.com\\\/de\\\/produkt\\\/city\\\/\",\"name\":\"City - COSY SUNDAY\",\"isPartOf\":{\"@id\":\"https:\\\/\\\/test.cosysunday.com\\\/#website\"},\"primaryImageOfPage\":{\"@id\":\"https:\\\/\\\/test.cosysunday.com\\\/de\\\/produkt\\\/city\\\/#primaryimage\"},\"image\":{\"@id\":\"https:\\\/\\\/test.cosysunday.com\\\/de\\\/produkt\\\/city\\\/#primaryimage\"},\"thumbnailUrl\":\"https:\\\/\\\/cdn.speedsize.com\\\/f92682dc-7352-42e5-8737-ed80049e205d\\\/test.cosysunday.com\\\/wp-content\\\/uploads\\\/2023\\\/03\\\/Sneakers-City-SKU-S1-501-22.jpg\",\"datePublished\":\"2024-03-07T13:21:48+00:00\",\"dateModified\":\"2024-07-09T08:43:14+00:00\",\"breadcrumb\":{\"@id\":\"https:\\\/\\\/test.cosysunday.com\\\/de\\\/produkt\\\/city\\\/#breadcrumb\"},\"inLanguage\":\"de\",\"potentialAction\":[{\"@type\":\"ReadAction\",\"target\":[\"https:\\\/\\\/test.cosysunday.com\\\/de\\\/produkt\\\/city\\\/\"]}]},{\"@type\":\"ImageObject\",\"inLanguage\":\"de\",\"@id\":\"https:\\\/\\\/test.cosysunday.com\\\/de\\\/produkt\\\/city\\\/#primaryimage\",\"url\":\"https:\\\/\\\/cdn.speedsize.com\\\/f92682dc-7352-42e5-8737-ed80049e205d\\\/test.cosysunday.com\\\/wp-content\\\/uploads\\\/2023\\\/03\\\/Sneakers-City-SKU-S1-501-22.jpg\",\"contentUrl\":\"https:\\\/\\\/cdn.speedsize.com\\\/f92682dc-7352-42e5-8737-ed80049e205d\\\/test.cosysunday.com\\\/wp-content\\\/uploads\\\/2023\\\/03\\\/Sneakers-City-SKU-S1-501-22.jpg\",\"width\":1800,\"height\":1800},{\"@type\":\"BreadcrumbList\",\"@id\":\"https:\\\/\\\/test.cosysunday.com\\\/de\\\/produkt\\\/city\\\/#breadcrumb\",\"itemListElement\":[{\"@type\":\"ListItem\",\"position\":1,\"name\":\"\u0413\u043b\u0430\u0432\u043d\u0430\u044f \u0441\u0442\u0440\u0430\u043d\u0438\u0446\u0430\",\"item\":\"https:\\\/\\\/test.cosysunday.com\\\/de\\\/\"},{\"@type\":\"ListItem\",\"position\":2,\"name\":\"Shop\",\"item\":\"https:\\\/\\\/test.cosysunday.com\\\/shop\\\/\"},{\"@type\":\"ListItem\",\"position\":3,\"name\":\"City\"}]},{\"@type\":\"WebSite\",\"@id\":\"https:\\\/\\\/test.cosysunday.com\\\/#website\",\"url\":\"https:\\\/\\\/test.cosysunday.com\\\/\",\"name\":\"COSY SUNDAY\",\"description\":\"Luxury weekend fashion\",\"potentialAction\":[{\"@type\":\"SearchAction\",\"target\":{\"@type\":\"EntryPoint\",\"urlTemplate\":\"https:\\\/\\\/test.cosysunday.com\\\/?s={search_term_string}\"},\"query-input\":{\"@type\":\"PropertyValueSpecification\",\"valueRequired\":true,\"valueName\":\"search_term_string\"}}],\"inLanguage\":\"de\"}]}<\/script>\n<!-- \/ Yoast SEO plugin. -->","yoast_head_json":{"title":"City - COSY SUNDAY","robots":{"index":"noindex","follow":"follow","max-snippet":"max-snippet:-1","max-image-preview":"max-image-preview:large","max-video-preview":"max-video-preview:-1"},"og_locale":"de_DE","og_type":"article","og_title":"City - COSY SUNDAY","og_description":"Das Paar Sneakers, das zu fast allem in Ihrem Kleiderschrank passt. Diese Schuhe sind schlank und minimalistisch, aber dennoch auff\u00e4llig und einzigartig durch ihre klassischen Details. Hergestellt aus glattem, veganem Leder, mit Ziern\u00e4hten verziert und auf haltbaren Gummisohlen platziert, die Kratzer verhindern, sind sie f\u00fcr jede Gelegenheit geeignet. Tragen Sie sie mit Jeans, ma\u00dfgeschneiderter Kleidung oder femininen Kleidern.","og_url":"https:\/\/test.cosysunday.com\/de\/produkt\/city\/","og_site_name":"COSY SUNDAY","article_modified_time":"2024-07-09T08:43:14+00:00","og_image":[{"width":1800,"height":1800,"url":"https:\/\/test.cosysunday.com\/wp-content\/uploads\/2023\/03\/Sneakers-City-SKU-S1-501-22.jpg","type":"image\/jpeg"}],"twitter_card":"summary_large_image","twitter_misc":{"Gesch\u00e4tzte Lesezeit":"2\u00a0Minuten"},"schema":{"@context":"https:\/\/schema.org","@graph":[{"@type":"WebPage","@id":"https:\/\/test.cosysunday.com\/de\/produkt\/city\/","url":"https:\/\/test.cosysunday.com\/de\/produkt\/city\/","name":"City - COSY SUNDAY","isPartOf":{"@id":"https:\/\/test.cosysunday.com\/#website"},"primaryImageOfPage":{"@id":"https:\/\/test.cosysunday.com\/de\/produkt\/city\/#primaryimage"},"image":{"@id":"https:\/\/test.cosysunday.com\/de\/produkt\/city\/#primaryimage"},"thumbnailUrl":"https:\/\/cdn.speedsize.com\/f92682dc-7352-42e5-8737-ed80049e205d\/test.cosysunday.com\/wp-content\/uploads\/2023\/03\/Sneakers-City-SKU-S1-501-22.jpg","datePublished":"2024-03-07T13:21:48+00:00","dateModified":"2024-07-09T08:43:14+00:00","breadcrumb":{"@id":"https:\/\/test.cosysunday.com\/de\/produkt\/city\/#breadcrumb"},"inLanguage":"de","potentialAction":[{"@type":"ReadAction","target":["https:\/\/test.cosysunday.com\/de\/produkt\/city\/"]}]},{"@type":"ImageObject","inLanguage":"de","@id":"https:\/\/test.cosysunday.com\/de\/produkt\/city\/#primaryimage","url":"https:\/\/cdn.speedsize.com\/f92682dc-7352-42e5-8737-ed80049e205d\/test.cosysunday.com\/wp-content\/uploads\/2023\/03\/Sneakers-City-SKU-S1-501-22.jpg","contentUrl":"https:\/\/cdn.speedsize.com\/f92682dc-7352-42e5-8737-ed80049e205d\/test.cosysunday.com\/wp-content\/uploads\/2023\/03\/Sneakers-City-SKU-S1-501-22.jpg","width":1800,"height":1800},{"@type":"BreadcrumbList","@id":"https:\/\/test.cosysunday.com\/de\/produkt\/city\/#breadcrumb","itemListElement":[{"@type":"ListItem","position":1,"name":"\u0413\u043b\u0430\u0432\u043d\u0430\u044f \u0441\u0442\u0440\u0430\u043d\u0438\u0446\u0430","item":"https:\/\/test.cosysunday.com\/de\/"},{"@type":"ListItem","position":2,"name":"Shop","item":"https:\/\/test.cosysunday.com\/shop\/"},{"@type":"ListItem","position":3,"name":"City"}]},{"@type":"WebSite","@id":"https:\/\/test.cosysunday.com\/#website","url":"https:\/\/test.cosysunday.com\/","name":"COSY SUNDAY","description":"Luxury weekend fashion","potentialAction":[{"@type":"SearchAction","target":{"@type":"EntryPoint","urlTemplate":"https:\/\/test.cosysunday.com\/?s={search_term_string}"},"query-input":{"@type":"PropertyValueSpecification","valueRequired":true,"valueName":"search_term_string"}}],"inLanguage":"de"}]}},"_links":{"self":[{"href":"https:\/\/test.cosysunday.com\/de\/wp-json\/wp\/v2\/product\/6727","targetHints":{"allow":["GET"]}}],"collection":[{"href":"https:\/\/test.cosysunday.com\/de\/wp-json\/wp\/v2\/product"}],"about":[{"href":"https:\/\/test.cosysunday.com\/de\/wp-json\/wp\/v2\/types\/product"}],"replies":[{"embeddable":true,"href":"https:\/\/test.cosysunday.com\/de\/wp-json\/wp\/v2\/comments?post=6727"}],"wp:featuredmedia":[{"embeddable":true,"href":"https:\/\/test.cosysunday.com\/de\/wp-json\/wp\/v2\/media\/5543"}],"wp:attachment":[{"href":"https:\/\/test.cosysunday.com\/de\/wp-json\/wp\/v2\/media?parent=6727"}],"wp:term":[{"taxonomy":"product_brand","embeddable":true,"href":"https:\/\/test.cosysunday.com\/de\/wp-json\/wp\/v2\/product_brand?post=6727"},{"taxonomy":"product_cat","embeddable":true,"href":"https:\/\/test.cosysunday.com\/de\/wp-json\/wp\/v2\/product_cat?post=6727"},{"taxonomy":"product_tag","embeddable":true,"href":"https:\/\/test.cosysunday.com\/de\/wp-json\/wp\/v2\/product_tag?post=6727"}],"curies":[{"name":"wp","href":"https:\/\/api.w.org\/{rel}","templated":true}]}}