{"id":6707,"date":"2024-03-07T15:21:53","date_gmt":"2024-03-07T13:21:53","guid":{"rendered":"https:\/\/test.cosysunday.com\/product\/his-joggers\/"},"modified":"2024-07-09T11:27:03","modified_gmt":"2024-07-09T09:27:03","slug":"sweatpants","status":"publish","type":"product","link":"https:\/\/test.cosysunday.com\/de\/produkt\/sweatpants\/","title":{"rendered":"Jogginghosen damen His Joggers"},"content":{"rendered":"<p>Traceability-QR-Code verf\u00fcgbar<\/p>\n<p><strong>Highlights<\/strong><\/p>\n<p>\u00b7 unsere spezielle Stoffmischung zertifiziert nach Oeko-TEX Standard 100<\/p>\n<p>\u00b7 das Zugband besteht aus recyceltem Polyester und nat\u00fcrlichem Gummi<\/p>\n<p>\u00b7 vollst\u00e4ndig funktionale Taschen<\/p>\n<p>\u00b7 eng anliegende elastische Manschette am Boden<\/p>\n<p>\u00b7 Fleece-Innenfutter<\/p>\n<p>\u00b7 weiche Ber\u00fchrung<\/p>\n<p>\u00b7 100% biologisch abbaubar<\/p>\n<p><strong>Zusammensetzung<\/strong><\/p>\n<p>75% Bio-Baumwolle, 16% Kaschmir, 9% Seide<\/p>\n<p><img loading=\"lazy\" decoding=\"async\" class=\"alignnone wp-image-9984\" src=\"https:\/\/test.cosysunday.com\/wp-content\/uploads\/2023\/03\/certificate-3-300x300.jpg\" alt=\"\" width=\"66\" height=\"66\" \/> <img loading=\"lazy\" decoding=\"async\" class=\"alignnone wp-image-9990\" src=\"https:\/\/test.cosysunday.com\/wp-content\/uploads\/2023\/03\/certificate-9-300x300.jpg\" alt=\"\" width=\"66\" height=\"66\" \/> <img loading=\"lazy\" decoding=\"async\" class=\"alignnone wp-image-9998\" src=\"https:\/\/test.cosysunday.com\/wp-content\/uploads\/2023\/03\/certificate-17-300x300.jpg\" alt=\"\" width=\"66\" height=\"66\" \/><\/p>\n<p><strong>Waschanleitung<\/strong><\/p>\n<p>nur chemische Reinigung<\/p>\n<p><strong>Tragen<\/strong><\/p>\n<p>ganzj\u00e4hrig<\/p>\n","protected":false},"excerpt":{"rendered":"<p><span data-sheets-root=\"1\" data-sheets-value=\"{&quot;1&quot;:2,&quot;2&quot;:&quot;Manchmal wollen wir alle einfach nur bequeme Jogginghosen anziehen und den ganzen Tag darin verbringen. Unsere Jogginghosen sind genau das, wonach Sie suchen. Die Passform ist genau das, was Sie von einer Jogginghose erwarten: entspannt, aber an den richtigen Stellen schmeichelhaft. Sie sind bequem genug, um auf der Couch zu entspannen, aber auch passend genug, um das Haus zu verlassen. Diese Jogginghosen sind innen sehr weich, um Sie warm und gem\u00fctlich zu halten. Das Einzige, was Sie noch tun m\u00fcssen, ist, sie mit einem unserer Sweatshirts zu kombinieren und zu genie\u00dfen.&quot;}\" data-sheets-userformat=\"{&quot;2&quot;:771,&quot;3&quot;:{&quot;1&quot;:0},&quot;4&quot;:{&quot;1&quot;:2,&quot;2&quot;:14281427},&quot;11&quot;:4,&quot;12&quot;:0}\">Manchmal wollen wir alle einfach nur bequeme Jogginghosen anziehen und den ganzen Tag darin verbringen. Unsere Jogginghosen sind genau das, wonach Sie suchen. Die Passform ist genau das, was Sie von einer Jogginghose erwarten: entspannt, aber an den richtigen Stellen schmeichelhaft. Sie sind bequem genug, um auf der Couch zu entspannen, aber auch passend genug, um das Haus zu verlassen. Diese Jogginghosen sind innen sehr weich, um Sie warm und gem\u00fctlich zu halten. Das Einzige, was Sie noch tun m\u00fcssen, ist, sie mit einem unserer Sweatshirts zu kombinieren und zu genie\u00dfen.<\/span><\/p>\n","protected":false},"featured_media":6133,"comment_status":"open","ping_status":"closed","template":"","meta":[],"product_brand":[],"product_cat":[234,235,236,287],"product_tag":[],"class_list":{"0":"post-6707","1":"product","2":"type-product","3":"status-publish","4":"has-post-thumbnail","6":"product_cat-new-in-women-de","7":"product_cat-heimtextilien","8":"product_cat-frauen","9":"product_cat-bottom-women-de","11":"first","12":"instock","13":"sold-individually","14":"taxable","15":"shipping-taxable","16":"purchasable","17":"product-type-variable","18":"has-default-attributes"},"acf":[],"yoast_head":"<!-- This site is optimized with the Yoast SEO plugin v27.5 - https:\/\/yoast.com\/product\/yoast-seo-wordpress\/ -->\n<title>Beste Damen-Jogginghose online - COSY SUNDAY<\/title>\n<meta name=\"description\" content=\"Holen Sie sich den Gipfel der Freizeit mit unseren Damen-Jogginghosen bei COSY SUNDAY. Mit unseren warmen, gut gemachten Mustern k\u00f6nnen Sie sich bequem und stilvoll entspannen.\" \/>\n<meta name=\"robots\" content=\"noindex, follow, max-snippet:-1, max-image-preview:large, max-video-preview:-1\" \/>\n<meta property=\"og:locale\" content=\"de_DE\" \/>\n<meta property=\"og:type\" content=\"article\" \/>\n<meta property=\"og:title\" content=\"Beste Damen-Jogginghose online - COSY SUNDAY\" \/>\n<meta property=\"og:description\" content=\"Holen Sie sich den Gipfel der Freizeit mit unseren Damen-Jogginghosen bei COSY SUNDAY. Mit unseren warmen, gut gemachten Mustern k\u00f6nnen Sie sich bequem und stilvoll entspannen.\" \/>\n<meta property=\"og:url\" content=\"https:\/\/test.cosysunday.com\/de\/produkt\/sweatpants\/\" \/>\n<meta property=\"og:site_name\" content=\"COSY SUNDAY\" \/>\n<meta property=\"article:modified_time\" content=\"2024-07-09T09:27:03+00:00\" \/>\n<meta property=\"og:image\" content=\"https:\/\/test.cosysunday.com\/wp-content\/uploads\/2024\/03\/zhenskie.png\" \/>\n\t<meta property=\"og:image:width\" content=\"1800\" \/>\n\t<meta property=\"og:image:height\" content=\"1800\" \/>\n\t<meta property=\"og:image:type\" content=\"image\/png\" \/>\n<meta name=\"twitter:card\" content=\"summary_large_image\" \/>\n<meta name=\"twitter:label1\" content=\"Gesch\u00e4tzte Lesezeit\" \/>\n\t<meta name=\"twitter:data1\" content=\"2\u00a0Minuten\" \/>\n<script type=\"application\/ld+json\" class=\"yoast-schema-graph\">{\"@context\":\"https:\\\/\\\/schema.org\",\"@graph\":[{\"@type\":\"WebPage\",\"@id\":\"https:\\\/\\\/test.cosysunday.com\\\/de\\\/produkt\\\/sweatpants\\\/\",\"url\":\"https:\\\/\\\/test.cosysunday.com\\\/de\\\/produkt\\\/sweatpants\\\/\",\"name\":\"Beste Damen-Jogginghose online - COSY SUNDAY\",\"isPartOf\":{\"@id\":\"https:\\\/\\\/test.cosysunday.com\\\/#website\"},\"primaryImageOfPage\":{\"@id\":\"https:\\\/\\\/test.cosysunday.com\\\/de\\\/produkt\\\/sweatpants\\\/#primaryimage\"},\"image\":{\"@id\":\"https:\\\/\\\/test.cosysunday.com\\\/de\\\/produkt\\\/sweatpants\\\/#primaryimage\"},\"thumbnailUrl\":\"https:\\\/\\\/cdn.speedsize.com\\\/f92682dc-7352-42e5-8737-ed80049e205d\\\/test.cosysunday.com\\\/wp-content\\\/uploads\\\/2024\\\/03\\\/zhenskie.png\",\"datePublished\":\"2024-03-07T13:21:53+00:00\",\"dateModified\":\"2024-07-09T09:27:03+00:00\",\"description\":\"Holen Sie sich den Gipfel der Freizeit mit unseren Damen-Jogginghosen bei COSY SUNDAY. Mit unseren warmen, gut gemachten Mustern k\u00f6nnen Sie sich bequem und stilvoll entspannen.\",\"breadcrumb\":{\"@id\":\"https:\\\/\\\/test.cosysunday.com\\\/de\\\/produkt\\\/sweatpants\\\/#breadcrumb\"},\"inLanguage\":\"de\",\"potentialAction\":[{\"@type\":\"ReadAction\",\"target\":[\"https:\\\/\\\/test.cosysunday.com\\\/de\\\/produkt\\\/sweatpants\\\/\"]}]},{\"@type\":\"ImageObject\",\"inLanguage\":\"de\",\"@id\":\"https:\\\/\\\/test.cosysunday.com\\\/de\\\/produkt\\\/sweatpants\\\/#primaryimage\",\"url\":\"https:\\\/\\\/cdn.speedsize.com\\\/f92682dc-7352-42e5-8737-ed80049e205d\\\/test.cosysunday.com\\\/wp-content\\\/uploads\\\/2024\\\/03\\\/zhenskie.png\",\"contentUrl\":\"https:\\\/\\\/cdn.speedsize.com\\\/f92682dc-7352-42e5-8737-ed80049e205d\\\/test.cosysunday.com\\\/wp-content\\\/uploads\\\/2024\\\/03\\\/zhenskie.png\",\"width\":1800,\"height\":1800},{\"@type\":\"BreadcrumbList\",\"@id\":\"https:\\\/\\\/test.cosysunday.com\\\/de\\\/produkt\\\/sweatpants\\\/#breadcrumb\",\"itemListElement\":[{\"@type\":\"ListItem\",\"position\":1,\"name\":\"\u0413\u043b\u0430\u0432\u043d\u0430\u044f \u0441\u0442\u0440\u0430\u043d\u0438\u0446\u0430\",\"item\":\"https:\\\/\\\/test.cosysunday.com\\\/de\\\/\"},{\"@type\":\"ListItem\",\"position\":2,\"name\":\"Shop\",\"item\":\"https:\\\/\\\/test.cosysunday.com\\\/shop\\\/\"},{\"@type\":\"ListItem\",\"position\":3,\"name\":\"Jogginghosen damen His Joggers\"}]},{\"@type\":\"WebSite\",\"@id\":\"https:\\\/\\\/test.cosysunday.com\\\/#website\",\"url\":\"https:\\\/\\\/test.cosysunday.com\\\/\",\"name\":\"COSY SUNDAY\",\"description\":\"Luxury weekend fashion\",\"potentialAction\":[{\"@type\":\"SearchAction\",\"target\":{\"@type\":\"EntryPoint\",\"urlTemplate\":\"https:\\\/\\\/test.cosysunday.com\\\/?s={search_term_string}\"},\"query-input\":{\"@type\":\"PropertyValueSpecification\",\"valueRequired\":true,\"valueName\":\"search_term_string\"}}],\"inLanguage\":\"de\"}]}<\/script>\n<!-- \/ Yoast SEO plugin. -->","yoast_head_json":{"title":"Beste Damen-Jogginghose online - COSY SUNDAY","description":"Holen Sie sich den Gipfel der Freizeit mit unseren Damen-Jogginghosen bei COSY SUNDAY. Mit unseren warmen, gut gemachten Mustern k\u00f6nnen Sie sich bequem und stilvoll entspannen.","robots":{"index":"noindex","follow":"follow","max-snippet":"max-snippet:-1","max-image-preview":"max-image-preview:large","max-video-preview":"max-video-preview:-1"},"og_locale":"de_DE","og_type":"article","og_title":"Beste Damen-Jogginghose online - COSY SUNDAY","og_description":"Holen Sie sich den Gipfel der Freizeit mit unseren Damen-Jogginghosen bei COSY SUNDAY. Mit unseren warmen, gut gemachten Mustern k\u00f6nnen Sie sich bequem und stilvoll entspannen.","og_url":"https:\/\/test.cosysunday.com\/de\/produkt\/sweatpants\/","og_site_name":"COSY SUNDAY","article_modified_time":"2024-07-09T09:27:03+00:00","og_image":[{"width":1800,"height":1800,"url":"https:\/\/test.cosysunday.com\/wp-content\/uploads\/2024\/03\/zhenskie.png","type":"image\/png"}],"twitter_card":"summary_large_image","twitter_misc":{"Gesch\u00e4tzte Lesezeit":"2\u00a0Minuten"},"schema":{"@context":"https:\/\/schema.org","@graph":[{"@type":"WebPage","@id":"https:\/\/test.cosysunday.com\/de\/produkt\/sweatpants\/","url":"https:\/\/test.cosysunday.com\/de\/produkt\/sweatpants\/","name":"Beste Damen-Jogginghose online - COSY SUNDAY","isPartOf":{"@id":"https:\/\/test.cosysunday.com\/#website"},"primaryImageOfPage":{"@id":"https:\/\/test.cosysunday.com\/de\/produkt\/sweatpants\/#primaryimage"},"image":{"@id":"https:\/\/test.cosysunday.com\/de\/produkt\/sweatpants\/#primaryimage"},"thumbnailUrl":"https:\/\/cdn.speedsize.com\/f92682dc-7352-42e5-8737-ed80049e205d\/test.cosysunday.com\/wp-content\/uploads\/2024\/03\/zhenskie.png","datePublished":"2024-03-07T13:21:53+00:00","dateModified":"2024-07-09T09:27:03+00:00","description":"Holen Sie sich den Gipfel der Freizeit mit unseren Damen-Jogginghosen bei COSY SUNDAY. Mit unseren warmen, gut gemachten Mustern k\u00f6nnen Sie sich bequem und stilvoll entspannen.","breadcrumb":{"@id":"https:\/\/test.cosysunday.com\/de\/produkt\/sweatpants\/#breadcrumb"},"inLanguage":"de","potentialAction":[{"@type":"ReadAction","target":["https:\/\/test.cosysunday.com\/de\/produkt\/sweatpants\/"]}]},{"@type":"ImageObject","inLanguage":"de","@id":"https:\/\/test.cosysunday.com\/de\/produkt\/sweatpants\/#primaryimage","url":"https:\/\/cdn.speedsize.com\/f92682dc-7352-42e5-8737-ed80049e205d\/test.cosysunday.com\/wp-content\/uploads\/2024\/03\/zhenskie.png","contentUrl":"https:\/\/cdn.speedsize.com\/f92682dc-7352-42e5-8737-ed80049e205d\/test.cosysunday.com\/wp-content\/uploads\/2024\/03\/zhenskie.png","width":1800,"height":1800},{"@type":"BreadcrumbList","@id":"https:\/\/test.cosysunday.com\/de\/produkt\/sweatpants\/#breadcrumb","itemListElement":[{"@type":"ListItem","position":1,"name":"\u0413\u043b\u0430\u0432\u043d\u0430\u044f \u0441\u0442\u0440\u0430\u043d\u0438\u0446\u0430","item":"https:\/\/test.cosysunday.com\/de\/"},{"@type":"ListItem","position":2,"name":"Shop","item":"https:\/\/test.cosysunday.com\/shop\/"},{"@type":"ListItem","position":3,"name":"Jogginghosen damen His Joggers"}]},{"@type":"WebSite","@id":"https:\/\/test.cosysunday.com\/#website","url":"https:\/\/test.cosysunday.com\/","name":"COSY SUNDAY","description":"Luxury weekend fashion","potentialAction":[{"@type":"SearchAction","target":{"@type":"EntryPoint","urlTemplate":"https:\/\/test.cosysunday.com\/?s={search_term_string}"},"query-input":{"@type":"PropertyValueSpecification","valueRequired":true,"valueName":"search_term_string"}}],"inLanguage":"de"}]}},"_links":{"self":[{"href":"https:\/\/test.cosysunday.com\/de\/wp-json\/wp\/v2\/product\/6707","targetHints":{"allow":["GET"]}}],"collection":[{"href":"https:\/\/test.cosysunday.com\/de\/wp-json\/wp\/v2\/product"}],"about":[{"href":"https:\/\/test.cosysunday.com\/de\/wp-json\/wp\/v2\/types\/product"}],"replies":[{"embeddable":true,"href":"https:\/\/test.cosysunday.com\/de\/wp-json\/wp\/v2\/comments?post=6707"}],"wp:featuredmedia":[{"embeddable":true,"href":"https:\/\/test.cosysunday.com\/de\/wp-json\/wp\/v2\/media\/6133"}],"wp:attachment":[{"href":"https:\/\/test.cosysunday.com\/de\/wp-json\/wp\/v2\/media?parent=6707"}],"wp:term":[{"taxonomy":"product_brand","embeddable":true,"href":"https:\/\/test.cosysunday.com\/de\/wp-json\/wp\/v2\/product_brand?post=6707"},{"taxonomy":"product_cat","embeddable":true,"href":"https:\/\/test.cosysunday.com\/de\/wp-json\/wp\/v2\/product_cat?post=6707"},{"taxonomy":"product_tag","embeddable":true,"href":"https:\/\/test.cosysunday.com\/de\/wp-json\/wp\/v2\/product_tag?post=6707"}],"curies":[{"name":"wp","href":"https:\/\/api.w.org\/{rel}","templated":true}]}}