{"id":6697,"date":"2024-03-07T15:28:28","date_gmt":"2024-03-07T13:28:28","guid":{"rendered":"https:\/\/test.cosysunday.com\/product\/iconic-2\/"},"modified":"2024-07-09T10:47:08","modified_gmt":"2024-07-09T08:47:08","slug":"iconic-2","status":"publish","type":"product","link":"https:\/\/test.cosysunday.com\/de\/produkt\/iconic-2\/","title":{"rendered":"Iconic"},"content":{"rendered":"<p>Traceability-QR-Code verf\u00fcgbar<\/p>\n<p><strong>Highlights<\/strong><\/p>\n<p>\u00b7 versteckt bestickte Best\u00e4tigung<\/p>\n<p>\u00b7 100% Bio-Baumwolle, zertifiziert nach GOTS und BCI<\/p>\n<p>\u00b7 bemerkenswerte Widerstandsf\u00e4higkeit gegen Pilling<\/p>\n<p>\u00b7 100% biologisch abbaubar<\/p>\n<p><strong>Zusammensetzung<\/strong><\/p>\n<p>100% Supima-Baumwolle<\/p>\n<p><img loading=\"lazy\" decoding=\"async\" class=\"alignnone wp-image-9984\" src=\"https:\/\/test.cosysunday.com\/wp-content\/uploads\/2023\/03\/certificate-3-300x300.jpg\" alt=\"\" width=\"66\" height=\"66\" \/> <img loading=\"lazy\" decoding=\"async\" class=\"alignnone wp-image-9990\" src=\"https:\/\/test.cosysunday.com\/wp-content\/uploads\/2023\/03\/certificate-9-300x300.jpg\" alt=\"\" width=\"66\" height=\"66\" \/><\/p>\n<p><strong>Waschanleitung<\/strong><\/p>\n<p>30\u00b0 Feinw\u00e4sche oder chemische Reinigung<\/p>\n<p><strong>Tragen<\/strong><\/p>\n<p>ganzj\u00e4hrig<\/p>\n","protected":false},"excerpt":{"rendered":"<p><span data-sheets-root=\"1\" data-sheets-value=\"{&quot;1&quot;:2,&quot;2&quot;:&quot;Unser wichtigstes Basic ist das COSY SUNDAY Iconic T-Shirt. Hergestellt aus 100 % Supima-Baumwolle, wird dieses St\u00fcck f\u00fcr immer in Ihrem Kleiderschrank bleiben, da es seine Form \u00fcber die Zeit beh\u00e4lt und f\u00fcr jeden Anlass ideal ist. Es f\u00fchlt sich weich und luxuri\u00f6s auf Ihrer Haut an. Kombinieren Sie es mit Ihren Lieblingsunterteilen, und Sie sind bereit zu gehen.&quot;}\" data-sheets-userformat=\"{&quot;2&quot;:769,&quot;3&quot;:{&quot;1&quot;:0},&quot;11&quot;:4,&quot;12&quot;:0}\">Unser wichtigstes Basic ist das COSY SUNDAY Iconic T-Shirt. Hergestellt aus 100 % Supima-Baumwolle, wird dieses St\u00fcck f\u00fcr immer in Ihrem Kleiderschrank bleiben, da es seine Form \u00fcber die Zeit beh\u00e4lt und f\u00fcr jeden Anlass ideal ist. Es f\u00fchlt sich weich und luxuri\u00f6s auf Ihrer Haut an. Kombinieren Sie es mit Ihren Lieblingsunterteilen, und Sie sind bereit zu gehen.<\/span><\/p>\n","protected":false},"featured_media":5565,"comment_status":"open","ping_status":"closed","template":"","meta":[],"product_brand":[],"product_cat":[233,234,235,236,245],"product_tag":[],"class_list":{"0":"post-6697","1":"product","2":"type-product","3":"status-publish","4":"has-post-thumbnail","6":"product_cat-top-women-de","7":"product_cat-new-in-women-de","8":"product_cat-heimtextilien","9":"product_cat-frauen","10":"product_cat-summer-de","12":"first","13":"instock","14":"sold-individually","15":"taxable","16":"shipping-taxable","17":"purchasable","18":"product-type-variable","19":"has-default-attributes"},"acf":[],"yoast_head":"<!-- This site is optimized with the Yoast SEO plugin v27.5 - https:\/\/yoast.com\/product\/yoast-seo-wordpress\/ -->\n<title>Iconic - COSY SUNDAY<\/title>\n<meta name=\"robots\" content=\"noindex, follow, max-snippet:-1, max-image-preview:large, max-video-preview:-1\" \/>\n<meta property=\"og:locale\" content=\"de_DE\" \/>\n<meta property=\"og:type\" content=\"article\" \/>\n<meta property=\"og:title\" content=\"Iconic - COSY SUNDAY\" \/>\n<meta property=\"og:description\" content=\"Unser wichtigstes Basic ist das COSY SUNDAY Iconic T-Shirt. Hergestellt aus 100 % Supima-Baumwolle, wird dieses St\u00fcck f\u00fcr immer in Ihrem Kleiderschrank bleiben, da es seine Form \u00fcber die Zeit beh\u00e4lt und f\u00fcr jeden Anlass ideal ist. Es f\u00fchlt sich weich und luxuri\u00f6s auf Ihrer Haut an. Kombinieren Sie es mit Ihren Lieblingsunterteilen, und Sie sind bereit zu gehen.\" \/>\n<meta property=\"og:url\" content=\"https:\/\/test.cosysunday.com\/de\/produkt\/iconic-2\/\" \/>\n<meta property=\"og:site_name\" content=\"COSY SUNDAY\" \/>\n<meta property=\"article:modified_time\" content=\"2024-07-09T08:47:08+00:00\" \/>\n<meta property=\"og:image\" content=\"https:\/\/test.cosysunday.com\/wp-content\/uploads\/2023\/03\/T-Shirt-Iconic-SKU-H1-102-00-Optic-White.jpg\" \/>\n\t<meta property=\"og:image:width\" content=\"1800\" \/>\n\t<meta property=\"og:image:height\" content=\"1800\" \/>\n\t<meta property=\"og:image:type\" content=\"image\/jpeg\" \/>\n<meta name=\"twitter:card\" content=\"summary_large_image\" \/>\n<meta name=\"twitter:label1\" content=\"Gesch\u00e4tzte Lesezeit\" \/>\n\t<meta name=\"twitter:data1\" content=\"1\u00a0Minute\" \/>\n<script type=\"application\/ld+json\" class=\"yoast-schema-graph\">{\"@context\":\"https:\\\/\\\/schema.org\",\"@graph\":[{\"@type\":\"WebPage\",\"@id\":\"https:\\\/\\\/test.cosysunday.com\\\/de\\\/produkt\\\/iconic-2\\\/\",\"url\":\"https:\\\/\\\/test.cosysunday.com\\\/de\\\/produkt\\\/iconic-2\\\/\",\"name\":\"Iconic - COSY SUNDAY\",\"isPartOf\":{\"@id\":\"https:\\\/\\\/test.cosysunday.com\\\/#website\"},\"primaryImageOfPage\":{\"@id\":\"https:\\\/\\\/test.cosysunday.com\\\/de\\\/produkt\\\/iconic-2\\\/#primaryimage\"},\"image\":{\"@id\":\"https:\\\/\\\/test.cosysunday.com\\\/de\\\/produkt\\\/iconic-2\\\/#primaryimage\"},\"thumbnailUrl\":\"https:\\\/\\\/cdn.speedsize.com\\\/f92682dc-7352-42e5-8737-ed80049e205d\\\/test.cosysunday.com\\\/wp-content\\\/uploads\\\/2023\\\/03\\\/T-Shirt-Iconic-SKU-H1-102-00-Optic-White.jpg\",\"datePublished\":\"2024-03-07T13:28:28+00:00\",\"dateModified\":\"2024-07-09T08:47:08+00:00\",\"breadcrumb\":{\"@id\":\"https:\\\/\\\/test.cosysunday.com\\\/de\\\/produkt\\\/iconic-2\\\/#breadcrumb\"},\"inLanguage\":\"de\",\"potentialAction\":[{\"@type\":\"ReadAction\",\"target\":[\"https:\\\/\\\/test.cosysunday.com\\\/de\\\/produkt\\\/iconic-2\\\/\"]}]},{\"@type\":\"ImageObject\",\"inLanguage\":\"de\",\"@id\":\"https:\\\/\\\/test.cosysunday.com\\\/de\\\/produkt\\\/iconic-2\\\/#primaryimage\",\"url\":\"https:\\\/\\\/cdn.speedsize.com\\\/f92682dc-7352-42e5-8737-ed80049e205d\\\/test.cosysunday.com\\\/wp-content\\\/uploads\\\/2023\\\/03\\\/T-Shirt-Iconic-SKU-H1-102-00-Optic-White.jpg\",\"contentUrl\":\"https:\\\/\\\/cdn.speedsize.com\\\/f92682dc-7352-42e5-8737-ed80049e205d\\\/test.cosysunday.com\\\/wp-content\\\/uploads\\\/2023\\\/03\\\/T-Shirt-Iconic-SKU-H1-102-00-Optic-White.jpg\",\"width\":1800,\"height\":1800},{\"@type\":\"BreadcrumbList\",\"@id\":\"https:\\\/\\\/test.cosysunday.com\\\/de\\\/produkt\\\/iconic-2\\\/#breadcrumb\",\"itemListElement\":[{\"@type\":\"ListItem\",\"position\":1,\"name\":\"\u0413\u043b\u0430\u0432\u043d\u0430\u044f \u0441\u0442\u0440\u0430\u043d\u0438\u0446\u0430\",\"item\":\"https:\\\/\\\/test.cosysunday.com\\\/de\\\/\"},{\"@type\":\"ListItem\",\"position\":2,\"name\":\"Shop\",\"item\":\"https:\\\/\\\/test.cosysunday.com\\\/shop\\\/\"},{\"@type\":\"ListItem\",\"position\":3,\"name\":\"Iconic\"}]},{\"@type\":\"WebSite\",\"@id\":\"https:\\\/\\\/test.cosysunday.com\\\/#website\",\"url\":\"https:\\\/\\\/test.cosysunday.com\\\/\",\"name\":\"COSY SUNDAY\",\"description\":\"Luxury weekend fashion\",\"potentialAction\":[{\"@type\":\"SearchAction\",\"target\":{\"@type\":\"EntryPoint\",\"urlTemplate\":\"https:\\\/\\\/test.cosysunday.com\\\/?s={search_term_string}\"},\"query-input\":{\"@type\":\"PropertyValueSpecification\",\"valueRequired\":true,\"valueName\":\"search_term_string\"}}],\"inLanguage\":\"de\"}]}<\/script>\n<!-- \/ Yoast SEO plugin. -->","yoast_head_json":{"title":"Iconic - COSY SUNDAY","robots":{"index":"noindex","follow":"follow","max-snippet":"max-snippet:-1","max-image-preview":"max-image-preview:large","max-video-preview":"max-video-preview:-1"},"og_locale":"de_DE","og_type":"article","og_title":"Iconic - COSY SUNDAY","og_description":"Unser wichtigstes Basic ist das COSY SUNDAY Iconic T-Shirt. Hergestellt aus 100 % Supima-Baumwolle, wird dieses St\u00fcck f\u00fcr immer in Ihrem Kleiderschrank bleiben, da es seine Form \u00fcber die Zeit beh\u00e4lt und f\u00fcr jeden Anlass ideal ist. Es f\u00fchlt sich weich und luxuri\u00f6s auf Ihrer Haut an. Kombinieren Sie es mit Ihren Lieblingsunterteilen, und Sie sind bereit zu gehen.","og_url":"https:\/\/test.cosysunday.com\/de\/produkt\/iconic-2\/","og_site_name":"COSY SUNDAY","article_modified_time":"2024-07-09T08:47:08+00:00","og_image":[{"width":1800,"height":1800,"url":"https:\/\/test.cosysunday.com\/wp-content\/uploads\/2023\/03\/T-Shirt-Iconic-SKU-H1-102-00-Optic-White.jpg","type":"image\/jpeg"}],"twitter_card":"summary_large_image","twitter_misc":{"Gesch\u00e4tzte Lesezeit":"1\u00a0Minute"},"schema":{"@context":"https:\/\/schema.org","@graph":[{"@type":"WebPage","@id":"https:\/\/test.cosysunday.com\/de\/produkt\/iconic-2\/","url":"https:\/\/test.cosysunday.com\/de\/produkt\/iconic-2\/","name":"Iconic - COSY SUNDAY","isPartOf":{"@id":"https:\/\/test.cosysunday.com\/#website"},"primaryImageOfPage":{"@id":"https:\/\/test.cosysunday.com\/de\/produkt\/iconic-2\/#primaryimage"},"image":{"@id":"https:\/\/test.cosysunday.com\/de\/produkt\/iconic-2\/#primaryimage"},"thumbnailUrl":"https:\/\/cdn.speedsize.com\/f92682dc-7352-42e5-8737-ed80049e205d\/test.cosysunday.com\/wp-content\/uploads\/2023\/03\/T-Shirt-Iconic-SKU-H1-102-00-Optic-White.jpg","datePublished":"2024-03-07T13:28:28+00:00","dateModified":"2024-07-09T08:47:08+00:00","breadcrumb":{"@id":"https:\/\/test.cosysunday.com\/de\/produkt\/iconic-2\/#breadcrumb"},"inLanguage":"de","potentialAction":[{"@type":"ReadAction","target":["https:\/\/test.cosysunday.com\/de\/produkt\/iconic-2\/"]}]},{"@type":"ImageObject","inLanguage":"de","@id":"https:\/\/test.cosysunday.com\/de\/produkt\/iconic-2\/#primaryimage","url":"https:\/\/cdn.speedsize.com\/f92682dc-7352-42e5-8737-ed80049e205d\/test.cosysunday.com\/wp-content\/uploads\/2023\/03\/T-Shirt-Iconic-SKU-H1-102-00-Optic-White.jpg","contentUrl":"https:\/\/cdn.speedsize.com\/f92682dc-7352-42e5-8737-ed80049e205d\/test.cosysunday.com\/wp-content\/uploads\/2023\/03\/T-Shirt-Iconic-SKU-H1-102-00-Optic-White.jpg","width":1800,"height":1800},{"@type":"BreadcrumbList","@id":"https:\/\/test.cosysunday.com\/de\/produkt\/iconic-2\/#breadcrumb","itemListElement":[{"@type":"ListItem","position":1,"name":"\u0413\u043b\u0430\u0432\u043d\u0430\u044f \u0441\u0442\u0440\u0430\u043d\u0438\u0446\u0430","item":"https:\/\/test.cosysunday.com\/de\/"},{"@type":"ListItem","position":2,"name":"Shop","item":"https:\/\/test.cosysunday.com\/shop\/"},{"@type":"ListItem","position":3,"name":"Iconic"}]},{"@type":"WebSite","@id":"https:\/\/test.cosysunday.com\/#website","url":"https:\/\/test.cosysunday.com\/","name":"COSY SUNDAY","description":"Luxury weekend fashion","potentialAction":[{"@type":"SearchAction","target":{"@type":"EntryPoint","urlTemplate":"https:\/\/test.cosysunday.com\/?s={search_term_string}"},"query-input":{"@type":"PropertyValueSpecification","valueRequired":true,"valueName":"search_term_string"}}],"inLanguage":"de"}]}},"_links":{"self":[{"href":"https:\/\/test.cosysunday.com\/de\/wp-json\/wp\/v2\/product\/6697","targetHints":{"allow":["GET"]}}],"collection":[{"href":"https:\/\/test.cosysunday.com\/de\/wp-json\/wp\/v2\/product"}],"about":[{"href":"https:\/\/test.cosysunday.com\/de\/wp-json\/wp\/v2\/types\/product"}],"replies":[{"embeddable":true,"href":"https:\/\/test.cosysunday.com\/de\/wp-json\/wp\/v2\/comments?post=6697"}],"wp:featuredmedia":[{"embeddable":true,"href":"https:\/\/test.cosysunday.com\/de\/wp-json\/wp\/v2\/media\/5565"}],"wp:attachment":[{"href":"https:\/\/test.cosysunday.com\/de\/wp-json\/wp\/v2\/media?parent=6697"}],"wp:term":[{"taxonomy":"product_brand","embeddable":true,"href":"https:\/\/test.cosysunday.com\/de\/wp-json\/wp\/v2\/product_brand?post=6697"},{"taxonomy":"product_cat","embeddable":true,"href":"https:\/\/test.cosysunday.com\/de\/wp-json\/wp\/v2\/product_cat?post=6697"},{"taxonomy":"product_tag","embeddable":true,"href":"https:\/\/test.cosysunday.com\/de\/wp-json\/wp\/v2\/product_tag?post=6697"}],"curies":[{"name":"wp","href":"https:\/\/api.w.org\/{rel}","templated":true}]}}