{"id":6671,"date":"2024-03-07T15:32:09","date_gmt":"2024-03-07T13:32:09","guid":{"rendered":"https:\/\/test.cosysunday.com\/product\/macaroon-sandals\/"},"modified":"2024-07-09T10:54:58","modified_gmt":"2024-07-09T08:54:58","slug":"macaroon-sandals","status":"publish","type":"product","link":"https:\/\/test.cosysunday.com\/de\/produkt\/macaroon-sandals\/","title":{"rendered":"Macaroon sandals"},"content":{"rendered":"<p>Traceability-QR-Code verf\u00fcgbar<\/p>\n<p><strong>Highlights<\/strong><\/p>\n<p>\u00b7 pflanzlich basiertes (Mais und Hafer) zertifiziertes ethisches Leder,<\/p>\n<p>\u00b7 PETA-zugelassenes Vegan, Animal Free LAV-Label<\/p>\n<p>\u00b7 das Kleidungsst\u00fcck ist langlebig, hat eine lange Lebensdauer und ist nicht recycelbar.<\/p>\n<p><strong>Zusammensetzung<\/strong><\/p>\n<p>veganes pflanzlich basiertes Leder<\/p>\n<p><img loading=\"lazy\" decoding=\"async\" class=\"alignnone wp-image-9983\" src=\"https:\/\/test.cosysunday.com\/wp-content\/uploads\/2023\/03\/certificate-2-1-300x300.jpg\" alt=\"\" width=\"66\" height=\"66\" \/> <img loading=\"lazy\" decoding=\"async\" class=\"alignnone wp-image-9994\" src=\"https:\/\/test.cosysunday.com\/wp-content\/uploads\/2023\/03\/certificate-13-1-300x300.jpg\" alt=\"\" width=\"67\" height=\"67\" \/> <img loading=\"lazy\" decoding=\"async\" class=\"alignnone wp-image-9987\" src=\"https:\/\/test.cosysunday.com\/wp-content\/uploads\/2023\/03\/certificate-6-300x300.jpg\" alt=\"\" width=\"66\" height=\"66\" \/> <img loading=\"lazy\" decoding=\"async\" class=\"alignnone wp-image-9991\" src=\"https:\/\/test.cosysunday.com\/wp-content\/uploads\/2023\/03\/certificate-10-300x300.jpg\" alt=\"\" width=\"66\" height=\"66\" \/><\/p>\n<p><strong>Waschanleitung<\/strong><\/p>\n<p>das vegane Leder l\u00e4sst sich leicht mit warmem Wasser und Seife reinigen<\/p>\n<p><strong>Tragen<\/strong><\/p>\n<p>ganzj\u00e4hrig<\/p>\n","protected":false},"excerpt":{"rendered":"<p><span data-sheets-root=\"1\" data-sheets-value=\"{&quot;1&quot;:2,&quot;2&quot;:&quot;Diese veganen Ledersandalen verf\u00fcgen \u00fcber dicke, verstellbare Riemen und eine verstellbare Schnalle am Kn\u00f6chel, die eine perfekte Passform an jedem Fu\u00df erm\u00f6glichen. Das Leder ist sehr weich und ideal f\u00fcr empfindliche Haut. Die klobigen Schuhe mit gepolsterten Sohlen sind sowohl praktisch als auch stilvoll. Diese Sandalen sehen m\u00fchelos cool aus, egal ob mit lockerer Kleidung oder einem Kleid.&quot;}\" data-sheets-userformat=\"{&quot;2&quot;:769,&quot;3&quot;:{&quot;1&quot;:0},&quot;11&quot;:4,&quot;12&quot;:0}\">Diese veganen Ledersandalen verf\u00fcgen \u00fcber dicke, verstellbare Riemen und eine verstellbare Schnalle am Kn\u00f6chel, die eine perfekte Passform an jedem Fu\u00df erm\u00f6glichen. Das Leder ist sehr weich und ideal f\u00fcr empfindliche Haut. Die klobigen Schuhe mit gepolsterten Sohlen sind sowohl praktisch als auch stilvoll. Diese Sandalen sehen m\u00fchelos cool aus, egal ob mit lockerer Kleidung oder einem Kleid.<\/span><\/p>\n","protected":false},"featured_media":5522,"comment_status":"open","ping_status":"closed","template":"","meta":[],"product_brand":[],"product_cat":[234,236,245,280],"product_tag":[],"class_list":{"0":"post-6671","1":"product","2":"type-product","3":"status-publish","4":"has-post-thumbnail","6":"product_cat-new-in-women-de","7":"product_cat-frauen","8":"product_cat-summer-de","9":"product_cat-schuhe-de","11":"first","12":"instock","13":"sold-individually","14":"taxable","15":"shipping-taxable","16":"purchasable","17":"product-type-variable","18":"has-default-attributes"},"acf":[],"yoast_head":"<!-- This site is optimized with the Yoast SEO plugin v27.5 - https:\/\/yoast.com\/product\/yoast-seo-wordpress\/ -->\n<title>Macaroon sandals - COSY SUNDAY<\/title>\n<meta name=\"robots\" content=\"noindex, follow, max-snippet:-1, max-image-preview:large, max-video-preview:-1\" \/>\n<meta property=\"og:locale\" content=\"de_DE\" \/>\n<meta property=\"og:type\" content=\"article\" \/>\n<meta property=\"og:title\" content=\"Macaroon sandals - COSY SUNDAY\" \/>\n<meta property=\"og:description\" content=\"Diese veganen Ledersandalen verf\u00fcgen \u00fcber dicke, verstellbare Riemen und eine verstellbare Schnalle am Kn\u00f6chel, die eine perfekte Passform an jedem Fu\u00df erm\u00f6glichen. Das Leder ist sehr weich und ideal f\u00fcr empfindliche Haut. Die klobigen Schuhe mit gepolsterten Sohlen sind sowohl praktisch als auch stilvoll. Diese Sandalen sehen m\u00fchelos cool aus, egal ob mit lockerer Kleidung oder einem Kleid.\" \/>\n<meta property=\"og:url\" content=\"https:\/\/test.cosysunday.com\/de\/produkt\/macaroon-sandals\/\" \/>\n<meta property=\"og:site_name\" content=\"COSY SUNDAY\" \/>\n<meta property=\"article:modified_time\" content=\"2024-07-09T08:54:58+00:00\" \/>\n<meta property=\"og:image\" content=\"https:\/\/test.cosysunday.com\/wp-content\/uploads\/2023\/03\/Sandals-Macaroon-sandals-SKU-S1-503-03-Biscotto.jpg\" \/>\n\t<meta property=\"og:image:width\" content=\"1800\" \/>\n\t<meta property=\"og:image:height\" content=\"1800\" \/>\n\t<meta property=\"og:image:type\" content=\"image\/jpeg\" \/>\n<meta name=\"twitter:card\" content=\"summary_large_image\" \/>\n<meta name=\"twitter:label1\" content=\"Gesch\u00e4tzte Lesezeit\" \/>\n\t<meta name=\"twitter:data1\" content=\"2\u00a0Minuten\" \/>\n<script type=\"application\/ld+json\" class=\"yoast-schema-graph\">{\"@context\":\"https:\\\/\\\/schema.org\",\"@graph\":[{\"@type\":\"WebPage\",\"@id\":\"https:\\\/\\\/test.cosysunday.com\\\/de\\\/produkt\\\/macaroon-sandals\\\/\",\"url\":\"https:\\\/\\\/test.cosysunday.com\\\/de\\\/produkt\\\/macaroon-sandals\\\/\",\"name\":\"Macaroon sandals - COSY SUNDAY\",\"isPartOf\":{\"@id\":\"https:\\\/\\\/test.cosysunday.com\\\/#website\"},\"primaryImageOfPage\":{\"@id\":\"https:\\\/\\\/test.cosysunday.com\\\/de\\\/produkt\\\/macaroon-sandals\\\/#primaryimage\"},\"image\":{\"@id\":\"https:\\\/\\\/test.cosysunday.com\\\/de\\\/produkt\\\/macaroon-sandals\\\/#primaryimage\"},\"thumbnailUrl\":\"https:\\\/\\\/cdn.speedsize.com\\\/f92682dc-7352-42e5-8737-ed80049e205d\\\/test.cosysunday.com\\\/wp-content\\\/uploads\\\/2023\\\/03\\\/Sandals-Macaroon-sandals-SKU-S1-503-03-Biscotto.jpg\",\"datePublished\":\"2024-03-07T13:32:09+00:00\",\"dateModified\":\"2024-07-09T08:54:58+00:00\",\"breadcrumb\":{\"@id\":\"https:\\\/\\\/test.cosysunday.com\\\/de\\\/produkt\\\/macaroon-sandals\\\/#breadcrumb\"},\"inLanguage\":\"de\",\"potentialAction\":[{\"@type\":\"ReadAction\",\"target\":[\"https:\\\/\\\/test.cosysunday.com\\\/de\\\/produkt\\\/macaroon-sandals\\\/\"]}]},{\"@type\":\"ImageObject\",\"inLanguage\":\"de\",\"@id\":\"https:\\\/\\\/test.cosysunday.com\\\/de\\\/produkt\\\/macaroon-sandals\\\/#primaryimage\",\"url\":\"https:\\\/\\\/cdn.speedsize.com\\\/f92682dc-7352-42e5-8737-ed80049e205d\\\/test.cosysunday.com\\\/wp-content\\\/uploads\\\/2023\\\/03\\\/Sandals-Macaroon-sandals-SKU-S1-503-03-Biscotto.jpg\",\"contentUrl\":\"https:\\\/\\\/cdn.speedsize.com\\\/f92682dc-7352-42e5-8737-ed80049e205d\\\/test.cosysunday.com\\\/wp-content\\\/uploads\\\/2023\\\/03\\\/Sandals-Macaroon-sandals-SKU-S1-503-03-Biscotto.jpg\",\"width\":1800,\"height\":1800},{\"@type\":\"BreadcrumbList\",\"@id\":\"https:\\\/\\\/test.cosysunday.com\\\/de\\\/produkt\\\/macaroon-sandals\\\/#breadcrumb\",\"itemListElement\":[{\"@type\":\"ListItem\",\"position\":1,\"name\":\"\u0413\u043b\u0430\u0432\u043d\u0430\u044f \u0441\u0442\u0440\u0430\u043d\u0438\u0446\u0430\",\"item\":\"https:\\\/\\\/test.cosysunday.com\\\/de\\\/\"},{\"@type\":\"ListItem\",\"position\":2,\"name\":\"Shop\",\"item\":\"https:\\\/\\\/test.cosysunday.com\\\/shop\\\/\"},{\"@type\":\"ListItem\",\"position\":3,\"name\":\"Macaroon sandals\"}]},{\"@type\":\"WebSite\",\"@id\":\"https:\\\/\\\/test.cosysunday.com\\\/#website\",\"url\":\"https:\\\/\\\/test.cosysunday.com\\\/\",\"name\":\"COSY SUNDAY\",\"description\":\"Luxury weekend fashion\",\"potentialAction\":[{\"@type\":\"SearchAction\",\"target\":{\"@type\":\"EntryPoint\",\"urlTemplate\":\"https:\\\/\\\/test.cosysunday.com\\\/?s={search_term_string}\"},\"query-input\":{\"@type\":\"PropertyValueSpecification\",\"valueRequired\":true,\"valueName\":\"search_term_string\"}}],\"inLanguage\":\"de\"}]}<\/script>\n<!-- \/ Yoast SEO plugin. -->","yoast_head_json":{"title":"Macaroon sandals - COSY SUNDAY","robots":{"index":"noindex","follow":"follow","max-snippet":"max-snippet:-1","max-image-preview":"max-image-preview:large","max-video-preview":"max-video-preview:-1"},"og_locale":"de_DE","og_type":"article","og_title":"Macaroon sandals - COSY SUNDAY","og_description":"Diese veganen Ledersandalen verf\u00fcgen \u00fcber dicke, verstellbare Riemen und eine verstellbare Schnalle am Kn\u00f6chel, die eine perfekte Passform an jedem Fu\u00df erm\u00f6glichen. Das Leder ist sehr weich und ideal f\u00fcr empfindliche Haut. Die klobigen Schuhe mit gepolsterten Sohlen sind sowohl praktisch als auch stilvoll. Diese Sandalen sehen m\u00fchelos cool aus, egal ob mit lockerer Kleidung oder einem Kleid.","og_url":"https:\/\/test.cosysunday.com\/de\/produkt\/macaroon-sandals\/","og_site_name":"COSY SUNDAY","article_modified_time":"2024-07-09T08:54:58+00:00","og_image":[{"width":1800,"height":1800,"url":"https:\/\/test.cosysunday.com\/wp-content\/uploads\/2023\/03\/Sandals-Macaroon-sandals-SKU-S1-503-03-Biscotto.jpg","type":"image\/jpeg"}],"twitter_card":"summary_large_image","twitter_misc":{"Gesch\u00e4tzte Lesezeit":"2\u00a0Minuten"},"schema":{"@context":"https:\/\/schema.org","@graph":[{"@type":"WebPage","@id":"https:\/\/test.cosysunday.com\/de\/produkt\/macaroon-sandals\/","url":"https:\/\/test.cosysunday.com\/de\/produkt\/macaroon-sandals\/","name":"Macaroon sandals - COSY SUNDAY","isPartOf":{"@id":"https:\/\/test.cosysunday.com\/#website"},"primaryImageOfPage":{"@id":"https:\/\/test.cosysunday.com\/de\/produkt\/macaroon-sandals\/#primaryimage"},"image":{"@id":"https:\/\/test.cosysunday.com\/de\/produkt\/macaroon-sandals\/#primaryimage"},"thumbnailUrl":"https:\/\/cdn.speedsize.com\/f92682dc-7352-42e5-8737-ed80049e205d\/test.cosysunday.com\/wp-content\/uploads\/2023\/03\/Sandals-Macaroon-sandals-SKU-S1-503-03-Biscotto.jpg","datePublished":"2024-03-07T13:32:09+00:00","dateModified":"2024-07-09T08:54:58+00:00","breadcrumb":{"@id":"https:\/\/test.cosysunday.com\/de\/produkt\/macaroon-sandals\/#breadcrumb"},"inLanguage":"de","potentialAction":[{"@type":"ReadAction","target":["https:\/\/test.cosysunday.com\/de\/produkt\/macaroon-sandals\/"]}]},{"@type":"ImageObject","inLanguage":"de","@id":"https:\/\/test.cosysunday.com\/de\/produkt\/macaroon-sandals\/#primaryimage","url":"https:\/\/cdn.speedsize.com\/f92682dc-7352-42e5-8737-ed80049e205d\/test.cosysunday.com\/wp-content\/uploads\/2023\/03\/Sandals-Macaroon-sandals-SKU-S1-503-03-Biscotto.jpg","contentUrl":"https:\/\/cdn.speedsize.com\/f92682dc-7352-42e5-8737-ed80049e205d\/test.cosysunday.com\/wp-content\/uploads\/2023\/03\/Sandals-Macaroon-sandals-SKU-S1-503-03-Biscotto.jpg","width":1800,"height":1800},{"@type":"BreadcrumbList","@id":"https:\/\/test.cosysunday.com\/de\/produkt\/macaroon-sandals\/#breadcrumb","itemListElement":[{"@type":"ListItem","position":1,"name":"\u0413\u043b\u0430\u0432\u043d\u0430\u044f \u0441\u0442\u0440\u0430\u043d\u0438\u0446\u0430","item":"https:\/\/test.cosysunday.com\/de\/"},{"@type":"ListItem","position":2,"name":"Shop","item":"https:\/\/test.cosysunday.com\/shop\/"},{"@type":"ListItem","position":3,"name":"Macaroon sandals"}]},{"@type":"WebSite","@id":"https:\/\/test.cosysunday.com\/#website","url":"https:\/\/test.cosysunday.com\/","name":"COSY SUNDAY","description":"Luxury weekend fashion","potentialAction":[{"@type":"SearchAction","target":{"@type":"EntryPoint","urlTemplate":"https:\/\/test.cosysunday.com\/?s={search_term_string}"},"query-input":{"@type":"PropertyValueSpecification","valueRequired":true,"valueName":"search_term_string"}}],"inLanguage":"de"}]}},"_links":{"self":[{"href":"https:\/\/test.cosysunday.com\/de\/wp-json\/wp\/v2\/product\/6671","targetHints":{"allow":["GET"]}}],"collection":[{"href":"https:\/\/test.cosysunday.com\/de\/wp-json\/wp\/v2\/product"}],"about":[{"href":"https:\/\/test.cosysunday.com\/de\/wp-json\/wp\/v2\/types\/product"}],"replies":[{"embeddable":true,"href":"https:\/\/test.cosysunday.com\/de\/wp-json\/wp\/v2\/comments?post=6671"}],"wp:featuredmedia":[{"embeddable":true,"href":"https:\/\/test.cosysunday.com\/de\/wp-json\/wp\/v2\/media\/5522"}],"wp:attachment":[{"href":"https:\/\/test.cosysunday.com\/de\/wp-json\/wp\/v2\/media?parent=6671"}],"wp:term":[{"taxonomy":"product_brand","embeddable":true,"href":"https:\/\/test.cosysunday.com\/de\/wp-json\/wp\/v2\/product_brand?post=6671"},{"taxonomy":"product_cat","embeddable":true,"href":"https:\/\/test.cosysunday.com\/de\/wp-json\/wp\/v2\/product_cat?post=6671"},{"taxonomy":"product_tag","embeddable":true,"href":"https:\/\/test.cosysunday.com\/de\/wp-json\/wp\/v2\/product_tag?post=6671"}],"curies":[{"name":"wp","href":"https:\/\/api.w.org\/{rel}","templated":true}]}}