{"id":6642,"date":"2024-03-07T16:24:43","date_gmt":"2024-03-07T14:24:43","guid":{"rendered":"https:\/\/test.cosysunday.com\/product\/morning-star\/"},"modified":"2024-07-09T11:38:32","modified_gmt":"2024-07-09T09:38:32","slug":"womens-cotton-shorts","status":"publish","type":"product","link":"https:\/\/test.cosysunday.com\/de\/produkt\/womens-cotton-shorts\/","title":{"rendered":"Baumwollshorts damen Morning Star"},"content":{"rendered":"<p>Traceability-QR-Code verf\u00fcgbar<\/p>\n<p><strong>Highlights<\/strong><\/p>\n<p>\u00b7 Shorts im Varsity-Stil<\/p>\n<p>\u00b7 einzigartige Stoffmischung zertifiziert nach Oeko-TEX Standard 100<\/p>\n<p>\u00b7 100% biologisch abbaubar<\/p>\n<p>\u00b7 funktionale Taschen<\/p>\n<p>\u00b7 atmungsaktiv und hautreizungsvorbeugend<\/p>\n<p><strong>Zusammensetzung<\/strong><\/p>\n<p>96% Baumwolle, 4% Kaschmir<\/p>\n<p><img loading=\"lazy\" decoding=\"async\" class=\"alignnone wp-image-9998\" src=\"https:\/\/test.cosysunday.com\/wp-content\/uploads\/2023\/03\/certificate-17-300x300.jpg\" alt=\"\" width=\"66\" height=\"66\" \/><\/p>\n<p><strong>Waschanleitung<\/strong><\/p>\n<p>30\u00b0 Handw\u00e4sche<\/p>\n<p><strong>Tragen<\/strong><\/p>\n<p>ganzj\u00e4hrig<\/p>\n","protected":false},"excerpt":{"rendered":"<p><span data-sheets-root=\"1\" data-sheets-value=\"{&quot;1&quot;:2,&quot;2&quot;:&quot;Diese superbequemen Shorts werden schnell Ihr Lieblingsst\u00fcck zum Entspannen zu Hause. Hergestellt aus einer einzigartigen Mischung ohne Polyester, speziell f\u00fcr COSY SUNDAY, haben diese Shorts eine lockere Passform und einen flexiblen Bund in mittlerer H\u00f6he. Das Zugband erm\u00f6glicht eine pr\u00e4zise Anpassung. Kombinieren Sie sie mit einem unserer Sweatshirts und seien Sie der Star des Morgens.&quot;}\" data-sheets-userformat=\"{&quot;2&quot;:769,&quot;3&quot;:{&quot;1&quot;:0},&quot;11&quot;:4,&quot;12&quot;:0}\">Diese superbequemen Shorts werden schnell Ihr Lieblingsst\u00fcck zum Entspannen zu Hause. Hergestellt aus einer einzigartigen Mischung ohne Polyester, speziell f\u00fcr COSY SUNDAY, haben diese Shorts eine lockere Passform und einen flexiblen Bund in mittlerer H\u00f6he. Das Zugband erm\u00f6glicht eine pr\u00e4zise Anpassung. Kombinieren Sie sie mit einem unserer Sweatshirts und seien Sie der Star des Morgens.<\/span><\/p>\n","protected":false},"featured_media":5539,"comment_status":"open","ping_status":"closed","template":"","meta":[],"product_brand":[],"product_cat":[234,235,236,245,287],"product_tag":[237],"class_list":{"0":"post-6642","1":"product","2":"type-product","3":"status-publish","4":"has-post-thumbnail","6":"product_cat-new-in-women-de","7":"product_cat-heimtextilien","8":"product_cat-frauen","9":"product_cat-summer-de","10":"product_cat-bottom-women-de","11":"product_tag-geschenk-2","13":"first","14":"instock","15":"sold-individually","16":"taxable","17":"shipping-taxable","18":"purchasable","19":"product-type-variable","20":"has-default-attributes"},"acf":[],"yoast_head":"<!-- This site is optimized with the Yoast SEO plugin v27.5 - https:\/\/yoast.com\/product\/yoast-seo-wordpress\/ -->\n<title>Damen Baumwollshorts - COSY SUNDAY<\/title>\n<meta name=\"description\" content=\"Holen Sie sich die ideale Mischung aus Leichtigkeit und Mode, wenn Sie unsere Baumwollshorts f\u00fcr Damen bei COSY SUNDAY tragen. Feiern Sie den Sommer mit warmen, luftigen Styles f\u00fcr t\u00e4gliche Eleganz und Freizeit.\" \/>\n<meta name=\"robots\" content=\"noindex, follow, max-snippet:-1, max-image-preview:large, max-video-preview:-1\" \/>\n<meta property=\"og:locale\" content=\"de_DE\" \/>\n<meta property=\"og:type\" content=\"article\" \/>\n<meta property=\"og:title\" content=\"Damen Baumwollshorts - COSY SUNDAY\" \/>\n<meta property=\"og:description\" content=\"Holen Sie sich die ideale Mischung aus Leichtigkeit und Mode, wenn Sie unsere Baumwollshorts f\u00fcr Damen bei COSY SUNDAY tragen. Feiern Sie den Sommer mit warmen, luftigen Styles f\u00fcr t\u00e4gliche Eleganz und Freizeit.\" \/>\n<meta property=\"og:url\" content=\"https:\/\/test.cosysunday.com\/de\/produkt\/womens-cotton-shorts\/\" \/>\n<meta property=\"og:site_name\" content=\"COSY SUNDAY\" \/>\n<meta property=\"article:modified_time\" content=\"2024-07-09T09:38:32+00:00\" \/>\n<meta property=\"og:image\" content=\"https:\/\/test.cosysunday.com\/wp-content\/uploads\/2023\/03\/Short-Morning-Star-SKU-H1-103-03-Biscotto.jpg\" \/>\n\t<meta property=\"og:image:width\" content=\"1800\" \/>\n\t<meta property=\"og:image:height\" content=\"1800\" \/>\n\t<meta property=\"og:image:type\" content=\"image\/jpeg\" \/>\n<meta name=\"twitter:card\" content=\"summary_large_image\" \/>\n<meta name=\"twitter:label1\" content=\"Gesch\u00e4tzte Lesezeit\" \/>\n\t<meta name=\"twitter:data1\" content=\"1\u00a0Minute\" \/>\n<script type=\"application\/ld+json\" class=\"yoast-schema-graph\">{\"@context\":\"https:\\\/\\\/schema.org\",\"@graph\":[{\"@type\":\"WebPage\",\"@id\":\"https:\\\/\\\/test.cosysunday.com\\\/de\\\/produkt\\\/womens-cotton-shorts\\\/\",\"url\":\"https:\\\/\\\/test.cosysunday.com\\\/de\\\/produkt\\\/womens-cotton-shorts\\\/\",\"name\":\"Damen Baumwollshorts - COSY SUNDAY\",\"isPartOf\":{\"@id\":\"https:\\\/\\\/test.cosysunday.com\\\/#website\"},\"primaryImageOfPage\":{\"@id\":\"https:\\\/\\\/test.cosysunday.com\\\/de\\\/produkt\\\/womens-cotton-shorts\\\/#primaryimage\"},\"image\":{\"@id\":\"https:\\\/\\\/test.cosysunday.com\\\/de\\\/produkt\\\/womens-cotton-shorts\\\/#primaryimage\"},\"thumbnailUrl\":\"https:\\\/\\\/cdn.speedsize.com\\\/f92682dc-7352-42e5-8737-ed80049e205d\\\/test.cosysunday.com\\\/wp-content\\\/uploads\\\/2023\\\/03\\\/Short-Morning-Star-SKU-H1-103-03-Biscotto.jpg\",\"datePublished\":\"2024-03-07T14:24:43+00:00\",\"dateModified\":\"2024-07-09T09:38:32+00:00\",\"description\":\"Holen Sie sich die ideale Mischung aus Leichtigkeit und Mode, wenn Sie unsere Baumwollshorts f\u00fcr Damen bei COSY SUNDAY tragen. Feiern Sie den Sommer mit warmen, luftigen Styles f\u00fcr t\u00e4gliche Eleganz und Freizeit.\",\"breadcrumb\":{\"@id\":\"https:\\\/\\\/test.cosysunday.com\\\/de\\\/produkt\\\/womens-cotton-shorts\\\/#breadcrumb\"},\"inLanguage\":\"de\",\"potentialAction\":[{\"@type\":\"ReadAction\",\"target\":[\"https:\\\/\\\/test.cosysunday.com\\\/de\\\/produkt\\\/womens-cotton-shorts\\\/\"]}]},{\"@type\":\"ImageObject\",\"inLanguage\":\"de\",\"@id\":\"https:\\\/\\\/test.cosysunday.com\\\/de\\\/produkt\\\/womens-cotton-shorts\\\/#primaryimage\",\"url\":\"https:\\\/\\\/cdn.speedsize.com\\\/f92682dc-7352-42e5-8737-ed80049e205d\\\/test.cosysunday.com\\\/wp-content\\\/uploads\\\/2023\\\/03\\\/Short-Morning-Star-SKU-H1-103-03-Biscotto.jpg\",\"contentUrl\":\"https:\\\/\\\/cdn.speedsize.com\\\/f92682dc-7352-42e5-8737-ed80049e205d\\\/test.cosysunday.com\\\/wp-content\\\/uploads\\\/2023\\\/03\\\/Short-Morning-Star-SKU-H1-103-03-Biscotto.jpg\",\"width\":1800,\"height\":1800},{\"@type\":\"BreadcrumbList\",\"@id\":\"https:\\\/\\\/test.cosysunday.com\\\/de\\\/produkt\\\/womens-cotton-shorts\\\/#breadcrumb\",\"itemListElement\":[{\"@type\":\"ListItem\",\"position\":1,\"name\":\"\u0413\u043b\u0430\u0432\u043d\u0430\u044f \u0441\u0442\u0440\u0430\u043d\u0438\u0446\u0430\",\"item\":\"https:\\\/\\\/test.cosysunday.com\\\/de\\\/\"},{\"@type\":\"ListItem\",\"position\":2,\"name\":\"Shop\",\"item\":\"https:\\\/\\\/test.cosysunday.com\\\/shop\\\/\"},{\"@type\":\"ListItem\",\"position\":3,\"name\":\"Baumwollshorts damen Morning Star\"}]},{\"@type\":\"WebSite\",\"@id\":\"https:\\\/\\\/test.cosysunday.com\\\/#website\",\"url\":\"https:\\\/\\\/test.cosysunday.com\\\/\",\"name\":\"COSY SUNDAY\",\"description\":\"Luxury weekend fashion\",\"potentialAction\":[{\"@type\":\"SearchAction\",\"target\":{\"@type\":\"EntryPoint\",\"urlTemplate\":\"https:\\\/\\\/test.cosysunday.com\\\/?s={search_term_string}\"},\"query-input\":{\"@type\":\"PropertyValueSpecification\",\"valueRequired\":true,\"valueName\":\"search_term_string\"}}],\"inLanguage\":\"de\"}]}<\/script>\n<!-- \/ Yoast SEO plugin. -->","yoast_head_json":{"title":"Damen Baumwollshorts - COSY SUNDAY","description":"Holen Sie sich die ideale Mischung aus Leichtigkeit und Mode, wenn Sie unsere Baumwollshorts f\u00fcr Damen bei COSY SUNDAY tragen. Feiern Sie den Sommer mit warmen, luftigen Styles f\u00fcr t\u00e4gliche Eleganz und Freizeit.","robots":{"index":"noindex","follow":"follow","max-snippet":"max-snippet:-1","max-image-preview":"max-image-preview:large","max-video-preview":"max-video-preview:-1"},"og_locale":"de_DE","og_type":"article","og_title":"Damen Baumwollshorts - COSY SUNDAY","og_description":"Holen Sie sich die ideale Mischung aus Leichtigkeit und Mode, wenn Sie unsere Baumwollshorts f\u00fcr Damen bei COSY SUNDAY tragen. Feiern Sie den Sommer mit warmen, luftigen Styles f\u00fcr t\u00e4gliche Eleganz und Freizeit.","og_url":"https:\/\/test.cosysunday.com\/de\/produkt\/womens-cotton-shorts\/","og_site_name":"COSY SUNDAY","article_modified_time":"2024-07-09T09:38:32+00:00","og_image":[{"width":1800,"height":1800,"url":"https:\/\/test.cosysunday.com\/wp-content\/uploads\/2023\/03\/Short-Morning-Star-SKU-H1-103-03-Biscotto.jpg","type":"image\/jpeg"}],"twitter_card":"summary_large_image","twitter_misc":{"Gesch\u00e4tzte Lesezeit":"1\u00a0Minute"},"schema":{"@context":"https:\/\/schema.org","@graph":[{"@type":"WebPage","@id":"https:\/\/test.cosysunday.com\/de\/produkt\/womens-cotton-shorts\/","url":"https:\/\/test.cosysunday.com\/de\/produkt\/womens-cotton-shorts\/","name":"Damen Baumwollshorts - COSY SUNDAY","isPartOf":{"@id":"https:\/\/test.cosysunday.com\/#website"},"primaryImageOfPage":{"@id":"https:\/\/test.cosysunday.com\/de\/produkt\/womens-cotton-shorts\/#primaryimage"},"image":{"@id":"https:\/\/test.cosysunday.com\/de\/produkt\/womens-cotton-shorts\/#primaryimage"},"thumbnailUrl":"https:\/\/cdn.speedsize.com\/f92682dc-7352-42e5-8737-ed80049e205d\/test.cosysunday.com\/wp-content\/uploads\/2023\/03\/Short-Morning-Star-SKU-H1-103-03-Biscotto.jpg","datePublished":"2024-03-07T14:24:43+00:00","dateModified":"2024-07-09T09:38:32+00:00","description":"Holen Sie sich die ideale Mischung aus Leichtigkeit und Mode, wenn Sie unsere Baumwollshorts f\u00fcr Damen bei COSY SUNDAY tragen. Feiern Sie den Sommer mit warmen, luftigen Styles f\u00fcr t\u00e4gliche Eleganz und Freizeit.","breadcrumb":{"@id":"https:\/\/test.cosysunday.com\/de\/produkt\/womens-cotton-shorts\/#breadcrumb"},"inLanguage":"de","potentialAction":[{"@type":"ReadAction","target":["https:\/\/test.cosysunday.com\/de\/produkt\/womens-cotton-shorts\/"]}]},{"@type":"ImageObject","inLanguage":"de","@id":"https:\/\/test.cosysunday.com\/de\/produkt\/womens-cotton-shorts\/#primaryimage","url":"https:\/\/cdn.speedsize.com\/f92682dc-7352-42e5-8737-ed80049e205d\/test.cosysunday.com\/wp-content\/uploads\/2023\/03\/Short-Morning-Star-SKU-H1-103-03-Biscotto.jpg","contentUrl":"https:\/\/cdn.speedsize.com\/f92682dc-7352-42e5-8737-ed80049e205d\/test.cosysunday.com\/wp-content\/uploads\/2023\/03\/Short-Morning-Star-SKU-H1-103-03-Biscotto.jpg","width":1800,"height":1800},{"@type":"BreadcrumbList","@id":"https:\/\/test.cosysunday.com\/de\/produkt\/womens-cotton-shorts\/#breadcrumb","itemListElement":[{"@type":"ListItem","position":1,"name":"\u0413\u043b\u0430\u0432\u043d\u0430\u044f \u0441\u0442\u0440\u0430\u043d\u0438\u0446\u0430","item":"https:\/\/test.cosysunday.com\/de\/"},{"@type":"ListItem","position":2,"name":"Shop","item":"https:\/\/test.cosysunday.com\/shop\/"},{"@type":"ListItem","position":3,"name":"Baumwollshorts damen Morning Star"}]},{"@type":"WebSite","@id":"https:\/\/test.cosysunday.com\/#website","url":"https:\/\/test.cosysunday.com\/","name":"COSY SUNDAY","description":"Luxury weekend fashion","potentialAction":[{"@type":"SearchAction","target":{"@type":"EntryPoint","urlTemplate":"https:\/\/test.cosysunday.com\/?s={search_term_string}"},"query-input":{"@type":"PropertyValueSpecification","valueRequired":true,"valueName":"search_term_string"}}],"inLanguage":"de"}]}},"_links":{"self":[{"href":"https:\/\/test.cosysunday.com\/de\/wp-json\/wp\/v2\/product\/6642","targetHints":{"allow":["GET"]}}],"collection":[{"href":"https:\/\/test.cosysunday.com\/de\/wp-json\/wp\/v2\/product"}],"about":[{"href":"https:\/\/test.cosysunday.com\/de\/wp-json\/wp\/v2\/types\/product"}],"replies":[{"embeddable":true,"href":"https:\/\/test.cosysunday.com\/de\/wp-json\/wp\/v2\/comments?post=6642"}],"wp:featuredmedia":[{"embeddable":true,"href":"https:\/\/test.cosysunday.com\/de\/wp-json\/wp\/v2\/media\/5539"}],"wp:attachment":[{"href":"https:\/\/test.cosysunday.com\/de\/wp-json\/wp\/v2\/media?parent=6642"}],"wp:term":[{"taxonomy":"product_brand","embeddable":true,"href":"https:\/\/test.cosysunday.com\/de\/wp-json\/wp\/v2\/product_brand?post=6642"},{"taxonomy":"product_cat","embeddable":true,"href":"https:\/\/test.cosysunday.com\/de\/wp-json\/wp\/v2\/product_cat?post=6642"},{"taxonomy":"product_tag","embeddable":true,"href":"https:\/\/test.cosysunday.com\/de\/wp-json\/wp\/v2\/product_tag?post=6642"}],"curies":[{"name":"wp","href":"https:\/\/api.w.org\/{rel}","templated":true}]}}