{"id":6631,"date":"2024-03-07T16:24:46","date_gmt":"2024-03-07T14:24:46","guid":{"rendered":"https:\/\/test.cosysunday.com\/product\/pochette-cutie-fondente\/"},"modified":"2024-07-09T11:12:48","modified_gmt":"2024-07-09T09:12:48","slug":"pochette-cutie-fondente","status":"publish","type":"product","link":"https:\/\/test.cosysunday.com\/de\/produkt\/pochette-cutie-fondente\/","title":{"rendered":"Pochette Cutie Fondente"},"content":{"rendered":"<p>Traceability-QR-Code verf\u00fcgbar<\/p>\n<p><strong>Highlights<\/strong><\/p>\n<p>\u00b7 vegane Tasche<\/p>\n<p>\u00b7 zertifiziertes Material h\u00f6chster Qualit\u00e4t, produziert in Italien<\/p>\n<p>\u00b7 ordentlich und leicht<\/p>\n<p>\u00b7 diese Pochette ist kompatibel mit der &#8216;Carry Me Fondente&#8217;-Tasche, die als Organizer verwendet und innen befestigt werden kann<\/p>\n<p><strong>Zusammensetzung<\/strong><\/p>\n<p>Leinwand, veganes pflanzlich basiertes Leder<\/p>\n<p><img loading=\"lazy\" decoding=\"async\" class=\"alignnone wp-image-9983\" src=\"https:\/\/test.cosysunday.com\/wp-content\/uploads\/2023\/03\/certificate-2-1-300x300.jpg\" alt=\"\" width=\"66\" height=\"66\" \/> <img loading=\"lazy\" decoding=\"async\" class=\"alignnone wp-image-9994\" src=\"https:\/\/test.cosysunday.com\/wp-content\/uploads\/2023\/03\/certificate-13-1-300x300.jpg\" alt=\"\" width=\"67\" height=\"67\" \/> <img loading=\"lazy\" decoding=\"async\" class=\"alignnone wp-image-9987\" src=\"https:\/\/test.cosysunday.com\/wp-content\/uploads\/2023\/03\/certificate-6-300x300.jpg\" alt=\"\" width=\"66\" height=\"66\" \/> <img loading=\"lazy\" decoding=\"async\" class=\"alignnone wp-image-9991\" src=\"https:\/\/test.cosysunday.com\/wp-content\/uploads\/2023\/03\/certificate-10-300x300.jpg\" alt=\"\" width=\"66\" height=\"66\" \/><\/p>\n<p><strong>Waschanleitung<\/strong><\/p>\n<p>&nbsp;<\/p>\n<p><strong>Tragen<\/strong><\/p>\n","protected":false},"excerpt":{"rendered":"<p><span data-sheets-root=\"1\" data-sheets-value=\"{&quot;1&quot;:2,&quot;2&quot;:&quot;Unsere Cutie Pochette ist eine kompakte und elegante M\u00f6glichkeit, all Ihre t\u00e4glichen Essentials zu tragen. Sie ist mit weichem Canvas gef\u00fcttert, der Ihre Habseligkeiten sicher aufbewahrt. Wir haben sie mit hochwertiger Hardware ausgestattet, um sie sowohl langlebig als auch angenehm in der Anwendung zu machen. Tragen Sie sie einzeln oder in unserer \u2018Carry Me\u2019-Tasche und seien Sie sicher, dass sie Sie nie im Stich lassen wird. Ein absolutes Muss im Fitnessstudio, am Strand oder am Pool.&quot;}\" data-sheets-userformat=\"{&quot;2&quot;:769,&quot;3&quot;:{&quot;1&quot;:0},&quot;11&quot;:4,&quot;12&quot;:0}\">Unsere Cutie Pochette ist eine kompakte und elegante M\u00f6glichkeit, all Ihre t\u00e4glichen Essentials zu tragen. Sie ist mit weichem Canvas gef\u00fcttert, der Ihre Habseligkeiten sicher aufbewahrt. Wir haben sie mit hochwertiger Hardware ausgestattet, um sie sowohl langlebig als auch angenehm in der Anwendung zu machen. Tragen Sie sie einzeln oder in unserer \u2018Carry Me\u2019-Tasche und seien Sie sicher, dass sie Sie nie im Stich lassen wird. Ein absolutes Muss im Fitnessstudio, am Strand oder am Pool.<\/span><\/p>\n","protected":false},"featured_media":5403,"comment_status":"open","ping_status":"closed","template":"","meta":[],"product_brand":[],"product_cat":[234,236,245,281,282],"product_tag":[],"class_list":{"0":"post-6631","1":"product","2":"type-product","3":"status-publish","4":"has-post-thumbnail","6":"product_cat-new-in-women-de","7":"product_cat-frauen","8":"product_cat-summer-de","9":"product_cat-urlaubsort","10":"product_cat-bag-de","12":"first","13":"instock","14":"sold-individually","15":"taxable","16":"shipping-taxable","17":"purchasable","18":"product-type-variable","19":"has-default-attributes"},"acf":[],"yoast_head":"<!-- This site is optimized with the Yoast SEO plugin v27.5 - https:\/\/yoast.com\/product\/yoast-seo-wordpress\/ -->\n<title>Pochette Cutie Fondente - COSY SUNDAY<\/title>\n<meta name=\"robots\" content=\"noindex, follow, max-snippet:-1, max-image-preview:large, max-video-preview:-1\" \/>\n<meta property=\"og:locale\" content=\"de_DE\" \/>\n<meta property=\"og:type\" content=\"article\" \/>\n<meta property=\"og:title\" content=\"Pochette Cutie Fondente - COSY SUNDAY\" \/>\n<meta property=\"og:description\" content=\"Unsere Cutie Pochette ist eine kompakte und elegante M\u00f6glichkeit, all Ihre t\u00e4glichen Essentials zu tragen. Sie ist mit weichem Canvas gef\u00fcttert, der Ihre Habseligkeiten sicher aufbewahrt. Wir haben sie mit hochwertiger Hardware ausgestattet, um sie sowohl langlebig als auch angenehm in der Anwendung zu machen. Tragen Sie sie einzeln oder in unserer \u2018Carry Me\u2019-Tasche und seien Sie sicher, dass sie Sie nie im Stich lassen wird. Ein absolutes Muss im Fitnessstudio, am Strand oder am Pool.\" \/>\n<meta property=\"og:url\" content=\"https:\/\/test.cosysunday.com\/de\/produkt\/pochette-cutie-fondente\/\" \/>\n<meta property=\"og:site_name\" content=\"COSY SUNDAY\" \/>\n<meta property=\"article:modified_time\" content=\"2024-07-09T09:12:48+00:00\" \/>\n<meta property=\"og:image\" content=\"https:\/\/test.cosysunday.com\/wp-content\/uploads\/2023\/03\/Pochette-Cutie-Fondente-B1-602-05-Cioccolato-F.-1.jpg\" \/>\n\t<meta property=\"og:image:width\" content=\"1800\" \/>\n\t<meta property=\"og:image:height\" content=\"1800\" \/>\n\t<meta property=\"og:image:type\" content=\"image\/jpeg\" \/>\n<meta name=\"twitter:card\" content=\"summary_large_image\" \/>\n<meta name=\"twitter:label1\" content=\"Gesch\u00e4tzte Lesezeit\" \/>\n\t<meta name=\"twitter:data1\" content=\"2\u00a0Minuten\" \/>\n<script type=\"application\/ld+json\" class=\"yoast-schema-graph\">{\"@context\":\"https:\\\/\\\/schema.org\",\"@graph\":[{\"@type\":\"WebPage\",\"@id\":\"https:\\\/\\\/test.cosysunday.com\\\/de\\\/produkt\\\/pochette-cutie-fondente\\\/\",\"url\":\"https:\\\/\\\/test.cosysunday.com\\\/de\\\/produkt\\\/pochette-cutie-fondente\\\/\",\"name\":\"Pochette Cutie Fondente - COSY SUNDAY\",\"isPartOf\":{\"@id\":\"https:\\\/\\\/test.cosysunday.com\\\/#website\"},\"primaryImageOfPage\":{\"@id\":\"https:\\\/\\\/test.cosysunday.com\\\/de\\\/produkt\\\/pochette-cutie-fondente\\\/#primaryimage\"},\"image\":{\"@id\":\"https:\\\/\\\/test.cosysunday.com\\\/de\\\/produkt\\\/pochette-cutie-fondente\\\/#primaryimage\"},\"thumbnailUrl\":\"https:\\\/\\\/cdn.speedsize.com\\\/f92682dc-7352-42e5-8737-ed80049e205d\\\/test.cosysunday.com\\\/wp-content\\\/uploads\\\/2023\\\/03\\\/Pochette-Cutie-Fondente-B1-602-05-Cioccolato-F.-1.jpg\",\"datePublished\":\"2024-03-07T14:24:46+00:00\",\"dateModified\":\"2024-07-09T09:12:48+00:00\",\"breadcrumb\":{\"@id\":\"https:\\\/\\\/test.cosysunday.com\\\/de\\\/produkt\\\/pochette-cutie-fondente\\\/#breadcrumb\"},\"inLanguage\":\"de\",\"potentialAction\":[{\"@type\":\"ReadAction\",\"target\":[\"https:\\\/\\\/test.cosysunday.com\\\/de\\\/produkt\\\/pochette-cutie-fondente\\\/\"]}]},{\"@type\":\"ImageObject\",\"inLanguage\":\"de\",\"@id\":\"https:\\\/\\\/test.cosysunday.com\\\/de\\\/produkt\\\/pochette-cutie-fondente\\\/#primaryimage\",\"url\":\"https:\\\/\\\/cdn.speedsize.com\\\/f92682dc-7352-42e5-8737-ed80049e205d\\\/test.cosysunday.com\\\/wp-content\\\/uploads\\\/2023\\\/03\\\/Pochette-Cutie-Fondente-B1-602-05-Cioccolato-F.-1.jpg\",\"contentUrl\":\"https:\\\/\\\/cdn.speedsize.com\\\/f92682dc-7352-42e5-8737-ed80049e205d\\\/test.cosysunday.com\\\/wp-content\\\/uploads\\\/2023\\\/03\\\/Pochette-Cutie-Fondente-B1-602-05-Cioccolato-F.-1.jpg\",\"width\":1800,\"height\":1800},{\"@type\":\"BreadcrumbList\",\"@id\":\"https:\\\/\\\/test.cosysunday.com\\\/de\\\/produkt\\\/pochette-cutie-fondente\\\/#breadcrumb\",\"itemListElement\":[{\"@type\":\"ListItem\",\"position\":1,\"name\":\"\u0413\u043b\u0430\u0432\u043d\u0430\u044f \u0441\u0442\u0440\u0430\u043d\u0438\u0446\u0430\",\"item\":\"https:\\\/\\\/test.cosysunday.com\\\/de\\\/\"},{\"@type\":\"ListItem\",\"position\":2,\"name\":\"Shop\",\"item\":\"https:\\\/\\\/test.cosysunday.com\\\/shop\\\/\"},{\"@type\":\"ListItem\",\"position\":3,\"name\":\"Pochette Cutie Fondente\"}]},{\"@type\":\"WebSite\",\"@id\":\"https:\\\/\\\/test.cosysunday.com\\\/#website\",\"url\":\"https:\\\/\\\/test.cosysunday.com\\\/\",\"name\":\"COSY SUNDAY\",\"description\":\"Luxury weekend fashion\",\"potentialAction\":[{\"@type\":\"SearchAction\",\"target\":{\"@type\":\"EntryPoint\",\"urlTemplate\":\"https:\\\/\\\/test.cosysunday.com\\\/?s={search_term_string}\"},\"query-input\":{\"@type\":\"PropertyValueSpecification\",\"valueRequired\":true,\"valueName\":\"search_term_string\"}}],\"inLanguage\":\"de\"}]}<\/script>\n<!-- \/ Yoast SEO plugin. -->","yoast_head_json":{"title":"Pochette Cutie Fondente - COSY SUNDAY","robots":{"index":"noindex","follow":"follow","max-snippet":"max-snippet:-1","max-image-preview":"max-image-preview:large","max-video-preview":"max-video-preview:-1"},"og_locale":"de_DE","og_type":"article","og_title":"Pochette Cutie Fondente - COSY SUNDAY","og_description":"Unsere Cutie Pochette ist eine kompakte und elegante M\u00f6glichkeit, all Ihre t\u00e4glichen Essentials zu tragen. Sie ist mit weichem Canvas gef\u00fcttert, der Ihre Habseligkeiten sicher aufbewahrt. Wir haben sie mit hochwertiger Hardware ausgestattet, um sie sowohl langlebig als auch angenehm in der Anwendung zu machen. Tragen Sie sie einzeln oder in unserer \u2018Carry Me\u2019-Tasche und seien Sie sicher, dass sie Sie nie im Stich lassen wird. Ein absolutes Muss im Fitnessstudio, am Strand oder am Pool.","og_url":"https:\/\/test.cosysunday.com\/de\/produkt\/pochette-cutie-fondente\/","og_site_name":"COSY SUNDAY","article_modified_time":"2024-07-09T09:12:48+00:00","og_image":[{"width":1800,"height":1800,"url":"https:\/\/test.cosysunday.com\/wp-content\/uploads\/2023\/03\/Pochette-Cutie-Fondente-B1-602-05-Cioccolato-F.-1.jpg","type":"image\/jpeg"}],"twitter_card":"summary_large_image","twitter_misc":{"Gesch\u00e4tzte Lesezeit":"2\u00a0Minuten"},"schema":{"@context":"https:\/\/schema.org","@graph":[{"@type":"WebPage","@id":"https:\/\/test.cosysunday.com\/de\/produkt\/pochette-cutie-fondente\/","url":"https:\/\/test.cosysunday.com\/de\/produkt\/pochette-cutie-fondente\/","name":"Pochette Cutie Fondente - COSY SUNDAY","isPartOf":{"@id":"https:\/\/test.cosysunday.com\/#website"},"primaryImageOfPage":{"@id":"https:\/\/test.cosysunday.com\/de\/produkt\/pochette-cutie-fondente\/#primaryimage"},"image":{"@id":"https:\/\/test.cosysunday.com\/de\/produkt\/pochette-cutie-fondente\/#primaryimage"},"thumbnailUrl":"https:\/\/cdn.speedsize.com\/f92682dc-7352-42e5-8737-ed80049e205d\/test.cosysunday.com\/wp-content\/uploads\/2023\/03\/Pochette-Cutie-Fondente-B1-602-05-Cioccolato-F.-1.jpg","datePublished":"2024-03-07T14:24:46+00:00","dateModified":"2024-07-09T09:12:48+00:00","breadcrumb":{"@id":"https:\/\/test.cosysunday.com\/de\/produkt\/pochette-cutie-fondente\/#breadcrumb"},"inLanguage":"de","potentialAction":[{"@type":"ReadAction","target":["https:\/\/test.cosysunday.com\/de\/produkt\/pochette-cutie-fondente\/"]}]},{"@type":"ImageObject","inLanguage":"de","@id":"https:\/\/test.cosysunday.com\/de\/produkt\/pochette-cutie-fondente\/#primaryimage","url":"https:\/\/cdn.speedsize.com\/f92682dc-7352-42e5-8737-ed80049e205d\/test.cosysunday.com\/wp-content\/uploads\/2023\/03\/Pochette-Cutie-Fondente-B1-602-05-Cioccolato-F.-1.jpg","contentUrl":"https:\/\/cdn.speedsize.com\/f92682dc-7352-42e5-8737-ed80049e205d\/test.cosysunday.com\/wp-content\/uploads\/2023\/03\/Pochette-Cutie-Fondente-B1-602-05-Cioccolato-F.-1.jpg","width":1800,"height":1800},{"@type":"BreadcrumbList","@id":"https:\/\/test.cosysunday.com\/de\/produkt\/pochette-cutie-fondente\/#breadcrumb","itemListElement":[{"@type":"ListItem","position":1,"name":"\u0413\u043b\u0430\u0432\u043d\u0430\u044f \u0441\u0442\u0440\u0430\u043d\u0438\u0446\u0430","item":"https:\/\/test.cosysunday.com\/de\/"},{"@type":"ListItem","position":2,"name":"Shop","item":"https:\/\/test.cosysunday.com\/shop\/"},{"@type":"ListItem","position":3,"name":"Pochette Cutie Fondente"}]},{"@type":"WebSite","@id":"https:\/\/test.cosysunday.com\/#website","url":"https:\/\/test.cosysunday.com\/","name":"COSY SUNDAY","description":"Luxury weekend fashion","potentialAction":[{"@type":"SearchAction","target":{"@type":"EntryPoint","urlTemplate":"https:\/\/test.cosysunday.com\/?s={search_term_string}"},"query-input":{"@type":"PropertyValueSpecification","valueRequired":true,"valueName":"search_term_string"}}],"inLanguage":"de"}]}},"_links":{"self":[{"href":"https:\/\/test.cosysunday.com\/de\/wp-json\/wp\/v2\/product\/6631","targetHints":{"allow":["GET"]}}],"collection":[{"href":"https:\/\/test.cosysunday.com\/de\/wp-json\/wp\/v2\/product"}],"about":[{"href":"https:\/\/test.cosysunday.com\/de\/wp-json\/wp\/v2\/types\/product"}],"replies":[{"embeddable":true,"href":"https:\/\/test.cosysunday.com\/de\/wp-json\/wp\/v2\/comments?post=6631"}],"wp:featuredmedia":[{"embeddable":true,"href":"https:\/\/test.cosysunday.com\/de\/wp-json\/wp\/v2\/media\/5403"}],"wp:attachment":[{"href":"https:\/\/test.cosysunday.com\/de\/wp-json\/wp\/v2\/media?parent=6631"}],"wp:term":[{"taxonomy":"product_brand","embeddable":true,"href":"https:\/\/test.cosysunday.com\/de\/wp-json\/wp\/v2\/product_brand?post=6631"},{"taxonomy":"product_cat","embeddable":true,"href":"https:\/\/test.cosysunday.com\/de\/wp-json\/wp\/v2\/product_cat?post=6631"},{"taxonomy":"product_tag","embeddable":true,"href":"https:\/\/test.cosysunday.com\/de\/wp-json\/wp\/v2\/product_tag?post=6631"}],"curies":[{"name":"wp","href":"https:\/\/api.w.org\/{rel}","templated":true}]}}