{"id":6622,"date":"2024-03-07T16:24:49","date_gmt":"2024-03-07T14:24:49","guid":{"rendered":"https:\/\/test.cosysunday.com\/product\/promenade-3\/"},"modified":"2024-07-09T11:30:28","modified_gmt":"2024-07-09T09:30:28","slug":"promenade-3","status":"publish","type":"product","link":"https:\/\/test.cosysunday.com\/de\/produkt\/promenade-3\/","title":{"rendered":"Promenade"},"content":{"rendered":"<p>Traceability-QR-Code verf\u00fcgbar<\/p>\n<p><strong>Highlights<\/strong><\/p>\n<p>\u00b7 unser Stoffgemisch zertifiziert nach Cradle to Cradle Goldstandard als<\/p>\n<p>&#8220;Natural born cashmere&#8221; von Botto Giuseppe<\/p>\n<p>\u00b7 Schneiderfalten vorne<\/p>\n<p>\u00b7 raffinierter weiter Bund<\/p>\n<p>\u00b7 das Kleidungsst\u00fcck ist biologisch abbaubar und recycelbar.<\/p>\n<p><strong>Zusammensetzung<\/strong><\/p>\n<p>96% Kaschmir, 4% Elastan<\/p>\n<p><img loading=\"lazy\" decoding=\"async\" class=\"alignnone wp-image-9993\" src=\"https:\/\/test.cosysunday.com\/wp-content\/uploads\/2023\/03\/certificate-12-300x300.jpg\" alt=\"\" width=\"66\" height=\"66\" \/><\/p>\n<p><strong>Waschanleitung<\/strong><\/p>\n<p>nur chemische Reinigung<\/p>\n<p><strong>Tragen<\/strong><\/p>\n<p>ganzj\u00e4hrig<\/p>\n","protected":false},"excerpt":{"rendered":"<p><span data-sheets-root=\"1\" data-sheets-value=\"{&quot;1&quot;:2,&quot;2&quot;:&quot;Diese Hosen zeichnen sich besonders durch ihre Passform und ihr Design aus. Im Stil eines ma\u00dfgeschneiderten Schnitts verf\u00fcgen sie \u00fcber einen breiteren Bund f\u00fcr mehr Komfort und sind perfekt in der L\u00e4nge an den Kn\u00f6cheln. Die Falten vorne verleihen dem Gesamtbild eine zus\u00e4tzliche Note von Eleganz. Sie sind sowohl sehr elegant als auch \u00e4u\u00dferst komfortabel und bieten viel Bewegungsfreiheit. Dank des Kaschmirs bleiben Sie den ganzen Tag \u00fcber ordentlich gekleidet. Genau die richtige Wahl f\u00fcr einen entspannten Sonntagsbrunch oder einen Wochenendausflug.&quot;}\" data-sheets-userformat=\"{&quot;2&quot;:769,&quot;3&quot;:{&quot;1&quot;:0},&quot;11&quot;:4,&quot;12&quot;:0}\">Diese Hosen zeichnen sich besonders durch ihre Passform und ihr Design aus. Im Stil eines ma\u00dfgeschneiderten Schnitts verf\u00fcgen sie \u00fcber einen breiteren Bund f\u00fcr mehr Komfort und sind perfekt in der L\u00e4nge an den Kn\u00f6cheln. Die Falten vorne verleihen dem Gesamtbild eine zus\u00e4tzliche Note von Eleganz. Sie sind sowohl sehr elegant als auch \u00e4u\u00dferst komfortabel und bieten viel Bewegungsfreiheit. Dank des Kaschmirs bleiben Sie den ganzen Tag \u00fcber ordentlich gekleidet. Genau die richtige Wahl f\u00fcr einen entspannten Sonntagsbrunch oder einen Wochenendausflug.<\/span><\/p>\n","protected":false},"featured_media":5396,"comment_status":"open","ping_status":"closed","template":"","meta":[],"product_brand":[],"product_cat":[234,236,287],"product_tag":[],"class_list":{"0":"post-6622","1":"product","2":"type-product","3":"status-publish","4":"has-post-thumbnail","6":"product_cat-new-in-women-de","7":"product_cat-frauen","8":"product_cat-bottom-women-de","10":"first","11":"instock","12":"sold-individually","13":"taxable","14":"shipping-taxable","15":"purchasable","16":"product-type-variable","17":"has-default-attributes"},"acf":[],"yoast_head":"<!-- This site is optimized with the Yoast SEO plugin v27.5 - https:\/\/yoast.com\/product\/yoast-seo-wordpress\/ -->\n<title>Promenade - COSY SUNDAY<\/title>\n<meta name=\"robots\" content=\"noindex, follow, max-snippet:-1, max-image-preview:large, max-video-preview:-1\" \/>\n<meta property=\"og:locale\" content=\"de_DE\" \/>\n<meta property=\"og:type\" content=\"article\" \/>\n<meta property=\"og:title\" content=\"Promenade - COSY SUNDAY\" \/>\n<meta property=\"og:description\" content=\"Diese Hosen zeichnen sich besonders durch ihre Passform und ihr Design aus. Im Stil eines ma\u00dfgeschneiderten Schnitts verf\u00fcgen sie \u00fcber einen breiteren Bund f\u00fcr mehr Komfort und sind perfekt in der L\u00e4nge an den Kn\u00f6cheln. Die Falten vorne verleihen dem Gesamtbild eine zus\u00e4tzliche Note von Eleganz. Sie sind sowohl sehr elegant als auch \u00e4u\u00dferst komfortabel und bieten viel Bewegungsfreiheit. Dank des Kaschmirs bleiben Sie den ganzen Tag \u00fcber ordentlich gekleidet. Genau die richtige Wahl f\u00fcr einen entspannten Sonntagsbrunch oder einen Wochenendausflug.\" \/>\n<meta property=\"og:url\" content=\"https:\/\/test.cosysunday.com\/de\/produkt\/promenade-3\/\" \/>\n<meta property=\"og:site_name\" content=\"COSY SUNDAY\" \/>\n<meta property=\"article:modified_time\" content=\"2024-07-09T09:30:28+00:00\" \/>\n<meta property=\"og:image\" content=\"https:\/\/test.cosysunday.com\/wp-content\/uploads\/2023\/03\/Pants-Promenade-SKU-S1-207-07-Cashmere.jpg\" \/>\n\t<meta property=\"og:image:width\" content=\"1800\" \/>\n\t<meta property=\"og:image:height\" content=\"1800\" \/>\n\t<meta property=\"og:image:type\" content=\"image\/jpeg\" \/>\n<meta name=\"twitter:card\" content=\"summary_large_image\" \/>\n<meta name=\"twitter:label1\" content=\"Gesch\u00e4tzte Lesezeit\" \/>\n\t<meta name=\"twitter:data1\" content=\"1\u00a0Minute\" \/>\n<script type=\"application\/ld+json\" class=\"yoast-schema-graph\">{\"@context\":\"https:\\\/\\\/schema.org\",\"@graph\":[{\"@type\":\"WebPage\",\"@id\":\"https:\\\/\\\/test.cosysunday.com\\\/de\\\/produkt\\\/promenade-3\\\/\",\"url\":\"https:\\\/\\\/test.cosysunday.com\\\/de\\\/produkt\\\/promenade-3\\\/\",\"name\":\"Promenade - COSY SUNDAY\",\"isPartOf\":{\"@id\":\"https:\\\/\\\/test.cosysunday.com\\\/#website\"},\"primaryImageOfPage\":{\"@id\":\"https:\\\/\\\/test.cosysunday.com\\\/de\\\/produkt\\\/promenade-3\\\/#primaryimage\"},\"image\":{\"@id\":\"https:\\\/\\\/test.cosysunday.com\\\/de\\\/produkt\\\/promenade-3\\\/#primaryimage\"},\"thumbnailUrl\":\"https:\\\/\\\/cdn.speedsize.com\\\/f92682dc-7352-42e5-8737-ed80049e205d\\\/test.cosysunday.com\\\/wp-content\\\/uploads\\\/2023\\\/03\\\/Pants-Promenade-SKU-S1-207-07-Cashmere.jpg\",\"datePublished\":\"2024-03-07T14:24:49+00:00\",\"dateModified\":\"2024-07-09T09:30:28+00:00\",\"breadcrumb\":{\"@id\":\"https:\\\/\\\/test.cosysunday.com\\\/de\\\/produkt\\\/promenade-3\\\/#breadcrumb\"},\"inLanguage\":\"de\",\"potentialAction\":[{\"@type\":\"ReadAction\",\"target\":[\"https:\\\/\\\/test.cosysunday.com\\\/de\\\/produkt\\\/promenade-3\\\/\"]}]},{\"@type\":\"ImageObject\",\"inLanguage\":\"de\",\"@id\":\"https:\\\/\\\/test.cosysunday.com\\\/de\\\/produkt\\\/promenade-3\\\/#primaryimage\",\"url\":\"https:\\\/\\\/cdn.speedsize.com\\\/f92682dc-7352-42e5-8737-ed80049e205d\\\/test.cosysunday.com\\\/wp-content\\\/uploads\\\/2023\\\/03\\\/Pants-Promenade-SKU-S1-207-07-Cashmere.jpg\",\"contentUrl\":\"https:\\\/\\\/cdn.speedsize.com\\\/f92682dc-7352-42e5-8737-ed80049e205d\\\/test.cosysunday.com\\\/wp-content\\\/uploads\\\/2023\\\/03\\\/Pants-Promenade-SKU-S1-207-07-Cashmere.jpg\",\"width\":1800,\"height\":1800},{\"@type\":\"BreadcrumbList\",\"@id\":\"https:\\\/\\\/test.cosysunday.com\\\/de\\\/produkt\\\/promenade-3\\\/#breadcrumb\",\"itemListElement\":[{\"@type\":\"ListItem\",\"position\":1,\"name\":\"\u0413\u043b\u0430\u0432\u043d\u0430\u044f \u0441\u0442\u0440\u0430\u043d\u0438\u0446\u0430\",\"item\":\"https:\\\/\\\/test.cosysunday.com\\\/de\\\/\"},{\"@type\":\"ListItem\",\"position\":2,\"name\":\"Shop\",\"item\":\"https:\\\/\\\/test.cosysunday.com\\\/shop\\\/\"},{\"@type\":\"ListItem\",\"position\":3,\"name\":\"Promenade\"}]},{\"@type\":\"WebSite\",\"@id\":\"https:\\\/\\\/test.cosysunday.com\\\/#website\",\"url\":\"https:\\\/\\\/test.cosysunday.com\\\/\",\"name\":\"COSY SUNDAY\",\"description\":\"Luxury weekend fashion\",\"potentialAction\":[{\"@type\":\"SearchAction\",\"target\":{\"@type\":\"EntryPoint\",\"urlTemplate\":\"https:\\\/\\\/test.cosysunday.com\\\/?s={search_term_string}\"},\"query-input\":{\"@type\":\"PropertyValueSpecification\",\"valueRequired\":true,\"valueName\":\"search_term_string\"}}],\"inLanguage\":\"de\"}]}<\/script>\n<!-- \/ Yoast SEO plugin. -->","yoast_head_json":{"title":"Promenade - COSY SUNDAY","robots":{"index":"noindex","follow":"follow","max-snippet":"max-snippet:-1","max-image-preview":"max-image-preview:large","max-video-preview":"max-video-preview:-1"},"og_locale":"de_DE","og_type":"article","og_title":"Promenade - COSY SUNDAY","og_description":"Diese Hosen zeichnen sich besonders durch ihre Passform und ihr Design aus. Im Stil eines ma\u00dfgeschneiderten Schnitts verf\u00fcgen sie \u00fcber einen breiteren Bund f\u00fcr mehr Komfort und sind perfekt in der L\u00e4nge an den Kn\u00f6cheln. Die Falten vorne verleihen dem Gesamtbild eine zus\u00e4tzliche Note von Eleganz. Sie sind sowohl sehr elegant als auch \u00e4u\u00dferst komfortabel und bieten viel Bewegungsfreiheit. Dank des Kaschmirs bleiben Sie den ganzen Tag \u00fcber ordentlich gekleidet. Genau die richtige Wahl f\u00fcr einen entspannten Sonntagsbrunch oder einen Wochenendausflug.","og_url":"https:\/\/test.cosysunday.com\/de\/produkt\/promenade-3\/","og_site_name":"COSY SUNDAY","article_modified_time":"2024-07-09T09:30:28+00:00","og_image":[{"width":1800,"height":1800,"url":"https:\/\/test.cosysunday.com\/wp-content\/uploads\/2023\/03\/Pants-Promenade-SKU-S1-207-07-Cashmere.jpg","type":"image\/jpeg"}],"twitter_card":"summary_large_image","twitter_misc":{"Gesch\u00e4tzte Lesezeit":"1\u00a0Minute"},"schema":{"@context":"https:\/\/schema.org","@graph":[{"@type":"WebPage","@id":"https:\/\/test.cosysunday.com\/de\/produkt\/promenade-3\/","url":"https:\/\/test.cosysunday.com\/de\/produkt\/promenade-3\/","name":"Promenade - COSY SUNDAY","isPartOf":{"@id":"https:\/\/test.cosysunday.com\/#website"},"primaryImageOfPage":{"@id":"https:\/\/test.cosysunday.com\/de\/produkt\/promenade-3\/#primaryimage"},"image":{"@id":"https:\/\/test.cosysunday.com\/de\/produkt\/promenade-3\/#primaryimage"},"thumbnailUrl":"https:\/\/cdn.speedsize.com\/f92682dc-7352-42e5-8737-ed80049e205d\/test.cosysunday.com\/wp-content\/uploads\/2023\/03\/Pants-Promenade-SKU-S1-207-07-Cashmere.jpg","datePublished":"2024-03-07T14:24:49+00:00","dateModified":"2024-07-09T09:30:28+00:00","breadcrumb":{"@id":"https:\/\/test.cosysunday.com\/de\/produkt\/promenade-3\/#breadcrumb"},"inLanguage":"de","potentialAction":[{"@type":"ReadAction","target":["https:\/\/test.cosysunday.com\/de\/produkt\/promenade-3\/"]}]},{"@type":"ImageObject","inLanguage":"de","@id":"https:\/\/test.cosysunday.com\/de\/produkt\/promenade-3\/#primaryimage","url":"https:\/\/cdn.speedsize.com\/f92682dc-7352-42e5-8737-ed80049e205d\/test.cosysunday.com\/wp-content\/uploads\/2023\/03\/Pants-Promenade-SKU-S1-207-07-Cashmere.jpg","contentUrl":"https:\/\/cdn.speedsize.com\/f92682dc-7352-42e5-8737-ed80049e205d\/test.cosysunday.com\/wp-content\/uploads\/2023\/03\/Pants-Promenade-SKU-S1-207-07-Cashmere.jpg","width":1800,"height":1800},{"@type":"BreadcrumbList","@id":"https:\/\/test.cosysunday.com\/de\/produkt\/promenade-3\/#breadcrumb","itemListElement":[{"@type":"ListItem","position":1,"name":"\u0413\u043b\u0430\u0432\u043d\u0430\u044f \u0441\u0442\u0440\u0430\u043d\u0438\u0446\u0430","item":"https:\/\/test.cosysunday.com\/de\/"},{"@type":"ListItem","position":2,"name":"Shop","item":"https:\/\/test.cosysunday.com\/shop\/"},{"@type":"ListItem","position":3,"name":"Promenade"}]},{"@type":"WebSite","@id":"https:\/\/test.cosysunday.com\/#website","url":"https:\/\/test.cosysunday.com\/","name":"COSY SUNDAY","description":"Luxury weekend fashion","potentialAction":[{"@type":"SearchAction","target":{"@type":"EntryPoint","urlTemplate":"https:\/\/test.cosysunday.com\/?s={search_term_string}"},"query-input":{"@type":"PropertyValueSpecification","valueRequired":true,"valueName":"search_term_string"}}],"inLanguage":"de"}]}},"_links":{"self":[{"href":"https:\/\/test.cosysunday.com\/de\/wp-json\/wp\/v2\/product\/6622","targetHints":{"allow":["GET"]}}],"collection":[{"href":"https:\/\/test.cosysunday.com\/de\/wp-json\/wp\/v2\/product"}],"about":[{"href":"https:\/\/test.cosysunday.com\/de\/wp-json\/wp\/v2\/types\/product"}],"replies":[{"embeddable":true,"href":"https:\/\/test.cosysunday.com\/de\/wp-json\/wp\/v2\/comments?post=6622"}],"wp:featuredmedia":[{"embeddable":true,"href":"https:\/\/test.cosysunday.com\/de\/wp-json\/wp\/v2\/media\/5396"}],"wp:attachment":[{"href":"https:\/\/test.cosysunday.com\/de\/wp-json\/wp\/v2\/media?parent=6622"}],"wp:term":[{"taxonomy":"product_brand","embeddable":true,"href":"https:\/\/test.cosysunday.com\/de\/wp-json\/wp\/v2\/product_brand?post=6622"},{"taxonomy":"product_cat","embeddable":true,"href":"https:\/\/test.cosysunday.com\/de\/wp-json\/wp\/v2\/product_cat?post=6622"},{"taxonomy":"product_tag","embeddable":true,"href":"https:\/\/test.cosysunday.com\/de\/wp-json\/wp\/v2\/product_tag?post=6622"}],"curies":[{"name":"wp","href":"https:\/\/api.w.org\/{rel}","templated":true}]}}