{"id":6598,"date":"2024-03-07T16:24:59","date_gmt":"2024-03-07T14:24:59","guid":{"rendered":"https:\/\/test.cosysunday.com\/product\/wide-leg\/"},"modified":"2024-07-09T11:14:41","modified_gmt":"2024-07-09T09:14:41","slug":"wide-leg-trousers","status":"publish","type":"product","link":"https:\/\/test.cosysunday.com\/de\/produkt\/wide-leg-trousers\/","title":{"rendered":"Hose MIT weitem bein"},"content":{"rendered":"<p>Traceability-QR-Code verf\u00fcgbar<\/p>\n<p><strong>Highlights<\/strong><\/p>\n<p>\u00b7 das Garn ist zertifiziert nach Oeko-TEX Standard 100 und RWS-Zertifizierung<\/p>\n<p>\u00b7 dramatische Wide-Leg-Hosen<\/p>\n<p>\u00b7 enge Passform von Taille bis H\u00fcftbereich (siehe Gr\u00f6\u00dfentabelle)<\/p>\n<p>\u00b7 0 Polyester, macht es atmungsaktiver und verhindert Hautirritationen.<\/p>\n<p>\u00b7 100% biologisch abbaubar<\/p>\n<p><strong>Zusammensetzung<\/strong><\/p>\n<p>100% Merinowolle<\/p>\n<p><img loading=\"lazy\" decoding=\"async\" class=\"alignnone wp-image-9998\" src=\"https:\/\/test.cosysunday.com\/wp-content\/uploads\/2023\/03\/certificate-17-300x300.jpg\" alt=\"\" width=\"66\" height=\"66\" \/> <img loading=\"lazy\" decoding=\"async\" class=\"alignnone wp-image-9989\" src=\"https:\/\/test.cosysunday.com\/wp-content\/uploads\/2023\/03\/certificate-8-300x300.jpg\" alt=\"\" width=\"66\" height=\"66\" \/><\/p>\n<p><strong>Waschanleitung<\/strong><\/p>\n<p>nur chemische Reinigung<\/p>\n<p><strong>Tragen<\/strong><\/p>\n<p>ganzj\u00e4hrig<\/p>\n","protected":false},"excerpt":{"rendered":"<p><span data-sheets-root=\"1\" data-sheets-value=\"{&quot;1&quot;:2,&quot;2&quot;:&quot;Unsere Wide-Leg-Hosen sind an der Taille angepasst und erweitern sich dramatisch entlang des Beins. Egal, ob Sie planen, zu Hause zu arbeiten oder einen Wochenendspaziergang im Park zu machen, diese Hosen sind die perfekte Wahl. Sie erm\u00f6glichen es Ihnen, sich frei zu bewegen und f\u00fchlen sich weich, seidig und sanft auf der Haut an. Tragen Sie sie mit einem Pullover oder einem T-Shirt und einigen Sneakern.&quot;}\" data-sheets-userformat=\"{&quot;2&quot;:769,&quot;3&quot;:{&quot;1&quot;:0},&quot;11&quot;:4,&quot;12&quot;:0}\">Unsere Wide-Leg-Hosen sind an der Taille angepasst und erweitern sich dramatisch entlang des Beins. Egal, ob Sie planen, zu Hause zu arbeiten oder einen Wochenendspaziergang im Park zu machen, diese Hosen sind die perfekte Wahl. Sie erm\u00f6glichen es Ihnen, sich frei zu bewegen und f\u00fchlen sich weich, seidig und sanft auf der Haut an. Tragen Sie sie mit einem Pullover oder einem T-Shirt und einigen Sneakern.<\/span><\/p>\n","protected":false},"featured_media":5398,"comment_status":"open","ping_status":"closed","template":"","meta":[],"product_brand":[],"product_cat":[234,236,243,287],"product_tag":[246],"class_list":{"0":"post-6598","1":"product","2":"type-product","3":"status-publish","4":"has-post-thumbnail","6":"product_cat-new-in-women-de","7":"product_cat-frauen","8":"product_cat-knitwear-women-de","9":"product_cat-bottom-women-de","10":"product_tag-geschenk-1","12":"first","13":"instock","14":"sold-individually","15":"taxable","16":"shipping-taxable","17":"purchasable","18":"product-type-variable","19":"has-default-attributes"},"acf":[],"yoast_head":"<!-- This site is optimized with the Yoast SEO plugin v27.5 - https:\/\/yoast.com\/product\/yoast-seo-wordpress\/ -->\n<title>Beste Hose mit weitem Bein kaufen - COSY SUNDAY<\/title>\n<meta name=\"description\" content=\"Unsere Hose mit weitem Bein bei COSY SUNDAY erh\u00f6ht Ihren Komfort und Stil. Entdecken Sie stilvolle und dennoch entspannte Optionen, die sich ideal f\u00fcr gem\u00fctliche Tage eignen.\" \/>\n<meta name=\"robots\" content=\"noindex, follow, max-snippet:-1, max-image-preview:large, max-video-preview:-1\" \/>\n<meta property=\"og:locale\" content=\"de_DE\" \/>\n<meta property=\"og:type\" content=\"article\" \/>\n<meta property=\"og:title\" content=\"Beste Hose mit weitem Bein kaufen - COSY SUNDAY\" \/>\n<meta property=\"og:description\" content=\"Unsere Hose mit weitem Bein bei COSY SUNDAY erh\u00f6ht Ihren Komfort und Stil. Entdecken Sie stilvolle und dennoch entspannte Optionen, die sich ideal f\u00fcr gem\u00fctliche Tage eignen.\" \/>\n<meta property=\"og:url\" content=\"https:\/\/test.cosysunday.com\/de\/produkt\/wide-leg-trousers\/\" \/>\n<meta property=\"og:site_name\" content=\"COSY SUNDAY\" \/>\n<meta property=\"article:modified_time\" content=\"2024-07-09T09:14:41+00:00\" \/>\n<meta property=\"og:image\" content=\"https:\/\/test.cosysunday.com\/wp-content\/uploads\/2023\/03\/Pants-Wide-Leg-SKU-S1-013-07-Cashmere.jpg\" \/>\n\t<meta property=\"og:image:width\" content=\"1800\" \/>\n\t<meta property=\"og:image:height\" content=\"1800\" \/>\n\t<meta property=\"og:image:type\" content=\"image\/jpeg\" \/>\n<meta name=\"twitter:card\" content=\"summary_large_image\" \/>\n<meta name=\"twitter:label1\" content=\"Gesch\u00e4tzte Lesezeit\" \/>\n\t<meta name=\"twitter:data1\" content=\"1\u00a0Minute\" \/>\n<script type=\"application\/ld+json\" class=\"yoast-schema-graph\">{\"@context\":\"https:\\\/\\\/schema.org\",\"@graph\":[{\"@type\":\"WebPage\",\"@id\":\"https:\\\/\\\/test.cosysunday.com\\\/de\\\/produkt\\\/wide-leg-trousers\\\/\",\"url\":\"https:\\\/\\\/test.cosysunday.com\\\/de\\\/produkt\\\/wide-leg-trousers\\\/\",\"name\":\"Beste Hose mit weitem Bein kaufen - COSY SUNDAY\",\"isPartOf\":{\"@id\":\"https:\\\/\\\/test.cosysunday.com\\\/#website\"},\"primaryImageOfPage\":{\"@id\":\"https:\\\/\\\/test.cosysunday.com\\\/de\\\/produkt\\\/wide-leg-trousers\\\/#primaryimage\"},\"image\":{\"@id\":\"https:\\\/\\\/test.cosysunday.com\\\/de\\\/produkt\\\/wide-leg-trousers\\\/#primaryimage\"},\"thumbnailUrl\":\"https:\\\/\\\/cdn.speedsize.com\\\/f92682dc-7352-42e5-8737-ed80049e205d\\\/test.cosysunday.com\\\/wp-content\\\/uploads\\\/2023\\\/03\\\/Pants-Wide-Leg-SKU-S1-013-07-Cashmere.jpg\",\"datePublished\":\"2024-03-07T14:24:59+00:00\",\"dateModified\":\"2024-07-09T09:14:41+00:00\",\"description\":\"Unsere Hose mit weitem Bein bei COSY SUNDAY erh\u00f6ht Ihren Komfort und Stil. Entdecken Sie stilvolle und dennoch entspannte Optionen, die sich ideal f\u00fcr gem\u00fctliche Tage eignen.\",\"breadcrumb\":{\"@id\":\"https:\\\/\\\/test.cosysunday.com\\\/de\\\/produkt\\\/wide-leg-trousers\\\/#breadcrumb\"},\"inLanguage\":\"de\",\"potentialAction\":[{\"@type\":\"ReadAction\",\"target\":[\"https:\\\/\\\/test.cosysunday.com\\\/de\\\/produkt\\\/wide-leg-trousers\\\/\"]}]},{\"@type\":\"ImageObject\",\"inLanguage\":\"de\",\"@id\":\"https:\\\/\\\/test.cosysunday.com\\\/de\\\/produkt\\\/wide-leg-trousers\\\/#primaryimage\",\"url\":\"https:\\\/\\\/cdn.speedsize.com\\\/f92682dc-7352-42e5-8737-ed80049e205d\\\/test.cosysunday.com\\\/wp-content\\\/uploads\\\/2023\\\/03\\\/Pants-Wide-Leg-SKU-S1-013-07-Cashmere.jpg\",\"contentUrl\":\"https:\\\/\\\/cdn.speedsize.com\\\/f92682dc-7352-42e5-8737-ed80049e205d\\\/test.cosysunday.com\\\/wp-content\\\/uploads\\\/2023\\\/03\\\/Pants-Wide-Leg-SKU-S1-013-07-Cashmere.jpg\",\"width\":1800,\"height\":1800},{\"@type\":\"BreadcrumbList\",\"@id\":\"https:\\\/\\\/test.cosysunday.com\\\/de\\\/produkt\\\/wide-leg-trousers\\\/#breadcrumb\",\"itemListElement\":[{\"@type\":\"ListItem\",\"position\":1,\"name\":\"\u0413\u043b\u0430\u0432\u043d\u0430\u044f \u0441\u0442\u0440\u0430\u043d\u0438\u0446\u0430\",\"item\":\"https:\\\/\\\/test.cosysunday.com\\\/de\\\/\"},{\"@type\":\"ListItem\",\"position\":2,\"name\":\"Shop\",\"item\":\"https:\\\/\\\/test.cosysunday.com\\\/shop\\\/\"},{\"@type\":\"ListItem\",\"position\":3,\"name\":\"Hose MIT weitem bein\"}]},{\"@type\":\"WebSite\",\"@id\":\"https:\\\/\\\/test.cosysunday.com\\\/#website\",\"url\":\"https:\\\/\\\/test.cosysunday.com\\\/\",\"name\":\"COSY SUNDAY\",\"description\":\"Luxury weekend fashion\",\"potentialAction\":[{\"@type\":\"SearchAction\",\"target\":{\"@type\":\"EntryPoint\",\"urlTemplate\":\"https:\\\/\\\/test.cosysunday.com\\\/?s={search_term_string}\"},\"query-input\":{\"@type\":\"PropertyValueSpecification\",\"valueRequired\":true,\"valueName\":\"search_term_string\"}}],\"inLanguage\":\"de\"}]}<\/script>\n<!-- \/ Yoast SEO plugin. -->","yoast_head_json":{"title":"Beste Hose mit weitem Bein kaufen - COSY SUNDAY","description":"Unsere Hose mit weitem Bein bei COSY SUNDAY erh\u00f6ht Ihren Komfort und Stil. Entdecken Sie stilvolle und dennoch entspannte Optionen, die sich ideal f\u00fcr gem\u00fctliche Tage eignen.","robots":{"index":"noindex","follow":"follow","max-snippet":"max-snippet:-1","max-image-preview":"max-image-preview:large","max-video-preview":"max-video-preview:-1"},"og_locale":"de_DE","og_type":"article","og_title":"Beste Hose mit weitem Bein kaufen - COSY SUNDAY","og_description":"Unsere Hose mit weitem Bein bei COSY SUNDAY erh\u00f6ht Ihren Komfort und Stil. Entdecken Sie stilvolle und dennoch entspannte Optionen, die sich ideal f\u00fcr gem\u00fctliche Tage eignen.","og_url":"https:\/\/test.cosysunday.com\/de\/produkt\/wide-leg-trousers\/","og_site_name":"COSY SUNDAY","article_modified_time":"2024-07-09T09:14:41+00:00","og_image":[{"width":1800,"height":1800,"url":"https:\/\/test.cosysunday.com\/wp-content\/uploads\/2023\/03\/Pants-Wide-Leg-SKU-S1-013-07-Cashmere.jpg","type":"image\/jpeg"}],"twitter_card":"summary_large_image","twitter_misc":{"Gesch\u00e4tzte Lesezeit":"1\u00a0Minute"},"schema":{"@context":"https:\/\/schema.org","@graph":[{"@type":"WebPage","@id":"https:\/\/test.cosysunday.com\/de\/produkt\/wide-leg-trousers\/","url":"https:\/\/test.cosysunday.com\/de\/produkt\/wide-leg-trousers\/","name":"Beste Hose mit weitem Bein kaufen - COSY SUNDAY","isPartOf":{"@id":"https:\/\/test.cosysunday.com\/#website"},"primaryImageOfPage":{"@id":"https:\/\/test.cosysunday.com\/de\/produkt\/wide-leg-trousers\/#primaryimage"},"image":{"@id":"https:\/\/test.cosysunday.com\/de\/produkt\/wide-leg-trousers\/#primaryimage"},"thumbnailUrl":"https:\/\/cdn.speedsize.com\/f92682dc-7352-42e5-8737-ed80049e205d\/test.cosysunday.com\/wp-content\/uploads\/2023\/03\/Pants-Wide-Leg-SKU-S1-013-07-Cashmere.jpg","datePublished":"2024-03-07T14:24:59+00:00","dateModified":"2024-07-09T09:14:41+00:00","description":"Unsere Hose mit weitem Bein bei COSY SUNDAY erh\u00f6ht Ihren Komfort und Stil. Entdecken Sie stilvolle und dennoch entspannte Optionen, die sich ideal f\u00fcr gem\u00fctliche Tage eignen.","breadcrumb":{"@id":"https:\/\/test.cosysunday.com\/de\/produkt\/wide-leg-trousers\/#breadcrumb"},"inLanguage":"de","potentialAction":[{"@type":"ReadAction","target":["https:\/\/test.cosysunday.com\/de\/produkt\/wide-leg-trousers\/"]}]},{"@type":"ImageObject","inLanguage":"de","@id":"https:\/\/test.cosysunday.com\/de\/produkt\/wide-leg-trousers\/#primaryimage","url":"https:\/\/cdn.speedsize.com\/f92682dc-7352-42e5-8737-ed80049e205d\/test.cosysunday.com\/wp-content\/uploads\/2023\/03\/Pants-Wide-Leg-SKU-S1-013-07-Cashmere.jpg","contentUrl":"https:\/\/cdn.speedsize.com\/f92682dc-7352-42e5-8737-ed80049e205d\/test.cosysunday.com\/wp-content\/uploads\/2023\/03\/Pants-Wide-Leg-SKU-S1-013-07-Cashmere.jpg","width":1800,"height":1800},{"@type":"BreadcrumbList","@id":"https:\/\/test.cosysunday.com\/de\/produkt\/wide-leg-trousers\/#breadcrumb","itemListElement":[{"@type":"ListItem","position":1,"name":"\u0413\u043b\u0430\u0432\u043d\u0430\u044f \u0441\u0442\u0440\u0430\u043d\u0438\u0446\u0430","item":"https:\/\/test.cosysunday.com\/de\/"},{"@type":"ListItem","position":2,"name":"Shop","item":"https:\/\/test.cosysunday.com\/shop\/"},{"@type":"ListItem","position":3,"name":"Hose MIT weitem bein"}]},{"@type":"WebSite","@id":"https:\/\/test.cosysunday.com\/#website","url":"https:\/\/test.cosysunday.com\/","name":"COSY SUNDAY","description":"Luxury weekend fashion","potentialAction":[{"@type":"SearchAction","target":{"@type":"EntryPoint","urlTemplate":"https:\/\/test.cosysunday.com\/?s={search_term_string}"},"query-input":{"@type":"PropertyValueSpecification","valueRequired":true,"valueName":"search_term_string"}}],"inLanguage":"de"}]}},"_links":{"self":[{"href":"https:\/\/test.cosysunday.com\/de\/wp-json\/wp\/v2\/product\/6598","targetHints":{"allow":["GET"]}}],"collection":[{"href":"https:\/\/test.cosysunday.com\/de\/wp-json\/wp\/v2\/product"}],"about":[{"href":"https:\/\/test.cosysunday.com\/de\/wp-json\/wp\/v2\/types\/product"}],"replies":[{"embeddable":true,"href":"https:\/\/test.cosysunday.com\/de\/wp-json\/wp\/v2\/comments?post=6598"}],"wp:featuredmedia":[{"embeddable":true,"href":"https:\/\/test.cosysunday.com\/de\/wp-json\/wp\/v2\/media\/5398"}],"wp:attachment":[{"href":"https:\/\/test.cosysunday.com\/de\/wp-json\/wp\/v2\/media?parent=6598"}],"wp:term":[{"taxonomy":"product_brand","embeddable":true,"href":"https:\/\/test.cosysunday.com\/de\/wp-json\/wp\/v2\/product_brand?post=6598"},{"taxonomy":"product_cat","embeddable":true,"href":"https:\/\/test.cosysunday.com\/de\/wp-json\/wp\/v2\/product_cat?post=6598"},{"taxonomy":"product_tag","embeddable":true,"href":"https:\/\/test.cosysunday.com\/de\/wp-json\/wp\/v2\/product_tag?post=6598"}],"curies":[{"name":"wp","href":"https:\/\/api.w.org\/{rel}","templated":true}]}}