{"id":6595,"date":"2024-03-07T16:25:00","date_gmt":"2024-03-07T14:25:00","guid":{"rendered":"https:\/\/test.cosysunday.com\/product\/your-desire\/"},"modified":"2024-07-09T11:35:19","modified_gmt":"2024-07-09T09:35:19","slug":"your-desire","status":"publish","type":"product","link":"https:\/\/test.cosysunday.com\/de\/produkt\/your-desire\/","title":{"rendered":"Your Desire"},"content":{"rendered":"<p>Traceability-QR-Code verf\u00fcgbar<\/p>\n<p><strong>Highlights<\/strong><\/p>\n<p>\u00b7 Stoffmischung zertifiziert nach Cradle to Cradle Goldstandard als &#8220;Natural born cashmere&#8221;<\/p>\n<p>\u00b7 geschmackvolle \u00fcbergro\u00dfe Passform mit sch\u00f6ner Stoffdrapierung<\/p>\n<p>\u00b7 elegante Paspelierung entlang der N\u00e4hte innen<\/p>\n<p>\u00b7 die inneren Details des Mantels sind handgefertigt aus 100% Seide<\/p>\n<p>\u00b7 das Kleidungsst\u00fcck ist biologisch abbaubar und recycelbar<\/p>\n<p><strong>Zusammensetzung<\/strong><\/p>\n<p>100% Kaschmir<\/p>\n<p><img loading=\"lazy\" decoding=\"async\" class=\"alignnone wp-image-9993\" src=\"https:\/\/test.cosysunday.com\/wp-content\/uploads\/2023\/03\/certificate-12-300x300.jpg\" alt=\"\" width=\"66\" height=\"66\" \/><\/p>\n<p><strong>Waschanleitung<\/strong><\/p>\n<p>nur chemische Reinigung<\/p>\n<p><strong>Tragen<\/strong><\/p>\n<p>ganzj\u00e4hrig<\/p>\n","protected":false},"excerpt":{"rendered":"<p><span data-sheets-root=\"1\" data-sheets-value=\"{&quot;1&quot;:2,&quot;2&quot;:&quot;Perfekt zum \u00dcberziehen, wenn es etwas k\u00fchler wird. Die \u00fcbergro\u00dfe Silhouette des Mantels vermittelt einen stilvollen Vibe, die gr\u00f6\u00dferen Taschen vorne f\u00fcgen ein einzigartiges Detail hinzu, und die Gesamtpassform ist sehr modisch. Er sieht toll aus \u00fcber jedem unserer Pullover, also kombinieren Sie das Outfit mit einigen Stiefeln und bereiten Sie sich darauf vor, Blicke auf sich zu ziehen.&quot;}\" data-sheets-userformat=\"{&quot;2&quot;:769,&quot;3&quot;:{&quot;1&quot;:0},&quot;11&quot;:4,&quot;12&quot;:0}\">Perfekt zum \u00dcberziehen, wenn es etwas k\u00fchler wird. Die \u00fcbergro\u00dfe Silhouette des Mantels vermittelt einen stilvollen Vibe, die gr\u00f6\u00dferen Taschen vorne f\u00fcgen ein einzigartiges Detail hinzu, und die Gesamtpassform ist sehr modisch. Er sieht toll aus \u00fcber jedem unserer Pullover, also kombinieren Sie das Outfit mit einigen Stiefeln und bereiten Sie sich darauf vor, Blicke auf sich zu ziehen.<\/span><\/p>\n","protected":false},"featured_media":5128,"comment_status":"open","ping_status":"closed","template":"","meta":[],"product_brand":[],"product_cat":[234,236,286],"product_tag":[],"class_list":{"0":"post-6595","1":"product","2":"type-product","3":"status-publish","4":"has-post-thumbnail","6":"product_cat-new-in-women-de","7":"product_cat-frauen","8":"product_cat-coat-women-de","10":"first","11":"instock","12":"sold-individually","13":"taxable","14":"shipping-taxable","15":"purchasable","16":"product-type-variable","17":"has-default-attributes"},"acf":[],"yoast_head":"<!-- This site is optimized with the Yoast SEO plugin v27.5 - https:\/\/yoast.com\/product\/yoast-seo-wordpress\/ -->\n<title>Your Desire - COSY SUNDAY<\/title>\n<meta name=\"robots\" content=\"noindex, follow, max-snippet:-1, max-image-preview:large, max-video-preview:-1\" \/>\n<meta property=\"og:locale\" content=\"de_DE\" \/>\n<meta property=\"og:type\" content=\"article\" \/>\n<meta property=\"og:title\" content=\"Your Desire - COSY SUNDAY\" \/>\n<meta property=\"og:description\" content=\"Perfekt zum \u00dcberziehen, wenn es etwas k\u00fchler wird. Die \u00fcbergro\u00dfe Silhouette des Mantels vermittelt einen stilvollen Vibe, die gr\u00f6\u00dferen Taschen vorne f\u00fcgen ein einzigartiges Detail hinzu, und die Gesamtpassform ist sehr modisch. Er sieht toll aus \u00fcber jedem unserer Pullover, also kombinieren Sie das Outfit mit einigen Stiefeln und bereiten Sie sich darauf vor, Blicke auf sich zu ziehen.\" \/>\n<meta property=\"og:url\" content=\"https:\/\/test.cosysunday.com\/de\/produkt\/your-desire\/\" \/>\n<meta property=\"og:site_name\" content=\"COSY SUNDAY\" \/>\n<meta property=\"article:modified_time\" content=\"2024-07-09T09:35:19+00:00\" \/>\n<meta property=\"og:image\" content=\"https:\/\/test.cosysunday.com\/wp-content\/uploads\/2023\/03\/Coat-Your-Desire-SKU-S1-202-08-Caffe-Macchiato.jpg\" \/>\n\t<meta property=\"og:image:width\" content=\"1800\" \/>\n\t<meta property=\"og:image:height\" content=\"1800\" \/>\n\t<meta property=\"og:image:type\" content=\"image\/jpeg\" \/>\n<meta name=\"twitter:card\" content=\"summary_large_image\" \/>\n<meta name=\"twitter:label1\" content=\"Gesch\u00e4tzte Lesezeit\" \/>\n\t<meta name=\"twitter:data1\" content=\"1\u00a0Minute\" \/>\n<script type=\"application\/ld+json\" class=\"yoast-schema-graph\">{\"@context\":\"https:\\\/\\\/schema.org\",\"@graph\":[{\"@type\":\"WebPage\",\"@id\":\"https:\\\/\\\/test.cosysunday.com\\\/de\\\/produkt\\\/your-desire\\\/\",\"url\":\"https:\\\/\\\/test.cosysunday.com\\\/de\\\/produkt\\\/your-desire\\\/\",\"name\":\"Your Desire - COSY SUNDAY\",\"isPartOf\":{\"@id\":\"https:\\\/\\\/test.cosysunday.com\\\/#website\"},\"primaryImageOfPage\":{\"@id\":\"https:\\\/\\\/test.cosysunday.com\\\/de\\\/produkt\\\/your-desire\\\/#primaryimage\"},\"image\":{\"@id\":\"https:\\\/\\\/test.cosysunday.com\\\/de\\\/produkt\\\/your-desire\\\/#primaryimage\"},\"thumbnailUrl\":\"https:\\\/\\\/cdn.speedsize.com\\\/f92682dc-7352-42e5-8737-ed80049e205d\\\/test.cosysunday.com\\\/wp-content\\\/uploads\\\/2023\\\/03\\\/Coat-Your-Desire-SKU-S1-202-08-Caffe-Macchiato.jpg\",\"datePublished\":\"2024-03-07T14:25:00+00:00\",\"dateModified\":\"2024-07-09T09:35:19+00:00\",\"breadcrumb\":{\"@id\":\"https:\\\/\\\/test.cosysunday.com\\\/de\\\/produkt\\\/your-desire\\\/#breadcrumb\"},\"inLanguage\":\"de\",\"potentialAction\":[{\"@type\":\"ReadAction\",\"target\":[\"https:\\\/\\\/test.cosysunday.com\\\/de\\\/produkt\\\/your-desire\\\/\"]}]},{\"@type\":\"ImageObject\",\"inLanguage\":\"de\",\"@id\":\"https:\\\/\\\/test.cosysunday.com\\\/de\\\/produkt\\\/your-desire\\\/#primaryimage\",\"url\":\"https:\\\/\\\/cdn.speedsize.com\\\/f92682dc-7352-42e5-8737-ed80049e205d\\\/test.cosysunday.com\\\/wp-content\\\/uploads\\\/2023\\\/03\\\/Coat-Your-Desire-SKU-S1-202-08-Caffe-Macchiato.jpg\",\"contentUrl\":\"https:\\\/\\\/cdn.speedsize.com\\\/f92682dc-7352-42e5-8737-ed80049e205d\\\/test.cosysunday.com\\\/wp-content\\\/uploads\\\/2023\\\/03\\\/Coat-Your-Desire-SKU-S1-202-08-Caffe-Macchiato.jpg\",\"width\":1800,\"height\":1800},{\"@type\":\"BreadcrumbList\",\"@id\":\"https:\\\/\\\/test.cosysunday.com\\\/de\\\/produkt\\\/your-desire\\\/#breadcrumb\",\"itemListElement\":[{\"@type\":\"ListItem\",\"position\":1,\"name\":\"\u0413\u043b\u0430\u0432\u043d\u0430\u044f \u0441\u0442\u0440\u0430\u043d\u0438\u0446\u0430\",\"item\":\"https:\\\/\\\/test.cosysunday.com\\\/de\\\/\"},{\"@type\":\"ListItem\",\"position\":2,\"name\":\"Shop\",\"item\":\"https:\\\/\\\/test.cosysunday.com\\\/shop\\\/\"},{\"@type\":\"ListItem\",\"position\":3,\"name\":\"Your Desire\"}]},{\"@type\":\"WebSite\",\"@id\":\"https:\\\/\\\/test.cosysunday.com\\\/#website\",\"url\":\"https:\\\/\\\/test.cosysunday.com\\\/\",\"name\":\"COSY SUNDAY\",\"description\":\"Luxury weekend fashion\",\"potentialAction\":[{\"@type\":\"SearchAction\",\"target\":{\"@type\":\"EntryPoint\",\"urlTemplate\":\"https:\\\/\\\/test.cosysunday.com\\\/?s={search_term_string}\"},\"query-input\":{\"@type\":\"PropertyValueSpecification\",\"valueRequired\":true,\"valueName\":\"search_term_string\"}}],\"inLanguage\":\"de\"}]}<\/script>\n<!-- \/ Yoast SEO plugin. -->","yoast_head_json":{"title":"Your Desire - COSY SUNDAY","robots":{"index":"noindex","follow":"follow","max-snippet":"max-snippet:-1","max-image-preview":"max-image-preview:large","max-video-preview":"max-video-preview:-1"},"og_locale":"de_DE","og_type":"article","og_title":"Your Desire - COSY SUNDAY","og_description":"Perfekt zum \u00dcberziehen, wenn es etwas k\u00fchler wird. Die \u00fcbergro\u00dfe Silhouette des Mantels vermittelt einen stilvollen Vibe, die gr\u00f6\u00dferen Taschen vorne f\u00fcgen ein einzigartiges Detail hinzu, und die Gesamtpassform ist sehr modisch. Er sieht toll aus \u00fcber jedem unserer Pullover, also kombinieren Sie das Outfit mit einigen Stiefeln und bereiten Sie sich darauf vor, Blicke auf sich zu ziehen.","og_url":"https:\/\/test.cosysunday.com\/de\/produkt\/your-desire\/","og_site_name":"COSY SUNDAY","article_modified_time":"2024-07-09T09:35:19+00:00","og_image":[{"width":1800,"height":1800,"url":"https:\/\/test.cosysunday.com\/wp-content\/uploads\/2023\/03\/Coat-Your-Desire-SKU-S1-202-08-Caffe-Macchiato.jpg","type":"image\/jpeg"}],"twitter_card":"summary_large_image","twitter_misc":{"Gesch\u00e4tzte Lesezeit":"1\u00a0Minute"},"schema":{"@context":"https:\/\/schema.org","@graph":[{"@type":"WebPage","@id":"https:\/\/test.cosysunday.com\/de\/produkt\/your-desire\/","url":"https:\/\/test.cosysunday.com\/de\/produkt\/your-desire\/","name":"Your Desire - COSY SUNDAY","isPartOf":{"@id":"https:\/\/test.cosysunday.com\/#website"},"primaryImageOfPage":{"@id":"https:\/\/test.cosysunday.com\/de\/produkt\/your-desire\/#primaryimage"},"image":{"@id":"https:\/\/test.cosysunday.com\/de\/produkt\/your-desire\/#primaryimage"},"thumbnailUrl":"https:\/\/cdn.speedsize.com\/f92682dc-7352-42e5-8737-ed80049e205d\/test.cosysunday.com\/wp-content\/uploads\/2023\/03\/Coat-Your-Desire-SKU-S1-202-08-Caffe-Macchiato.jpg","datePublished":"2024-03-07T14:25:00+00:00","dateModified":"2024-07-09T09:35:19+00:00","breadcrumb":{"@id":"https:\/\/test.cosysunday.com\/de\/produkt\/your-desire\/#breadcrumb"},"inLanguage":"de","potentialAction":[{"@type":"ReadAction","target":["https:\/\/test.cosysunday.com\/de\/produkt\/your-desire\/"]}]},{"@type":"ImageObject","inLanguage":"de","@id":"https:\/\/test.cosysunday.com\/de\/produkt\/your-desire\/#primaryimage","url":"https:\/\/cdn.speedsize.com\/f92682dc-7352-42e5-8737-ed80049e205d\/test.cosysunday.com\/wp-content\/uploads\/2023\/03\/Coat-Your-Desire-SKU-S1-202-08-Caffe-Macchiato.jpg","contentUrl":"https:\/\/cdn.speedsize.com\/f92682dc-7352-42e5-8737-ed80049e205d\/test.cosysunday.com\/wp-content\/uploads\/2023\/03\/Coat-Your-Desire-SKU-S1-202-08-Caffe-Macchiato.jpg","width":1800,"height":1800},{"@type":"BreadcrumbList","@id":"https:\/\/test.cosysunday.com\/de\/produkt\/your-desire\/#breadcrumb","itemListElement":[{"@type":"ListItem","position":1,"name":"\u0413\u043b\u0430\u0432\u043d\u0430\u044f \u0441\u0442\u0440\u0430\u043d\u0438\u0446\u0430","item":"https:\/\/test.cosysunday.com\/de\/"},{"@type":"ListItem","position":2,"name":"Shop","item":"https:\/\/test.cosysunday.com\/shop\/"},{"@type":"ListItem","position":3,"name":"Your Desire"}]},{"@type":"WebSite","@id":"https:\/\/test.cosysunday.com\/#website","url":"https:\/\/test.cosysunday.com\/","name":"COSY SUNDAY","description":"Luxury weekend fashion","potentialAction":[{"@type":"SearchAction","target":{"@type":"EntryPoint","urlTemplate":"https:\/\/test.cosysunday.com\/?s={search_term_string}"},"query-input":{"@type":"PropertyValueSpecification","valueRequired":true,"valueName":"search_term_string"}}],"inLanguage":"de"}]}},"_links":{"self":[{"href":"https:\/\/test.cosysunday.com\/de\/wp-json\/wp\/v2\/product\/6595","targetHints":{"allow":["GET"]}}],"collection":[{"href":"https:\/\/test.cosysunday.com\/de\/wp-json\/wp\/v2\/product"}],"about":[{"href":"https:\/\/test.cosysunday.com\/de\/wp-json\/wp\/v2\/types\/product"}],"replies":[{"embeddable":true,"href":"https:\/\/test.cosysunday.com\/de\/wp-json\/wp\/v2\/comments?post=6595"}],"wp:featuredmedia":[{"embeddable":true,"href":"https:\/\/test.cosysunday.com\/de\/wp-json\/wp\/v2\/media\/5128"}],"wp:attachment":[{"href":"https:\/\/test.cosysunday.com\/de\/wp-json\/wp\/v2\/media?parent=6595"}],"wp:term":[{"taxonomy":"product_brand","embeddable":true,"href":"https:\/\/test.cosysunday.com\/de\/wp-json\/wp\/v2\/product_brand?post=6595"},{"taxonomy":"product_cat","embeddable":true,"href":"https:\/\/test.cosysunday.com\/de\/wp-json\/wp\/v2\/product_cat?post=6595"},{"taxonomy":"product_tag","embeddable":true,"href":"https:\/\/test.cosysunday.com\/de\/wp-json\/wp\/v2\/product_tag?post=6595"}],"curies":[{"name":"wp","href":"https:\/\/api.w.org\/{rel}","templated":true}]}}