{"id":6591,"date":"2024-03-07T16:41:06","date_gmt":"2024-03-07T14:41:06","guid":{"rendered":"https:\/\/test.cosysunday.com\/product\/carry-me-fondente\/"},"modified":"2024-07-09T11:12:24","modified_gmt":"2024-07-09T09:12:24","slug":"carry-me-fondente","status":"publish","type":"product","link":"https:\/\/test.cosysunday.com\/de\/produkt\/carry-me-fondente\/","title":{"rendered":"Carry Me Fondente"},"content":{"rendered":"<p>Traceability-QR-Code verf\u00fcgbar<\/p>\n<p><strong>Highlights<\/strong><\/p>\n<p>\u00b7 vegane Einkaufstasche<\/p>\n<p>\u00b7 zertifiziertes Material h\u00f6chster Qualit\u00e4t, produziert in Italien<\/p>\n<p>\u00b7 ger\u00e4umig und leicht, einfach zu falten und im Koffer zu verstauen<\/p>\n<p>\u00b7 diese Tasche ist kompatibel mit &#8216;Pochette Cocco&#8217;, die als Organizer verwendet und innen befestigt werden kann<\/p>\n<p><strong>Zusammensetzung<\/strong><\/p>\n<p>Leinwand, veganes pflanzlich basiertes Leder<\/p>\n<p><img loading=\"lazy\" decoding=\"async\" class=\"alignnone wp-image-9983\" src=\"https:\/\/test.cosysunday.com\/wp-content\/uploads\/2023\/03\/certificate-2-1-300x300.jpg\" alt=\"\" width=\"66\" height=\"66\" \/> <img loading=\"lazy\" decoding=\"async\" class=\"alignnone wp-image-9994\" src=\"https:\/\/test.cosysunday.com\/wp-content\/uploads\/2023\/03\/certificate-13-1-300x300.jpg\" alt=\"\" width=\"67\" height=\"67\" \/> <img loading=\"lazy\" decoding=\"async\" class=\"alignnone wp-image-9987\" src=\"https:\/\/test.cosysunday.com\/wp-content\/uploads\/2023\/03\/certificate-6-300x300.jpg\" alt=\"\" width=\"66\" height=\"66\" \/> <img loading=\"lazy\" decoding=\"async\" class=\"alignnone wp-image-9991\" src=\"https:\/\/test.cosysunday.com\/wp-content\/uploads\/2023\/03\/certificate-10-300x300.jpg\" alt=\"\" width=\"66\" height=\"66\" \/><\/p>\n<p><strong>Waschanleitung<\/strong><\/p>\n<p>mit einem weichen Tuch und Wasser abwischen<\/p>\n<p><strong>Tragen<\/strong><\/p>\n<p>Strand, Reisen, Fitnessstudio<\/p>\n","protected":false},"excerpt":{"rendered":"<p><span data-sheets-root=\"1\" data-sheets-value=\"{&quot;1&quot;:2,&quot;2&quot;:&quot;Die 'Carry Me'-Tasche bietet ausreichend Platz, damit Sie jederzeit all Ihre Essentials griffbereit haben. Sie ist eine Allrounder-Tasche, perfekt f\u00fcr einen Reisetag, einen Roadtrip oder einen Strandbesuch mit allem, was Sie brauchen. Sie wird Sie nie entt\u00e4uschen und wird genauso zeitlos wie praktisch sein. Nehmen Sie sie \u00fcberall hin mit und machen Sie sich keine Sorgen, etwas zur\u00fcckzulassen.&quot;}\" data-sheets-userformat=\"{&quot;2&quot;:11009,&quot;3&quot;:{&quot;1&quot;:0},&quot;11&quot;:4,&quot;12&quot;:0,&quot;14&quot;:{&quot;1&quot;:2,&quot;2&quot;:0},&quot;16&quot;:12}\">Die &#8216;Carry Me&#8217;-Tasche bietet ausreichend Platz, damit Sie jederzeit all Ihre Essentials griffbereit haben. Sie ist eine Allrounder-Tasche, perfekt f\u00fcr einen Reisetag, einen Roadtrip oder einen Strandbesuch mit allem, was Sie brauchen. Sie wird Sie nie entt\u00e4uschen und wird genauso zeitlos wie praktisch sein. Nehmen Sie sie \u00fcberall hin mit und machen Sie sich keine Sorgen, etwas zur\u00fcckzulassen.<\/span><\/p>\n","protected":false},"featured_media":6141,"comment_status":"open","ping_status":"closed","template":"","meta":[],"product_brand":[],"product_cat":[234,236,245,281,282],"product_tag":[284],"class_list":{"0":"post-6591","1":"product","2":"type-product","3":"status-publish","4":"has-post-thumbnail","6":"product_cat-new-in-women-de","7":"product_cat-frauen","8":"product_cat-summer-de","9":"product_cat-urlaubsort","10":"product_cat-bag-de","11":"product_tag-geschenk-3","13":"first","14":"instock","15":"sold-individually","16":"taxable","17":"shipping-taxable","18":"purchasable","19":"product-type-variable","20":"has-default-attributes"},"acf":[],"yoast_head":"<!-- This site is optimized with the Yoast SEO plugin v27.5 - https:\/\/yoast.com\/product\/yoast-seo-wordpress\/ -->\n<title>Carry Me Fondente - COSY SUNDAY<\/title>\n<meta name=\"robots\" content=\"noindex, follow, max-snippet:-1, max-image-preview:large, max-video-preview:-1\" \/>\n<meta property=\"og:locale\" content=\"de_DE\" \/>\n<meta property=\"og:type\" content=\"article\" \/>\n<meta property=\"og:title\" content=\"Carry Me Fondente - COSY SUNDAY\" \/>\n<meta property=\"og:description\" content=\"Die &#039;Carry Me&#039;-Tasche bietet ausreichend Platz, damit Sie jederzeit all Ihre Essentials griffbereit haben. Sie ist eine Allrounder-Tasche, perfekt f\u00fcr einen Reisetag, einen Roadtrip oder einen Strandbesuch mit allem, was Sie brauchen. Sie wird Sie nie entt\u00e4uschen und wird genauso zeitlos wie praktisch sein. Nehmen Sie sie \u00fcberall hin mit und machen Sie sich keine Sorgen, etwas zur\u00fcckzulassen.\" \/>\n<meta property=\"og:url\" content=\"https:\/\/test.cosysunday.com\/de\/produkt\/carry-me-fondente\/\" \/>\n<meta property=\"og:site_name\" content=\"COSY SUNDAY\" \/>\n<meta property=\"article:modified_time\" content=\"2024-07-09T09:12:24+00:00\" \/>\n<meta property=\"og:image\" content=\"https:\/\/test.cosysunday.com\/wp-content\/uploads\/2024\/03\/sloj-2-1-1024x1024.png\" \/>\n\t<meta property=\"og:image:width\" content=\"1024\" \/>\n\t<meta property=\"og:image:height\" content=\"1024\" \/>\n\t<meta property=\"og:image:type\" content=\"image\/png\" \/>\n<meta name=\"twitter:card\" content=\"summary_large_image\" \/>\n<meta name=\"twitter:label1\" content=\"Gesch\u00e4tzte Lesezeit\" \/>\n\t<meta name=\"twitter:data1\" content=\"2\u00a0Minuten\" \/>\n<script type=\"application\/ld+json\" class=\"yoast-schema-graph\">{\"@context\":\"https:\\\/\\\/schema.org\",\"@graph\":[{\"@type\":\"WebPage\",\"@id\":\"https:\\\/\\\/test.cosysunday.com\\\/de\\\/produkt\\\/carry-me-fondente\\\/\",\"url\":\"https:\\\/\\\/test.cosysunday.com\\\/de\\\/produkt\\\/carry-me-fondente\\\/\",\"name\":\"Carry Me Fondente - COSY SUNDAY\",\"isPartOf\":{\"@id\":\"https:\\\/\\\/test.cosysunday.com\\\/#website\"},\"primaryImageOfPage\":{\"@id\":\"https:\\\/\\\/test.cosysunday.com\\\/de\\\/produkt\\\/carry-me-fondente\\\/#primaryimage\"},\"image\":{\"@id\":\"https:\\\/\\\/test.cosysunday.com\\\/de\\\/produkt\\\/carry-me-fondente\\\/#primaryimage\"},\"thumbnailUrl\":\"https:\\\/\\\/cdn.speedsize.com\\\/f92682dc-7352-42e5-8737-ed80049e205d\\\/test.cosysunday.com\\\/wp-content\\\/uploads\\\/2024\\\/03\\\/sloj-2-1.png\",\"datePublished\":\"2024-03-07T14:41:06+00:00\",\"dateModified\":\"2024-07-09T09:12:24+00:00\",\"breadcrumb\":{\"@id\":\"https:\\\/\\\/test.cosysunday.com\\\/de\\\/produkt\\\/carry-me-fondente\\\/#breadcrumb\"},\"inLanguage\":\"de\",\"potentialAction\":[{\"@type\":\"ReadAction\",\"target\":[\"https:\\\/\\\/test.cosysunday.com\\\/de\\\/produkt\\\/carry-me-fondente\\\/\"]}]},{\"@type\":\"ImageObject\",\"inLanguage\":\"de\",\"@id\":\"https:\\\/\\\/test.cosysunday.com\\\/de\\\/produkt\\\/carry-me-fondente\\\/#primaryimage\",\"url\":\"https:\\\/\\\/cdn.speedsize.com\\\/f92682dc-7352-42e5-8737-ed80049e205d\\\/test.cosysunday.com\\\/wp-content\\\/uploads\\\/2024\\\/03\\\/sloj-2-1.png\",\"contentUrl\":\"https:\\\/\\\/cdn.speedsize.com\\\/f92682dc-7352-42e5-8737-ed80049e205d\\\/test.cosysunday.com\\\/wp-content\\\/uploads\\\/2024\\\/03\\\/sloj-2-1.png\",\"width\":1800,\"height\":1800},{\"@type\":\"BreadcrumbList\",\"@id\":\"https:\\\/\\\/test.cosysunday.com\\\/de\\\/produkt\\\/carry-me-fondente\\\/#breadcrumb\",\"itemListElement\":[{\"@type\":\"ListItem\",\"position\":1,\"name\":\"\u0413\u043b\u0430\u0432\u043d\u0430\u044f \u0441\u0442\u0440\u0430\u043d\u0438\u0446\u0430\",\"item\":\"https:\\\/\\\/test.cosysunday.com\\\/de\\\/\"},{\"@type\":\"ListItem\",\"position\":2,\"name\":\"Shop\",\"item\":\"https:\\\/\\\/test.cosysunday.com\\\/shop\\\/\"},{\"@type\":\"ListItem\",\"position\":3,\"name\":\"Carry Me Fondente\"}]},{\"@type\":\"WebSite\",\"@id\":\"https:\\\/\\\/test.cosysunday.com\\\/#website\",\"url\":\"https:\\\/\\\/test.cosysunday.com\\\/\",\"name\":\"COSY SUNDAY\",\"description\":\"Luxury weekend fashion\",\"potentialAction\":[{\"@type\":\"SearchAction\",\"target\":{\"@type\":\"EntryPoint\",\"urlTemplate\":\"https:\\\/\\\/test.cosysunday.com\\\/?s={search_term_string}\"},\"query-input\":{\"@type\":\"PropertyValueSpecification\",\"valueRequired\":true,\"valueName\":\"search_term_string\"}}],\"inLanguage\":\"de\"}]}<\/script>\n<!-- \/ Yoast SEO plugin. -->","yoast_head_json":{"title":"Carry Me Fondente - COSY SUNDAY","robots":{"index":"noindex","follow":"follow","max-snippet":"max-snippet:-1","max-image-preview":"max-image-preview:large","max-video-preview":"max-video-preview:-1"},"og_locale":"de_DE","og_type":"article","og_title":"Carry Me Fondente - COSY SUNDAY","og_description":"Die 'Carry Me'-Tasche bietet ausreichend Platz, damit Sie jederzeit all Ihre Essentials griffbereit haben. Sie ist eine Allrounder-Tasche, perfekt f\u00fcr einen Reisetag, einen Roadtrip oder einen Strandbesuch mit allem, was Sie brauchen. Sie wird Sie nie entt\u00e4uschen und wird genauso zeitlos wie praktisch sein. Nehmen Sie sie \u00fcberall hin mit und machen Sie sich keine Sorgen, etwas zur\u00fcckzulassen.","og_url":"https:\/\/test.cosysunday.com\/de\/produkt\/carry-me-fondente\/","og_site_name":"COSY SUNDAY","article_modified_time":"2024-07-09T09:12:24+00:00","og_image":[{"width":1024,"height":1024,"url":"https:\/\/test.cosysunday.com\/wp-content\/uploads\/2024\/03\/sloj-2-1-1024x1024.png","type":"image\/png"}],"twitter_card":"summary_large_image","twitter_misc":{"Gesch\u00e4tzte Lesezeit":"2\u00a0Minuten"},"schema":{"@context":"https:\/\/schema.org","@graph":[{"@type":"WebPage","@id":"https:\/\/test.cosysunday.com\/de\/produkt\/carry-me-fondente\/","url":"https:\/\/test.cosysunday.com\/de\/produkt\/carry-me-fondente\/","name":"Carry Me Fondente - COSY SUNDAY","isPartOf":{"@id":"https:\/\/test.cosysunday.com\/#website"},"primaryImageOfPage":{"@id":"https:\/\/test.cosysunday.com\/de\/produkt\/carry-me-fondente\/#primaryimage"},"image":{"@id":"https:\/\/test.cosysunday.com\/de\/produkt\/carry-me-fondente\/#primaryimage"},"thumbnailUrl":"https:\/\/cdn.speedsize.com\/f92682dc-7352-42e5-8737-ed80049e205d\/test.cosysunday.com\/wp-content\/uploads\/2024\/03\/sloj-2-1.png","datePublished":"2024-03-07T14:41:06+00:00","dateModified":"2024-07-09T09:12:24+00:00","breadcrumb":{"@id":"https:\/\/test.cosysunday.com\/de\/produkt\/carry-me-fondente\/#breadcrumb"},"inLanguage":"de","potentialAction":[{"@type":"ReadAction","target":["https:\/\/test.cosysunday.com\/de\/produkt\/carry-me-fondente\/"]}]},{"@type":"ImageObject","inLanguage":"de","@id":"https:\/\/test.cosysunday.com\/de\/produkt\/carry-me-fondente\/#primaryimage","url":"https:\/\/cdn.speedsize.com\/f92682dc-7352-42e5-8737-ed80049e205d\/test.cosysunday.com\/wp-content\/uploads\/2024\/03\/sloj-2-1.png","contentUrl":"https:\/\/cdn.speedsize.com\/f92682dc-7352-42e5-8737-ed80049e205d\/test.cosysunday.com\/wp-content\/uploads\/2024\/03\/sloj-2-1.png","width":1800,"height":1800},{"@type":"BreadcrumbList","@id":"https:\/\/test.cosysunday.com\/de\/produkt\/carry-me-fondente\/#breadcrumb","itemListElement":[{"@type":"ListItem","position":1,"name":"\u0413\u043b\u0430\u0432\u043d\u0430\u044f \u0441\u0442\u0440\u0430\u043d\u0438\u0446\u0430","item":"https:\/\/test.cosysunday.com\/de\/"},{"@type":"ListItem","position":2,"name":"Shop","item":"https:\/\/test.cosysunday.com\/shop\/"},{"@type":"ListItem","position":3,"name":"Carry Me Fondente"}]},{"@type":"WebSite","@id":"https:\/\/test.cosysunday.com\/#website","url":"https:\/\/test.cosysunday.com\/","name":"COSY SUNDAY","description":"Luxury weekend fashion","potentialAction":[{"@type":"SearchAction","target":{"@type":"EntryPoint","urlTemplate":"https:\/\/test.cosysunday.com\/?s={search_term_string}"},"query-input":{"@type":"PropertyValueSpecification","valueRequired":true,"valueName":"search_term_string"}}],"inLanguage":"de"}]}},"_links":{"self":[{"href":"https:\/\/test.cosysunday.com\/de\/wp-json\/wp\/v2\/product\/6591","targetHints":{"allow":["GET"]}}],"collection":[{"href":"https:\/\/test.cosysunday.com\/de\/wp-json\/wp\/v2\/product"}],"about":[{"href":"https:\/\/test.cosysunday.com\/de\/wp-json\/wp\/v2\/types\/product"}],"replies":[{"embeddable":true,"href":"https:\/\/test.cosysunday.com\/de\/wp-json\/wp\/v2\/comments?post=6591"}],"wp:featuredmedia":[{"embeddable":true,"href":"https:\/\/test.cosysunday.com\/de\/wp-json\/wp\/v2\/media\/6141"}],"wp:attachment":[{"href":"https:\/\/test.cosysunday.com\/de\/wp-json\/wp\/v2\/media?parent=6591"}],"wp:term":[{"taxonomy":"product_brand","embeddable":true,"href":"https:\/\/test.cosysunday.com\/de\/wp-json\/wp\/v2\/product_brand?post=6591"},{"taxonomy":"product_cat","embeddable":true,"href":"https:\/\/test.cosysunday.com\/de\/wp-json\/wp\/v2\/product_cat?post=6591"},{"taxonomy":"product_tag","embeddable":true,"href":"https:\/\/test.cosysunday.com\/de\/wp-json\/wp\/v2\/product_tag?post=6591"}],"curies":[{"name":"wp","href":"https:\/\/api.w.org\/{rel}","templated":true}]}}