{"id":6566,"date":"2024-03-07T16:41:12","date_gmt":"2024-03-07T14:41:12","guid":{"rendered":"https:\/\/test.cosysunday.com\/product\/getaway-portofino\/"},"modified":"2024-07-09T11:08:57","modified_gmt":"2024-07-09T09:08:57","slug":"getaway-portofino","status":"publish","type":"product","link":"https:\/\/test.cosysunday.com\/de\/produkt\/getaway-portofino\/","title":{"rendered":"Getaway Portofino"},"content":{"rendered":"<p>Traceability-QR-Code verf\u00fcgbar<\/p>\n<p><strong>Highlights<\/strong><\/p>\n<p>\u00b7 farblich abgestimmt auf unsere Badeanz\u00fcge<\/p>\n<p>\u00b7 bequeme ergonomische Sohle aus recyceltem Gummi<\/p>\n<p>\u00b7 wasserabweisende Behandlung Lycra<\/p>\n<p>\u00b7 nachhaltig: hergestellt aus ECONYL, Nylon aus recycelten Fischernetzen<\/p>\n<p>\u00b7 zertifiziert OEKO \u2013 TEX 100, GRS, OEKO \u2013 TEX recycelt<\/p>\n<p><strong>Zusammensetzung<\/strong><\/p>\n<p>100% recyceltes Nylon<\/p>\n<p><img loading=\"lazy\" decoding=\"async\" class=\"alignnone wp-image-9988\" src=\"https:\/\/test.cosysunday.com\/wp-content\/uploads\/2023\/03\/certificate-7-300x300.jpg\" alt=\"\" width=\"66\" height=\"66\" \/> <img loading=\"lazy\" decoding=\"async\" class=\"alignnone wp-image-9998\" src=\"https:\/\/test.cosysunday.com\/wp-content\/uploads\/2023\/03\/certificate-17-300x300.jpg\" alt=\"\" width=\"65\" height=\"65\" \/> <img loading=\"lazy\" decoding=\"async\" class=\"alignnone wp-image-9991\" src=\"https:\/\/test.cosysunday.com\/wp-content\/uploads\/2023\/03\/certificate-10-300x300.jpg\" alt=\"\" width=\"66\" height=\"66\" \/><\/p>\n<p><strong>Waschanleitung<\/strong><\/p>\n<p>mit kaltem Wasser waschen und wie jeden Badeanzug unter der Sonne trocknen<\/p>\n<p><strong>Tragen<\/strong><\/p>\n<p>Stra\u00dfe, Pool, Strand, Zuhause<\/p>\n","protected":false},"excerpt":{"rendered":"<p><span data-sheets-root=\"1\" data-sheets-value=\"{&quot;1&quot;:2,&quot;2&quot;:&quot;Das perfekte Paar Hausschuhe, um am Pool oder im Urlaub eine gute Figur zu machen. Diese Hausschuhe sind sehr bequem, mit einer festen Gummisohle und einem weichen, recycelten Nylon-Finish. Unsere Strandhausschuhe sind stoff- und farblich auf unsere Bademode abgestimmt, um sie noch einfacher zu kombinieren. Tragen Sie Ihr Paar mit einem unserer Badeanz\u00fcge und dem K\u00fcstenhemd, und Sie sind bereit f\u00fcr alles im Urlaub.&quot;}\" data-sheets-userformat=\"{&quot;2&quot;:11009,&quot;3&quot;:{&quot;1&quot;:0},&quot;11&quot;:4,&quot;12&quot;:0,&quot;14&quot;:{&quot;1&quot;:2,&quot;2&quot;:0},&quot;16&quot;:12}\">Das perfekte Paar Hausschuhe, um am Pool oder im Urlaub eine gute Figur zu machen. Diese Hausschuhe sind sehr bequem, mit einer festen Gummisohle und einem weichen, recycelten Nylon-Finish. Unsere Strandhausschuhe sind stoff- und farblich auf unsere Bademode abgestimmt, um sie noch einfacher zu kombinieren. Tragen Sie Ihr Paar mit einem unserer Badeanz\u00fcge und dem K\u00fcstenhemd, und Sie sind bereit f\u00fcr alles im Urlaub.<\/span><\/p>\n","protected":false},"featured_media":5171,"comment_status":"open","ping_status":"closed","template":"","meta":[],"product_brand":[],"product_cat":[234,236,245,280,281],"product_tag":[],"class_list":{"0":"post-6566","1":"product","2":"type-product","3":"status-publish","4":"has-post-thumbnail","6":"product_cat-new-in-women-de","7":"product_cat-frauen","8":"product_cat-summer-de","9":"product_cat-schuhe-de","10":"product_cat-urlaubsort","12":"first","13":"instock","14":"sold-individually","15":"taxable","16":"shipping-taxable","17":"purchasable","18":"product-type-variable","19":"has-default-attributes"},"acf":[],"yoast_head":"<!-- This site is optimized with the Yoast SEO plugin v27.5 - https:\/\/yoast.com\/product\/yoast-seo-wordpress\/ -->\n<title>Getaway Portofino - COSY SUNDAY<\/title>\n<meta name=\"robots\" content=\"noindex, follow, max-snippet:-1, max-image-preview:large, max-video-preview:-1\" \/>\n<meta property=\"og:locale\" content=\"de_DE\" \/>\n<meta property=\"og:type\" content=\"article\" \/>\n<meta property=\"og:title\" content=\"Getaway Portofino - COSY SUNDAY\" \/>\n<meta property=\"og:description\" content=\"Das perfekte Paar Hausschuhe, um am Pool oder im Urlaub eine gute Figur zu machen. Diese Hausschuhe sind sehr bequem, mit einer festen Gummisohle und einem weichen, recycelten Nylon-Finish. Unsere Strandhausschuhe sind stoff- und farblich auf unsere Bademode abgestimmt, um sie noch einfacher zu kombinieren. Tragen Sie Ihr Paar mit einem unserer Badeanz\u00fcge und dem K\u00fcstenhemd, und Sie sind bereit f\u00fcr alles im Urlaub.\" \/>\n<meta property=\"og:url\" content=\"https:\/\/test.cosysunday.com\/de\/produkt\/getaway-portofino\/\" \/>\n<meta property=\"og:site_name\" content=\"COSY SUNDAY\" \/>\n<meta property=\"article:modified_time\" content=\"2024-07-09T09:08:57+00:00\" \/>\n<meta property=\"og:image\" content=\"https:\/\/test.cosysunday.com\/wp-content\/uploads\/2023\/03\/Getaway-Portofino-SKU-B1-501-11-Mars.jpg\" \/>\n\t<meta property=\"og:image:width\" content=\"1800\" \/>\n\t<meta property=\"og:image:height\" content=\"1800\" \/>\n\t<meta property=\"og:image:type\" content=\"image\/jpeg\" \/>\n<meta name=\"twitter:card\" content=\"summary_large_image\" \/>\n<meta name=\"twitter:label1\" content=\"Gesch\u00e4tzte Lesezeit\" \/>\n\t<meta name=\"twitter:data1\" content=\"2\u00a0Minuten\" \/>\n<script type=\"application\/ld+json\" class=\"yoast-schema-graph\">{\"@context\":\"https:\\\/\\\/schema.org\",\"@graph\":[{\"@type\":\"WebPage\",\"@id\":\"https:\\\/\\\/test.cosysunday.com\\\/de\\\/produkt\\\/getaway-portofino\\\/\",\"url\":\"https:\\\/\\\/test.cosysunday.com\\\/de\\\/produkt\\\/getaway-portofino\\\/\",\"name\":\"Getaway Portofino - COSY SUNDAY\",\"isPartOf\":{\"@id\":\"https:\\\/\\\/test.cosysunday.com\\\/#website\"},\"primaryImageOfPage\":{\"@id\":\"https:\\\/\\\/test.cosysunday.com\\\/de\\\/produkt\\\/getaway-portofino\\\/#primaryimage\"},\"image\":{\"@id\":\"https:\\\/\\\/test.cosysunday.com\\\/de\\\/produkt\\\/getaway-portofino\\\/#primaryimage\"},\"thumbnailUrl\":\"https:\\\/\\\/cdn.speedsize.com\\\/f92682dc-7352-42e5-8737-ed80049e205d\\\/test.cosysunday.com\\\/wp-content\\\/uploads\\\/2023\\\/03\\\/Getaway-Portofino-SKU-B1-501-11-Mars.jpg\",\"datePublished\":\"2024-03-07T14:41:12+00:00\",\"dateModified\":\"2024-07-09T09:08:57+00:00\",\"breadcrumb\":{\"@id\":\"https:\\\/\\\/test.cosysunday.com\\\/de\\\/produkt\\\/getaway-portofino\\\/#breadcrumb\"},\"inLanguage\":\"de\",\"potentialAction\":[{\"@type\":\"ReadAction\",\"target\":[\"https:\\\/\\\/test.cosysunday.com\\\/de\\\/produkt\\\/getaway-portofino\\\/\"]}]},{\"@type\":\"ImageObject\",\"inLanguage\":\"de\",\"@id\":\"https:\\\/\\\/test.cosysunday.com\\\/de\\\/produkt\\\/getaway-portofino\\\/#primaryimage\",\"url\":\"https:\\\/\\\/cdn.speedsize.com\\\/f92682dc-7352-42e5-8737-ed80049e205d\\\/test.cosysunday.com\\\/wp-content\\\/uploads\\\/2023\\\/03\\\/Getaway-Portofino-SKU-B1-501-11-Mars.jpg\",\"contentUrl\":\"https:\\\/\\\/cdn.speedsize.com\\\/f92682dc-7352-42e5-8737-ed80049e205d\\\/test.cosysunday.com\\\/wp-content\\\/uploads\\\/2023\\\/03\\\/Getaway-Portofino-SKU-B1-501-11-Mars.jpg\",\"width\":1800,\"height\":1800},{\"@type\":\"BreadcrumbList\",\"@id\":\"https:\\\/\\\/test.cosysunday.com\\\/de\\\/produkt\\\/getaway-portofino\\\/#breadcrumb\",\"itemListElement\":[{\"@type\":\"ListItem\",\"position\":1,\"name\":\"\u0413\u043b\u0430\u0432\u043d\u0430\u044f \u0441\u0442\u0440\u0430\u043d\u0438\u0446\u0430\",\"item\":\"https:\\\/\\\/test.cosysunday.com\\\/de\\\/\"},{\"@type\":\"ListItem\",\"position\":2,\"name\":\"Shop\",\"item\":\"https:\\\/\\\/test.cosysunday.com\\\/shop\\\/\"},{\"@type\":\"ListItem\",\"position\":3,\"name\":\"Getaway Portofino\"}]},{\"@type\":\"WebSite\",\"@id\":\"https:\\\/\\\/test.cosysunday.com\\\/#website\",\"url\":\"https:\\\/\\\/test.cosysunday.com\\\/\",\"name\":\"COSY SUNDAY\",\"description\":\"Luxury weekend fashion\",\"potentialAction\":[{\"@type\":\"SearchAction\",\"target\":{\"@type\":\"EntryPoint\",\"urlTemplate\":\"https:\\\/\\\/test.cosysunday.com\\\/?s={search_term_string}\"},\"query-input\":{\"@type\":\"PropertyValueSpecification\",\"valueRequired\":true,\"valueName\":\"search_term_string\"}}],\"inLanguage\":\"de\"}]}<\/script>\n<!-- \/ Yoast SEO plugin. -->","yoast_head_json":{"title":"Getaway Portofino - COSY SUNDAY","robots":{"index":"noindex","follow":"follow","max-snippet":"max-snippet:-1","max-image-preview":"max-image-preview:large","max-video-preview":"max-video-preview:-1"},"og_locale":"de_DE","og_type":"article","og_title":"Getaway Portofino - COSY SUNDAY","og_description":"Das perfekte Paar Hausschuhe, um am Pool oder im Urlaub eine gute Figur zu machen. Diese Hausschuhe sind sehr bequem, mit einer festen Gummisohle und einem weichen, recycelten Nylon-Finish. Unsere Strandhausschuhe sind stoff- und farblich auf unsere Bademode abgestimmt, um sie noch einfacher zu kombinieren. Tragen Sie Ihr Paar mit einem unserer Badeanz\u00fcge und dem K\u00fcstenhemd, und Sie sind bereit f\u00fcr alles im Urlaub.","og_url":"https:\/\/test.cosysunday.com\/de\/produkt\/getaway-portofino\/","og_site_name":"COSY SUNDAY","article_modified_time":"2024-07-09T09:08:57+00:00","og_image":[{"width":1800,"height":1800,"url":"https:\/\/test.cosysunday.com\/wp-content\/uploads\/2023\/03\/Getaway-Portofino-SKU-B1-501-11-Mars.jpg","type":"image\/jpeg"}],"twitter_card":"summary_large_image","twitter_misc":{"Gesch\u00e4tzte Lesezeit":"2\u00a0Minuten"},"schema":{"@context":"https:\/\/schema.org","@graph":[{"@type":"WebPage","@id":"https:\/\/test.cosysunday.com\/de\/produkt\/getaway-portofino\/","url":"https:\/\/test.cosysunday.com\/de\/produkt\/getaway-portofino\/","name":"Getaway Portofino - COSY SUNDAY","isPartOf":{"@id":"https:\/\/test.cosysunday.com\/#website"},"primaryImageOfPage":{"@id":"https:\/\/test.cosysunday.com\/de\/produkt\/getaway-portofino\/#primaryimage"},"image":{"@id":"https:\/\/test.cosysunday.com\/de\/produkt\/getaway-portofino\/#primaryimage"},"thumbnailUrl":"https:\/\/cdn.speedsize.com\/f92682dc-7352-42e5-8737-ed80049e205d\/test.cosysunday.com\/wp-content\/uploads\/2023\/03\/Getaway-Portofino-SKU-B1-501-11-Mars.jpg","datePublished":"2024-03-07T14:41:12+00:00","dateModified":"2024-07-09T09:08:57+00:00","breadcrumb":{"@id":"https:\/\/test.cosysunday.com\/de\/produkt\/getaway-portofino\/#breadcrumb"},"inLanguage":"de","potentialAction":[{"@type":"ReadAction","target":["https:\/\/test.cosysunday.com\/de\/produkt\/getaway-portofino\/"]}]},{"@type":"ImageObject","inLanguage":"de","@id":"https:\/\/test.cosysunday.com\/de\/produkt\/getaway-portofino\/#primaryimage","url":"https:\/\/cdn.speedsize.com\/f92682dc-7352-42e5-8737-ed80049e205d\/test.cosysunday.com\/wp-content\/uploads\/2023\/03\/Getaway-Portofino-SKU-B1-501-11-Mars.jpg","contentUrl":"https:\/\/cdn.speedsize.com\/f92682dc-7352-42e5-8737-ed80049e205d\/test.cosysunday.com\/wp-content\/uploads\/2023\/03\/Getaway-Portofino-SKU-B1-501-11-Mars.jpg","width":1800,"height":1800},{"@type":"BreadcrumbList","@id":"https:\/\/test.cosysunday.com\/de\/produkt\/getaway-portofino\/#breadcrumb","itemListElement":[{"@type":"ListItem","position":1,"name":"\u0413\u043b\u0430\u0432\u043d\u0430\u044f \u0441\u0442\u0440\u0430\u043d\u0438\u0446\u0430","item":"https:\/\/test.cosysunday.com\/de\/"},{"@type":"ListItem","position":2,"name":"Shop","item":"https:\/\/test.cosysunday.com\/shop\/"},{"@type":"ListItem","position":3,"name":"Getaway Portofino"}]},{"@type":"WebSite","@id":"https:\/\/test.cosysunday.com\/#website","url":"https:\/\/test.cosysunday.com\/","name":"COSY SUNDAY","description":"Luxury weekend fashion","potentialAction":[{"@type":"SearchAction","target":{"@type":"EntryPoint","urlTemplate":"https:\/\/test.cosysunday.com\/?s={search_term_string}"},"query-input":{"@type":"PropertyValueSpecification","valueRequired":true,"valueName":"search_term_string"}}],"inLanguage":"de"}]}},"_links":{"self":[{"href":"https:\/\/test.cosysunday.com\/de\/wp-json\/wp\/v2\/product\/6566","targetHints":{"allow":["GET"]}}],"collection":[{"href":"https:\/\/test.cosysunday.com\/de\/wp-json\/wp\/v2\/product"}],"about":[{"href":"https:\/\/test.cosysunday.com\/de\/wp-json\/wp\/v2\/types\/product"}],"replies":[{"embeddable":true,"href":"https:\/\/test.cosysunday.com\/de\/wp-json\/wp\/v2\/comments?post=6566"}],"wp:featuredmedia":[{"embeddable":true,"href":"https:\/\/test.cosysunday.com\/de\/wp-json\/wp\/v2\/media\/5171"}],"wp:attachment":[{"href":"https:\/\/test.cosysunday.com\/de\/wp-json\/wp\/v2\/media?parent=6566"}],"wp:term":[{"taxonomy":"product_brand","embeddable":true,"href":"https:\/\/test.cosysunday.com\/de\/wp-json\/wp\/v2\/product_brand?post=6566"},{"taxonomy":"product_cat","embeddable":true,"href":"https:\/\/test.cosysunday.com\/de\/wp-json\/wp\/v2\/product_cat?post=6566"},{"taxonomy":"product_tag","embeddable":true,"href":"https:\/\/test.cosysunday.com\/de\/wp-json\/wp\/v2\/product_tag?post=6566"}],"curies":[{"name":"wp","href":"https:\/\/api.w.org\/{rel}","templated":true}]}}