{"id":6528,"date":"2024-03-07T16:41:22","date_gmt":"2024-03-07T14:41:22","guid":{"rendered":"https:\/\/test.cosysunday.com\/product\/portofino\/"},"modified":"2024-07-09T11:08:25","modified_gmt":"2024-07-09T09:08:25","slug":"portofino","status":"publish","type":"product","link":"https:\/\/test.cosysunday.com\/de\/produkt\/portofino\/","title":{"rendered":"Portofino"},"content":{"rendered":"<p>Traceability-QR-Code verf\u00fcgbar<\/p>\n<p><strong>Highlights<\/strong><\/p>\n<p>\u00b7 Erbst\u00fcckmuster aus den Ratti-Archiven der Seide am Comer See<\/p>\n<p>\u00b7 schnell trocknender Stoff<\/p>\n<p>\u00b7 verstellbare \u00c4rmel mit diskreten Kn\u00f6pfen, um sie in Position zu halten, wenn sie hochgerollt sind<\/p>\n<p>\u00b7 farblich abgestimmt auf unsere Badeanzugkollektion<\/p>\n<p>\u00b7 markierte Viskosefaser aus nachwachsenden Rohstoffen<\/p>\n<p><strong>Zusammensetzung<\/strong><\/p>\n<p>100% Ecovero<\/p>\n<p><img loading=\"lazy\" decoding=\"async\" class=\"alignnone wp-image-9997\" src=\"https:\/\/test.cosysunday.com\/wp-content\/uploads\/2023\/03\/certificate-16-300x300.jpg\" alt=\"\" width=\"66\" height=\"66\" \/> <img loading=\"lazy\" decoding=\"async\" class=\"alignnone wp-image-9992\" src=\"https:\/\/test.cosysunday.com\/wp-content\/uploads\/2023\/03\/certificate-11-300x300.jpg\" alt=\"\" width=\"66\" height=\"66\" \/> <img loading=\"lazy\" decoding=\"async\" class=\"alignnone wp-image-9999\" src=\"https:\/\/test.cosysunday.com\/wp-content\/uploads\/2023\/03\/certificate-18-300x300.jpg\" alt=\"\" width=\"67\" height=\"67\" \/> <img loading=\"lazy\" decoding=\"async\" class=\"alignnone wp-image-9995\" src=\"https:\/\/test.cosysunday.com\/wp-content\/uploads\/2023\/03\/certificate-14-300x300.jpg\" alt=\"\" width=\"66\" height=\"66\" \/><\/p>\n<p><strong>Waschanleitung<\/strong><\/p>\n<p>sanfte Handw\u00e4sche, chemische Reinigung<\/p>\n<p><strong>Tragen<\/strong><\/p>\n<p>Strand, Stra\u00dfe, Zuhause<\/p>\n","protected":false},"excerpt":{"rendered":"<p><span data-sheets-root=\"1\" data-sheets-value=\"{&quot;1&quot;:2,&quot;2&quot;:&quot;Das K\u00fcstenhemd ist die ideale Wahl, wenn Sie dar\u00fcber nachdenken, was Sie \u00fcber Ihrem Badeanzug im Urlaub tragen m\u00f6chten. Es hat die perfekte L\u00e4nge, um sowohl allein als auch mit Jeans oder Shorts getragen zu werden. Der Stoff ist sehr leicht und luftig, perfekt f\u00fcr einen sonnigen Tag am Strand. Die Stoffmuster sind vintage, einige stammen aus den 1950er Jahren. Lassen Sie sich vom Amalfi-Hemd in die italienische Dolce Vita-Stimmung versetzen und machen Sie es zu Ihrem perfekten Begleiter f\u00fcr einen Tag am Strand. Dieses Hemd verleiht Ihnen einen raffinierten Look f\u00fcr ein Wochenende zu Hause oder in der Stadt.&quot;}\" data-sheets-userformat=\"{&quot;2&quot;:769,&quot;3&quot;:{&quot;1&quot;:0},&quot;11&quot;:4,&quot;12&quot;:0}\">Das K\u00fcstenhemd ist die ideale Wahl, wenn Sie dar\u00fcber nachdenken, was Sie \u00fcber Ihrem Badeanzug im Urlaub tragen m\u00f6chten. Es hat die perfekte L\u00e4nge, um sowohl allein als auch mit Jeans oder Shorts getragen zu werden. Der Stoff ist sehr leicht und luftig, perfekt f\u00fcr einen sonnigen Tag am Strand. Die Stoffmuster sind vintage, einige stammen aus den 1950er Jahren. Lassen Sie sich vom Amalfi-Hemd in die italienische Dolce Vita-Stimmung versetzen und machen Sie es zu Ihrem perfekten Begleiter f\u00fcr einen Tag am Strand. Dieses Hemd verleiht Ihnen einen raffinierten Look f\u00fcr ein Wochenende zu Hause oder in der Stadt.<\/span><\/p>\n","protected":false},"featured_media":5531,"comment_status":"open","ping_status":"closed","template":"","meta":[],"product_brand":[],"product_cat":[233,234,236,245,281],"product_tag":[267],"class_list":{"0":"post-6528","1":"product","2":"type-product","3":"status-publish","4":"has-post-thumbnail","6":"product_cat-top-women-de","7":"product_cat-new-in-women-de","8":"product_cat-frauen","9":"product_cat-summer-de","10":"product_cat-urlaubsort","11":"product_tag-gift-4-de","13":"first","14":"instock","15":"sold-individually","16":"taxable","17":"shipping-taxable","18":"purchasable","19":"product-type-variable","20":"has-default-attributes"},"acf":[],"yoast_head":"<!-- This site is optimized with the Yoast SEO plugin v27.5 - https:\/\/yoast.com\/product\/yoast-seo-wordpress\/ -->\n<title>Portofino - COSY SUNDAY<\/title>\n<meta name=\"robots\" content=\"noindex, follow, max-snippet:-1, max-image-preview:large, max-video-preview:-1\" \/>\n<meta property=\"og:locale\" content=\"de_DE\" \/>\n<meta property=\"og:type\" content=\"article\" \/>\n<meta property=\"og:title\" content=\"Portofino - COSY SUNDAY\" \/>\n<meta property=\"og:description\" content=\"Das K\u00fcstenhemd ist die ideale Wahl, wenn Sie dar\u00fcber nachdenken, was Sie \u00fcber Ihrem Badeanzug im Urlaub tragen m\u00f6chten. Es hat die perfekte L\u00e4nge, um sowohl allein als auch mit Jeans oder Shorts getragen zu werden. Der Stoff ist sehr leicht und luftig, perfekt f\u00fcr einen sonnigen Tag am Strand. Die Stoffmuster sind vintage, einige stammen aus den 1950er Jahren. Lassen Sie sich vom Amalfi-Hemd in die italienische Dolce Vita-Stimmung versetzen und machen Sie es zu Ihrem perfekten Begleiter f\u00fcr einen Tag am Strand. Dieses Hemd verleiht Ihnen einen raffinierten Look f\u00fcr ein Wochenende zu Hause oder in der Stadt.\" \/>\n<meta property=\"og:url\" content=\"https:\/\/test.cosysunday.com\/de\/produkt\/portofino\/\" \/>\n<meta property=\"og:site_name\" content=\"COSY SUNDAY\" \/>\n<meta property=\"article:modified_time\" content=\"2024-07-09T09:08:25+00:00\" \/>\n<meta property=\"og:image\" content=\"https:\/\/test.cosysunday.com\/wp-content\/uploads\/2023\/03\/Shirt-PORTOFINO-SKU-B1-401-19.jpg\" \/>\n\t<meta property=\"og:image:width\" content=\"1800\" \/>\n\t<meta property=\"og:image:height\" content=\"1800\" \/>\n\t<meta property=\"og:image:type\" content=\"image\/jpeg\" \/>\n<meta name=\"twitter:card\" content=\"summary_large_image\" \/>\n<meta name=\"twitter:label1\" content=\"Gesch\u00e4tzte Lesezeit\" \/>\n\t<meta name=\"twitter:data1\" content=\"2\u00a0Minuten\" \/>\n<script type=\"application\/ld+json\" class=\"yoast-schema-graph\">{\"@context\":\"https:\\\/\\\/schema.org\",\"@graph\":[{\"@type\":\"WebPage\",\"@id\":\"https:\\\/\\\/test.cosysunday.com\\\/de\\\/produkt\\\/portofino\\\/\",\"url\":\"https:\\\/\\\/test.cosysunday.com\\\/de\\\/produkt\\\/portofino\\\/\",\"name\":\"Portofino - COSY SUNDAY\",\"isPartOf\":{\"@id\":\"https:\\\/\\\/test.cosysunday.com\\\/#website\"},\"primaryImageOfPage\":{\"@id\":\"https:\\\/\\\/test.cosysunday.com\\\/de\\\/produkt\\\/portofino\\\/#primaryimage\"},\"image\":{\"@id\":\"https:\\\/\\\/test.cosysunday.com\\\/de\\\/produkt\\\/portofino\\\/#primaryimage\"},\"thumbnailUrl\":\"https:\\\/\\\/cdn.speedsize.com\\\/f92682dc-7352-42e5-8737-ed80049e205d\\\/test.cosysunday.com\\\/wp-content\\\/uploads\\\/2023\\\/03\\\/Shirt-PORTOFINO-SKU-B1-401-19.jpg\",\"datePublished\":\"2024-03-07T14:41:22+00:00\",\"dateModified\":\"2024-07-09T09:08:25+00:00\",\"breadcrumb\":{\"@id\":\"https:\\\/\\\/test.cosysunday.com\\\/de\\\/produkt\\\/portofino\\\/#breadcrumb\"},\"inLanguage\":\"de\",\"potentialAction\":[{\"@type\":\"ReadAction\",\"target\":[\"https:\\\/\\\/test.cosysunday.com\\\/de\\\/produkt\\\/portofino\\\/\"]}]},{\"@type\":\"ImageObject\",\"inLanguage\":\"de\",\"@id\":\"https:\\\/\\\/test.cosysunday.com\\\/de\\\/produkt\\\/portofino\\\/#primaryimage\",\"url\":\"https:\\\/\\\/cdn.speedsize.com\\\/f92682dc-7352-42e5-8737-ed80049e205d\\\/test.cosysunday.com\\\/wp-content\\\/uploads\\\/2023\\\/03\\\/Shirt-PORTOFINO-SKU-B1-401-19.jpg\",\"contentUrl\":\"https:\\\/\\\/cdn.speedsize.com\\\/f92682dc-7352-42e5-8737-ed80049e205d\\\/test.cosysunday.com\\\/wp-content\\\/uploads\\\/2023\\\/03\\\/Shirt-PORTOFINO-SKU-B1-401-19.jpg\",\"width\":1800,\"height\":1800},{\"@type\":\"BreadcrumbList\",\"@id\":\"https:\\\/\\\/test.cosysunday.com\\\/de\\\/produkt\\\/portofino\\\/#breadcrumb\",\"itemListElement\":[{\"@type\":\"ListItem\",\"position\":1,\"name\":\"\u0413\u043b\u0430\u0432\u043d\u0430\u044f \u0441\u0442\u0440\u0430\u043d\u0438\u0446\u0430\",\"item\":\"https:\\\/\\\/test.cosysunday.com\\\/de\\\/\"},{\"@type\":\"ListItem\",\"position\":2,\"name\":\"Shop\",\"item\":\"https:\\\/\\\/test.cosysunday.com\\\/shop\\\/\"},{\"@type\":\"ListItem\",\"position\":3,\"name\":\"Portofino\"}]},{\"@type\":\"WebSite\",\"@id\":\"https:\\\/\\\/test.cosysunday.com\\\/#website\",\"url\":\"https:\\\/\\\/test.cosysunday.com\\\/\",\"name\":\"COSY SUNDAY\",\"description\":\"Luxury weekend fashion\",\"potentialAction\":[{\"@type\":\"SearchAction\",\"target\":{\"@type\":\"EntryPoint\",\"urlTemplate\":\"https:\\\/\\\/test.cosysunday.com\\\/?s={search_term_string}\"},\"query-input\":{\"@type\":\"PropertyValueSpecification\",\"valueRequired\":true,\"valueName\":\"search_term_string\"}}],\"inLanguage\":\"de\"}]}<\/script>\n<!-- \/ Yoast SEO plugin. -->","yoast_head_json":{"title":"Portofino - COSY SUNDAY","robots":{"index":"noindex","follow":"follow","max-snippet":"max-snippet:-1","max-image-preview":"max-image-preview:large","max-video-preview":"max-video-preview:-1"},"og_locale":"de_DE","og_type":"article","og_title":"Portofino - COSY SUNDAY","og_description":"Das K\u00fcstenhemd ist die ideale Wahl, wenn Sie dar\u00fcber nachdenken, was Sie \u00fcber Ihrem Badeanzug im Urlaub tragen m\u00f6chten. Es hat die perfekte L\u00e4nge, um sowohl allein als auch mit Jeans oder Shorts getragen zu werden. Der Stoff ist sehr leicht und luftig, perfekt f\u00fcr einen sonnigen Tag am Strand. Die Stoffmuster sind vintage, einige stammen aus den 1950er Jahren. Lassen Sie sich vom Amalfi-Hemd in die italienische Dolce Vita-Stimmung versetzen und machen Sie es zu Ihrem perfekten Begleiter f\u00fcr einen Tag am Strand. Dieses Hemd verleiht Ihnen einen raffinierten Look f\u00fcr ein Wochenende zu Hause oder in der Stadt.","og_url":"https:\/\/test.cosysunday.com\/de\/produkt\/portofino\/","og_site_name":"COSY SUNDAY","article_modified_time":"2024-07-09T09:08:25+00:00","og_image":[{"width":1800,"height":1800,"url":"https:\/\/test.cosysunday.com\/wp-content\/uploads\/2023\/03\/Shirt-PORTOFINO-SKU-B1-401-19.jpg","type":"image\/jpeg"}],"twitter_card":"summary_large_image","twitter_misc":{"Gesch\u00e4tzte Lesezeit":"2\u00a0Minuten"},"schema":{"@context":"https:\/\/schema.org","@graph":[{"@type":"WebPage","@id":"https:\/\/test.cosysunday.com\/de\/produkt\/portofino\/","url":"https:\/\/test.cosysunday.com\/de\/produkt\/portofino\/","name":"Portofino - COSY SUNDAY","isPartOf":{"@id":"https:\/\/test.cosysunday.com\/#website"},"primaryImageOfPage":{"@id":"https:\/\/test.cosysunday.com\/de\/produkt\/portofino\/#primaryimage"},"image":{"@id":"https:\/\/test.cosysunday.com\/de\/produkt\/portofino\/#primaryimage"},"thumbnailUrl":"https:\/\/cdn.speedsize.com\/f92682dc-7352-42e5-8737-ed80049e205d\/test.cosysunday.com\/wp-content\/uploads\/2023\/03\/Shirt-PORTOFINO-SKU-B1-401-19.jpg","datePublished":"2024-03-07T14:41:22+00:00","dateModified":"2024-07-09T09:08:25+00:00","breadcrumb":{"@id":"https:\/\/test.cosysunday.com\/de\/produkt\/portofino\/#breadcrumb"},"inLanguage":"de","potentialAction":[{"@type":"ReadAction","target":["https:\/\/test.cosysunday.com\/de\/produkt\/portofino\/"]}]},{"@type":"ImageObject","inLanguage":"de","@id":"https:\/\/test.cosysunday.com\/de\/produkt\/portofino\/#primaryimage","url":"https:\/\/cdn.speedsize.com\/f92682dc-7352-42e5-8737-ed80049e205d\/test.cosysunday.com\/wp-content\/uploads\/2023\/03\/Shirt-PORTOFINO-SKU-B1-401-19.jpg","contentUrl":"https:\/\/cdn.speedsize.com\/f92682dc-7352-42e5-8737-ed80049e205d\/test.cosysunday.com\/wp-content\/uploads\/2023\/03\/Shirt-PORTOFINO-SKU-B1-401-19.jpg","width":1800,"height":1800},{"@type":"BreadcrumbList","@id":"https:\/\/test.cosysunday.com\/de\/produkt\/portofino\/#breadcrumb","itemListElement":[{"@type":"ListItem","position":1,"name":"\u0413\u043b\u0430\u0432\u043d\u0430\u044f \u0441\u0442\u0440\u0430\u043d\u0438\u0446\u0430","item":"https:\/\/test.cosysunday.com\/de\/"},{"@type":"ListItem","position":2,"name":"Shop","item":"https:\/\/test.cosysunday.com\/shop\/"},{"@type":"ListItem","position":3,"name":"Portofino"}]},{"@type":"WebSite","@id":"https:\/\/test.cosysunday.com\/#website","url":"https:\/\/test.cosysunday.com\/","name":"COSY SUNDAY","description":"Luxury weekend fashion","potentialAction":[{"@type":"SearchAction","target":{"@type":"EntryPoint","urlTemplate":"https:\/\/test.cosysunday.com\/?s={search_term_string}"},"query-input":{"@type":"PropertyValueSpecification","valueRequired":true,"valueName":"search_term_string"}}],"inLanguage":"de"}]}},"_links":{"self":[{"href":"https:\/\/test.cosysunday.com\/de\/wp-json\/wp\/v2\/product\/6528","targetHints":{"allow":["GET"]}}],"collection":[{"href":"https:\/\/test.cosysunday.com\/de\/wp-json\/wp\/v2\/product"}],"about":[{"href":"https:\/\/test.cosysunday.com\/de\/wp-json\/wp\/v2\/types\/product"}],"replies":[{"embeddable":true,"href":"https:\/\/test.cosysunday.com\/de\/wp-json\/wp\/v2\/comments?post=6528"}],"wp:featuredmedia":[{"embeddable":true,"href":"https:\/\/test.cosysunday.com\/de\/wp-json\/wp\/v2\/media\/5531"}],"wp:attachment":[{"href":"https:\/\/test.cosysunday.com\/de\/wp-json\/wp\/v2\/media?parent=6528"}],"wp:term":[{"taxonomy":"product_brand","embeddable":true,"href":"https:\/\/test.cosysunday.com\/de\/wp-json\/wp\/v2\/product_brand?post=6528"},{"taxonomy":"product_cat","embeddable":true,"href":"https:\/\/test.cosysunday.com\/de\/wp-json\/wp\/v2\/product_cat?post=6528"},{"taxonomy":"product_tag","embeddable":true,"href":"https:\/\/test.cosysunday.com\/de\/wp-json\/wp\/v2\/product_tag?post=6528"}],"curies":[{"name":"wp","href":"https:\/\/api.w.org\/{rel}","templated":true}]}}