{"id":6452,"date":"2024-03-12T16:59:51","date_gmt":"2024-03-12T14:59:51","guid":{"rendered":"https:\/\/test.cosysunday.com\/product\/new-york-2\/"},"modified":"2024-07-09T11:48:13","modified_gmt":"2024-07-09T09:48:13","slug":"new-york-2","status":"publish","type":"product","link":"https:\/\/test.cosysunday.com\/de\/produkt\/new-york-2\/","title":{"rendered":"New York"},"content":{"rendered":"<p><strong>Highlights<br \/>\n<\/strong><br \/>\n\u2022 Qualit\u00e4tsstoff: Hergestellt aus einer Premium-Mischung aus Baumwolle und Kaschmir, versprechen die\u00a0Bermuda-Shorts Komfort bei jedem Schritt.<\/p>\n<p>\u2022 Elastischer Bund: Gew\u00e4hrleistet eine flexible Passform f\u00fcr alle K\u00f6rpertypen und bietet zudem m\u00fchelose\u00a0Tragbarkeit.<\/p>\n<p>\u2022 100% biologisch abbaubar<\/p>\n<p><strong>Wie man sie tr\u00e4gt:<\/strong><\/p>\n<p>Wochenendausfl\u00fcge: Kombinieren Sie sie mit einem leichten Leinenhemd und Sandalen f\u00fcr einen Look, der\u00a0sowohl bequem als auch stilvoll ist.<\/p>\n<p>Entspannter Komfort: Kombinieren Sie sie mit Ihrem Lieblings-COSY SUNDAY T-Shirt f\u00fcr ultimativen Komfort\u00a0und l\u00e4ssigen Stil.<\/p>\n<p><strong>Zusammensetzung <\/strong><\/p>\n<p>90% Baumwolle, 10% Kaschmir<\/p>\n<p><img loading=\"lazy\" decoding=\"async\" class=\"alignnone wp-image-2434\" src=\"https:\/\/test.cosysunday.com\/wp-content\/uploads\/2023\/03\/certificate-3-300x300.jpg\" alt=\"\" width=\"80\" height=\"80\" srcset=\"https:\/\/cdn.speedsize.com\/f92682dc-7352-42e5-8737-ed80049e205d\/test.cosysunday.com\/wp-content\/uploads\/2023\/03\/certificate-3.jpg\/w_300 300w, https:\/\/cdn.speedsize.com\/f92682dc-7352-42e5-8737-ed80049e205d\/test.cosysunday.com\/wp-content\/uploads\/2023\/03\/certificate-3.jpg\/w_150,h_150 150w, https:\/\/cdn.speedsize.com\/f92682dc-7352-42e5-8737-ed80049e205d\/test.cosysunday.com\/wp-content\/uploads\/2023\/03\/certificate-3.jpg\/w_100,h_100 100w, https:\/\/cdn.speedsize.com\/f92682dc-7352-42e5-8737-ed80049e205d\/test.cosysunday.com\/wp-content\/uploads\/2023\/03\/certificate-3.jpg\/w_1024 1024w, https:\/\/cdn.speedsize.com\/f92682dc-7352-42e5-8737-ed80049e205d\/test.cosysunday.com\/wp-content\/uploads\/2023\/03\/certificate-3.jpg\/w_768 768w, https:\/\/cdn.speedsize.com\/f92682dc-7352-42e5-8737-ed80049e205d\/test.cosysunday.com\/wp-content\/uploads\/2023\/03\/certificate-3.jpg\/w_400 400w, https:\/\/cdn.speedsize.com\/f92682dc-7352-42e5-8737-ed80049e205d\/test.cosysunday.com\/wp-content\/uploads\/2023\/03\/certificate-3.jpg\/w_1181 1181w\" sizes=\"auto, (max-width: 80px) 100vw, 80px\" \/> <img loading=\"lazy\" decoding=\"async\" class=\"alignnone wp-image-2440\" src=\"https:\/\/test.cosysunday.com\/wp-content\/uploads\/2023\/03\/certificate-9-300x300.jpg\" alt=\"\" width=\"80\" height=\"80\" srcset=\"https:\/\/cdn.speedsize.com\/f92682dc-7352-42e5-8737-ed80049e205d\/test.cosysunday.com\/wp-content\/uploads\/2023\/03\/certificate-9.jpg\/w_300 300w, https:\/\/cdn.speedsize.com\/f92682dc-7352-42e5-8737-ed80049e205d\/test.cosysunday.com\/wp-content\/uploads\/2023\/03\/certificate-9.jpg\/w_150,h_150 150w, https:\/\/cdn.speedsize.com\/f92682dc-7352-42e5-8737-ed80049e205d\/test.cosysunday.com\/wp-content\/uploads\/2023\/03\/certificate-9.jpg\/w_100,h_100 100w, https:\/\/cdn.speedsize.com\/f92682dc-7352-42e5-8737-ed80049e205d\/test.cosysunday.com\/wp-content\/uploads\/2023\/03\/certificate-9.jpg\/w_1024 1024w, https:\/\/cdn.speedsize.com\/f92682dc-7352-42e5-8737-ed80049e205d\/test.cosysunday.com\/wp-content\/uploads\/2023\/03\/certificate-9.jpg\/w_768 768w, https:\/\/cdn.speedsize.com\/f92682dc-7352-42e5-8737-ed80049e205d\/test.cosysunday.com\/wp-content\/uploads\/2023\/03\/certificate-9.jpg\/w_400 400w, https:\/\/cdn.speedsize.com\/f92682dc-7352-42e5-8737-ed80049e205d\/test.cosysunday.com\/wp-content\/uploads\/2023\/03\/certificate-9.jpg\/w_1181 1181w\" sizes=\"auto, (max-width: 80px) 100vw, 80px\" \/><\/p>\n<p><strong>Waschanleitung<\/strong><\/p>\n<p>Nur chemische Reinigung<\/p>\n<p><strong>Tragen<\/strong><\/p>\n<p>Ganzj\u00e4hrig<\/p>\n","protected":false},"excerpt":{"rendered":"<p><span data-sheets-root=\"1\" data-sheets-value=\"{&quot;1&quot;:2,&quot;2&quot;:&quot;Ein Sweatshirt aus einer Baumwoll-Kaschmir-Mischung in der schicken und stilvollen Farbe Biscotto. Dieses exquisite St\u00fcck vereint die legere Anziehungskraft eines Sweatshirts mit der Weichheit von Kaschmir, erh\u00f6ht durch die Atmungsaktivit\u00e4t der Baumwolle. Sein einzigartiger Biscotto-Farbton f\u00fcgt Ihrer Garderobe einen Hauch von erdiger Eleganz hinzu und macht es zu einer vielseitigen Wahl f\u00fcr verschiedene Anl\u00e4sse. Entworfen f\u00fcr diejenigen, die selbst in ihren entspanntesten Momenten die feineren Dinge des Lebens zu sch\u00e4tzen wissen.&quot;}\" data-sheets-userformat=\"{&quot;2&quot;:769,&quot;3&quot;:{&quot;1&quot;:0},&quot;11&quot;:4,&quot;12&quot;:0}\">Ein Sweatshirt aus einer Baumwoll-Kaschmir-Mischung in der schicken und stilvollen Farbe Biscotto. Dieses exquisite St\u00fcck vereint die legere Anziehungskraft eines Sweatshirts mit der Weichheit von Kaschmir, erh\u00f6ht durch die Atmungsaktivit\u00e4t der Baumwolle. Sein einzigartiger Biscotto-Farbton f\u00fcgt Ihrer Garderobe einen Hauch von erdiger Eleganz hinzu und macht es zu einer vielseitigen Wahl f\u00fcr verschiedene Anl\u00e4sse. Entworfen f\u00fcr diejenigen, die selbst in ihren entspanntesten Momenten die feineren Dinge des Lebens zu sch\u00e4tzen wissen.<\/span><\/p>\n","protected":false},"featured_media":6087,"comment_status":"open","ping_status":"closed","template":"","meta":[],"product_brand":[],"product_cat":[254,255,258],"product_tag":[],"class_list":{"0":"post-6452","1":"product","2":"type-product","3":"status-publish","4":"has-post-thumbnail","6":"product_cat-new-in-men-de","7":"product_cat-men-de","8":"product_cat-trousers-men-de","10":"first","11":"instock","12":"sold-individually","13":"taxable","14":"shipping-taxable","15":"purchasable","16":"product-type-variable","17":"has-default-attributes"},"acf":[],"yoast_head":"<!-- This site is optimized with the Yoast SEO plugin v27.5 - https:\/\/yoast.com\/product\/yoast-seo-wordpress\/ -->\n<title>New York - COSY SUNDAY<\/title>\n<meta name=\"robots\" content=\"noindex, follow, max-snippet:-1, max-image-preview:large, max-video-preview:-1\" \/>\n<meta property=\"og:locale\" content=\"de_DE\" \/>\n<meta property=\"og:type\" content=\"article\" \/>\n<meta property=\"og:title\" content=\"New York - COSY SUNDAY\" \/>\n<meta property=\"og:description\" content=\"Ein Sweatshirt aus einer Baumwoll-Kaschmir-Mischung in der schicken und stilvollen Farbe Biscotto. Dieses exquisite St\u00fcck vereint die legere Anziehungskraft eines Sweatshirts mit der Weichheit von Kaschmir, erh\u00f6ht durch die Atmungsaktivit\u00e4t der Baumwolle. Sein einzigartiger Biscotto-Farbton f\u00fcgt Ihrer Garderobe einen Hauch von erdiger Eleganz hinzu und macht es zu einer vielseitigen Wahl f\u00fcr verschiedene Anl\u00e4sse. Entworfen f\u00fcr diejenigen, die selbst in ihren entspanntesten Momenten die feineren Dinge des Lebens zu sch\u00e4tzen wissen.\" \/>\n<meta property=\"og:url\" content=\"https:\/\/test.cosysunday.com\/de\/produkt\/new-york-2\/\" \/>\n<meta property=\"og:site_name\" content=\"COSY SUNDAY\" \/>\n<meta property=\"article:modified_time\" content=\"2024-07-09T09:48:13+00:00\" \/>\n<meta property=\"og:image\" content=\"https:\/\/test.cosysunday.com\/wp-content\/uploads\/2024\/03\/shorty.png\" \/>\n\t<meta property=\"og:image:width\" content=\"1800\" \/>\n\t<meta property=\"og:image:height\" content=\"1800\" \/>\n\t<meta property=\"og:image:type\" content=\"image\/png\" \/>\n<meta name=\"twitter:card\" content=\"summary_large_image\" \/>\n<meta name=\"twitter:label1\" content=\"Gesch\u00e4tzte Lesezeit\" \/>\n\t<meta name=\"twitter:data1\" content=\"2\u00a0Minuten\" \/>\n<script type=\"application\/ld+json\" class=\"yoast-schema-graph\">{\"@context\":\"https:\\\/\\\/schema.org\",\"@graph\":[{\"@type\":\"WebPage\",\"@id\":\"https:\\\/\\\/test.cosysunday.com\\\/de\\\/produkt\\\/new-york-2\\\/\",\"url\":\"https:\\\/\\\/test.cosysunday.com\\\/de\\\/produkt\\\/new-york-2\\\/\",\"name\":\"New York - COSY SUNDAY\",\"isPartOf\":{\"@id\":\"https:\\\/\\\/test.cosysunday.com\\\/#website\"},\"primaryImageOfPage\":{\"@id\":\"https:\\\/\\\/test.cosysunday.com\\\/de\\\/produkt\\\/new-york-2\\\/#primaryimage\"},\"image\":{\"@id\":\"https:\\\/\\\/test.cosysunday.com\\\/de\\\/produkt\\\/new-york-2\\\/#primaryimage\"},\"thumbnailUrl\":\"https:\\\/\\\/cdn.speedsize.com\\\/f92682dc-7352-42e5-8737-ed80049e205d\\\/test.cosysunday.com\\\/wp-content\\\/uploads\\\/2024\\\/03\\\/shorty.png\",\"datePublished\":\"2024-03-12T14:59:51+00:00\",\"dateModified\":\"2024-07-09T09:48:13+00:00\",\"breadcrumb\":{\"@id\":\"https:\\\/\\\/test.cosysunday.com\\\/de\\\/produkt\\\/new-york-2\\\/#breadcrumb\"},\"inLanguage\":\"de\",\"potentialAction\":[{\"@type\":\"ReadAction\",\"target\":[\"https:\\\/\\\/test.cosysunday.com\\\/de\\\/produkt\\\/new-york-2\\\/\"]}]},{\"@type\":\"ImageObject\",\"inLanguage\":\"de\",\"@id\":\"https:\\\/\\\/test.cosysunday.com\\\/de\\\/produkt\\\/new-york-2\\\/#primaryimage\",\"url\":\"https:\\\/\\\/cdn.speedsize.com\\\/f92682dc-7352-42e5-8737-ed80049e205d\\\/test.cosysunday.com\\\/wp-content\\\/uploads\\\/2024\\\/03\\\/shorty.png\",\"contentUrl\":\"https:\\\/\\\/cdn.speedsize.com\\\/f92682dc-7352-42e5-8737-ed80049e205d\\\/test.cosysunday.com\\\/wp-content\\\/uploads\\\/2024\\\/03\\\/shorty.png\",\"width\":1800,\"height\":1800},{\"@type\":\"BreadcrumbList\",\"@id\":\"https:\\\/\\\/test.cosysunday.com\\\/de\\\/produkt\\\/new-york-2\\\/#breadcrumb\",\"itemListElement\":[{\"@type\":\"ListItem\",\"position\":1,\"name\":\"\u0413\u043b\u0430\u0432\u043d\u0430\u044f \u0441\u0442\u0440\u0430\u043d\u0438\u0446\u0430\",\"item\":\"https:\\\/\\\/test.cosysunday.com\\\/de\\\/\"},{\"@type\":\"ListItem\",\"position\":2,\"name\":\"Shop\",\"item\":\"https:\\\/\\\/test.cosysunday.com\\\/shop\\\/\"},{\"@type\":\"ListItem\",\"position\":3,\"name\":\"New York\"}]},{\"@type\":\"WebSite\",\"@id\":\"https:\\\/\\\/test.cosysunday.com\\\/#website\",\"url\":\"https:\\\/\\\/test.cosysunday.com\\\/\",\"name\":\"COSY SUNDAY\",\"description\":\"Luxury weekend fashion\",\"potentialAction\":[{\"@type\":\"SearchAction\",\"target\":{\"@type\":\"EntryPoint\",\"urlTemplate\":\"https:\\\/\\\/test.cosysunday.com\\\/?s={search_term_string}\"},\"query-input\":{\"@type\":\"PropertyValueSpecification\",\"valueRequired\":true,\"valueName\":\"search_term_string\"}}],\"inLanguage\":\"de\"}]}<\/script>\n<!-- \/ Yoast SEO plugin. -->","yoast_head_json":{"title":"New York - COSY SUNDAY","robots":{"index":"noindex","follow":"follow","max-snippet":"max-snippet:-1","max-image-preview":"max-image-preview:large","max-video-preview":"max-video-preview:-1"},"og_locale":"de_DE","og_type":"article","og_title":"New York - COSY SUNDAY","og_description":"Ein Sweatshirt aus einer Baumwoll-Kaschmir-Mischung in der schicken und stilvollen Farbe Biscotto. Dieses exquisite St\u00fcck vereint die legere Anziehungskraft eines Sweatshirts mit der Weichheit von Kaschmir, erh\u00f6ht durch die Atmungsaktivit\u00e4t der Baumwolle. Sein einzigartiger Biscotto-Farbton f\u00fcgt Ihrer Garderobe einen Hauch von erdiger Eleganz hinzu und macht es zu einer vielseitigen Wahl f\u00fcr verschiedene Anl\u00e4sse. Entworfen f\u00fcr diejenigen, die selbst in ihren entspanntesten Momenten die feineren Dinge des Lebens zu sch\u00e4tzen wissen.","og_url":"https:\/\/test.cosysunday.com\/de\/produkt\/new-york-2\/","og_site_name":"COSY SUNDAY","article_modified_time":"2024-07-09T09:48:13+00:00","og_image":[{"width":1800,"height":1800,"url":"https:\/\/test.cosysunday.com\/wp-content\/uploads\/2024\/03\/shorty.png","type":"image\/png"}],"twitter_card":"summary_large_image","twitter_misc":{"Gesch\u00e4tzte Lesezeit":"2\u00a0Minuten"},"schema":{"@context":"https:\/\/schema.org","@graph":[{"@type":"WebPage","@id":"https:\/\/test.cosysunday.com\/de\/produkt\/new-york-2\/","url":"https:\/\/test.cosysunday.com\/de\/produkt\/new-york-2\/","name":"New York - COSY SUNDAY","isPartOf":{"@id":"https:\/\/test.cosysunday.com\/#website"},"primaryImageOfPage":{"@id":"https:\/\/test.cosysunday.com\/de\/produkt\/new-york-2\/#primaryimage"},"image":{"@id":"https:\/\/test.cosysunday.com\/de\/produkt\/new-york-2\/#primaryimage"},"thumbnailUrl":"https:\/\/cdn.speedsize.com\/f92682dc-7352-42e5-8737-ed80049e205d\/test.cosysunday.com\/wp-content\/uploads\/2024\/03\/shorty.png","datePublished":"2024-03-12T14:59:51+00:00","dateModified":"2024-07-09T09:48:13+00:00","breadcrumb":{"@id":"https:\/\/test.cosysunday.com\/de\/produkt\/new-york-2\/#breadcrumb"},"inLanguage":"de","potentialAction":[{"@type":"ReadAction","target":["https:\/\/test.cosysunday.com\/de\/produkt\/new-york-2\/"]}]},{"@type":"ImageObject","inLanguage":"de","@id":"https:\/\/test.cosysunday.com\/de\/produkt\/new-york-2\/#primaryimage","url":"https:\/\/cdn.speedsize.com\/f92682dc-7352-42e5-8737-ed80049e205d\/test.cosysunday.com\/wp-content\/uploads\/2024\/03\/shorty.png","contentUrl":"https:\/\/cdn.speedsize.com\/f92682dc-7352-42e5-8737-ed80049e205d\/test.cosysunday.com\/wp-content\/uploads\/2024\/03\/shorty.png","width":1800,"height":1800},{"@type":"BreadcrumbList","@id":"https:\/\/test.cosysunday.com\/de\/produkt\/new-york-2\/#breadcrumb","itemListElement":[{"@type":"ListItem","position":1,"name":"\u0413\u043b\u0430\u0432\u043d\u0430\u044f \u0441\u0442\u0440\u0430\u043d\u0438\u0446\u0430","item":"https:\/\/test.cosysunday.com\/de\/"},{"@type":"ListItem","position":2,"name":"Shop","item":"https:\/\/test.cosysunday.com\/shop\/"},{"@type":"ListItem","position":3,"name":"New York"}]},{"@type":"WebSite","@id":"https:\/\/test.cosysunday.com\/#website","url":"https:\/\/test.cosysunday.com\/","name":"COSY SUNDAY","description":"Luxury weekend fashion","potentialAction":[{"@type":"SearchAction","target":{"@type":"EntryPoint","urlTemplate":"https:\/\/test.cosysunday.com\/?s={search_term_string}"},"query-input":{"@type":"PropertyValueSpecification","valueRequired":true,"valueName":"search_term_string"}}],"inLanguage":"de"}]}},"_links":{"self":[{"href":"https:\/\/test.cosysunday.com\/de\/wp-json\/wp\/v2\/product\/6452","targetHints":{"allow":["GET"]}}],"collection":[{"href":"https:\/\/test.cosysunday.com\/de\/wp-json\/wp\/v2\/product"}],"about":[{"href":"https:\/\/test.cosysunday.com\/de\/wp-json\/wp\/v2\/types\/product"}],"replies":[{"embeddable":true,"href":"https:\/\/test.cosysunday.com\/de\/wp-json\/wp\/v2\/comments?post=6452"}],"wp:featuredmedia":[{"embeddable":true,"href":"https:\/\/test.cosysunday.com\/de\/wp-json\/wp\/v2\/media\/6087"}],"wp:attachment":[{"href":"https:\/\/test.cosysunday.com\/de\/wp-json\/wp\/v2\/media?parent=6452"}],"wp:term":[{"taxonomy":"product_brand","embeddable":true,"href":"https:\/\/test.cosysunday.com\/de\/wp-json\/wp\/v2\/product_brand?post=6452"},{"taxonomy":"product_cat","embeddable":true,"href":"https:\/\/test.cosysunday.com\/de\/wp-json\/wp\/v2\/product_cat?post=6452"},{"taxonomy":"product_tag","embeddable":true,"href":"https:\/\/test.cosysunday.com\/de\/wp-json\/wp\/v2\/product_tag?post=6452"}],"curies":[{"name":"wp","href":"https:\/\/api.w.org\/{rel}","templated":true}]}}