{"id":6337,"date":"2024-03-07T15:21:45","date_gmt":"2024-03-07T13:21:45","guid":{"rendered":"https:\/\/test.cosysunday.com\/product\/cappuccino\/"},"modified":"2024-07-09T11:25:45","modified_gmt":"2024-07-09T09:25:45","slug":"womens-hoodie","status":"publish","type":"product","link":"https:\/\/test.cosysunday.com\/de\/produkt\/womens-hoodie\/","title":{"rendered":"Kapuzenpullover f\u00fcr damen Cappuccino"},"content":{"rendered":"<p>Traceability-QR-Code verf\u00fcgbar<\/p>\n<p><strong>Highlights<\/strong><\/p>\n<p>\u00b7 Feminine plissierte \u00c4rmel \u00b7 versteckt bestickte Best\u00e4tigung \u00b7 Fleece-Innenfutter \u00b7 Zugband aus recyceltem Polyester und nat\u00fcrlichem Gummi \u00b7 spezielle Stoffmischung (zertifiziert nach Oeko-TEX Standard 100) \u00b7 weich im Griff und nicht reizend f\u00fcr die Haut (0% synthetische Fasern) \u00b7 100% biologisch abbaubar<\/p>\n<p><strong>Zusammensetzung<\/strong><\/p>\n<p>75% Bio-Baumwolle, 16% Kaschmir, 9% Seide<\/p>\n<p><img loading=\"lazy\" decoding=\"async\" class=\"alignnone wp-image-9984\" src=\"https:\/\/test.cosysunday.com\/wp-content\/uploads\/2023\/03\/certificate-3-300x300.jpg\" alt=\"\" width=\"66\" height=\"66\" \/> <img loading=\"lazy\" decoding=\"async\" class=\"alignnone wp-image-9990\" src=\"https:\/\/test.cosysunday.com\/wp-content\/uploads\/2023\/03\/certificate-9-300x300.jpg\" alt=\"\" width=\"66\" height=\"66\" \/> <img loading=\"lazy\" decoding=\"async\" class=\"alignnone wp-image-9998\" src=\"https:\/\/test.cosysunday.com\/wp-content\/uploads\/2023\/03\/certificate-17-300x300.jpg\" alt=\"\" width=\"66\" height=\"66\" \/><\/p>\n<p><strong>Waschanleitung<\/strong><\/p>\n<p>nur chemische Reinigung<\/p>\n<p><strong>Tragen<\/strong><\/p>\n<p>ganzj\u00e4hrig<\/p>\n","protected":false},"excerpt":{"rendered":"<p><span data-sheets-root=\"1\" data-sheets-value=\"{&quot;1&quot;:2,&quot;2&quot;:&quot;Egal, ob Sie Besorgungen machen, sich entspannen oder nur einen Kaffee holen \u2013 unser signatur Hoodie ist der perfekte Begleiter. Die \u00fcbergro\u00dfe Passform und die praktisch platzierten Taschen machen den Hoodie extrem komfortabel. Die sch\u00f6nen plissierten \u00c4rmel verleihen ihm zudem eine elegante und geschmackvolle Note. Entdecken Sie unsere einzigartige Stoffmischung, die sich sehr weich und sanft auf der Haut anf\u00fchlt. Tragen Sie ihn zu allem, von Hosen bis hin zu Jeans oder sogar lockerer Ma\u00dfarbeit.&quot;}\" data-sheets-userformat=\"{&quot;2&quot;:771,&quot;3&quot;:{&quot;1&quot;:0},&quot;4&quot;:{&quot;1&quot;:2,&quot;2&quot;:14281427},&quot;11&quot;:4,&quot;12&quot;:0}\">Egal, ob Sie Besorgungen machen, sich entspannen oder nur einen Kaffee holen \u2013 unser signatur Hoodie ist der perfekte Begleiter. Die \u00fcbergro\u00dfe Passform und die praktisch platzierten Taschen machen den Hoodie extrem komfortabel. Die sch\u00f6nen plissierten \u00c4rmel verleihen ihm zudem eine elegante und geschmackvolle Note. Entdecken Sie unsere einzigartige Stoffmischung, die sich sehr weich und sanft auf der Haut anf\u00fchlt. Tragen Sie ihn zu allem, von Hosen bis hin zu Jeans oder sogar lockerer Ma\u00dfarbeit.<\/span><\/p>\n","protected":false},"featured_media":5270,"comment_status":"open","ping_status":"closed","template":"","meta":[],"product_brand":[],"product_cat":[233,234,235,236,308],"product_tag":[237],"class_list":{"0":"post-6337","1":"product","2":"type-product","3":"status-publish","4":"has-post-thumbnail","6":"product_cat-top-women-de","7":"product_cat-new-in-women-de","8":"product_cat-heimtextilien","9":"product_cat-frauen","10":"product_cat-sweatshirt-de","11":"product_tag-geschenk-2","13":"first","14":"instock","15":"sold-individually","16":"taxable","17":"shipping-taxable","18":"purchasable","19":"product-type-variable","20":"has-default-attributes"},"acf":[],"yoast_head":"<!-- This site is optimized with the Yoast SEO plugin v27.5 - https:\/\/yoast.com\/product\/yoast-seo-wordpress\/ -->\n<title>Damen Hoodie online kaufen - COSY SUNDAY<\/title>\n<meta name=\"description\" content=\"Machen Sie es sich bei COSY SUNDAY stilvoll mit unserem Damen-Hoodie gem\u00fctlich. Pr\u00fcfen Sie warme und stilvolle L\u00f6sungen, die ideal sind, um Gem\u00fctlichkeit und W\u00e4rme in Ihr entspanntes Zuhause zu bringen.\" \/>\n<meta name=\"robots\" content=\"noindex, follow, max-snippet:-1, max-image-preview:large, max-video-preview:-1\" \/>\n<meta property=\"og:locale\" content=\"de_DE\" \/>\n<meta property=\"og:type\" content=\"article\" \/>\n<meta property=\"og:title\" content=\"Damen Hoodie online kaufen - COSY SUNDAY\" \/>\n<meta property=\"og:description\" content=\"Machen Sie es sich bei COSY SUNDAY stilvoll mit unserem Damen-Hoodie gem\u00fctlich. Pr\u00fcfen Sie warme und stilvolle L\u00f6sungen, die ideal sind, um Gem\u00fctlichkeit und W\u00e4rme in Ihr entspanntes Zuhause zu bringen.\" \/>\n<meta property=\"og:url\" content=\"https:\/\/test.cosysunday.com\/de\/produkt\/womens-hoodie\/\" \/>\n<meta property=\"og:site_name\" content=\"COSY SUNDAY\" \/>\n<meta property=\"article:modified_time\" content=\"2024-07-09T09:25:45+00:00\" \/>\n<meta property=\"og:image\" content=\"https:\/\/test.cosysunday.com\/wp-content\/uploads\/2023\/03\/Hoodie-Cappuccino-SKU-H1-108-04-Cioccolato-al-latte.jpg\" \/>\n\t<meta property=\"og:image:width\" content=\"1800\" \/>\n\t<meta property=\"og:image:height\" content=\"1800\" \/>\n\t<meta property=\"og:image:type\" content=\"image\/jpeg\" \/>\n<meta name=\"twitter:card\" content=\"summary_large_image\" \/>\n<meta name=\"twitter:label1\" content=\"Gesch\u00e4tzte Lesezeit\" \/>\n\t<meta name=\"twitter:data1\" content=\"2\u00a0Minuten\" \/>\n<script type=\"application\/ld+json\" class=\"yoast-schema-graph\">{\"@context\":\"https:\\\/\\\/schema.org\",\"@graph\":[{\"@type\":\"WebPage\",\"@id\":\"https:\\\/\\\/test.cosysunday.com\\\/de\\\/produkt\\\/womens-hoodie\\\/\",\"url\":\"https:\\\/\\\/test.cosysunday.com\\\/de\\\/produkt\\\/womens-hoodie\\\/\",\"name\":\"Damen Hoodie online kaufen - COSY SUNDAY\",\"isPartOf\":{\"@id\":\"https:\\\/\\\/test.cosysunday.com\\\/#website\"},\"primaryImageOfPage\":{\"@id\":\"https:\\\/\\\/test.cosysunday.com\\\/de\\\/produkt\\\/womens-hoodie\\\/#primaryimage\"},\"image\":{\"@id\":\"https:\\\/\\\/test.cosysunday.com\\\/de\\\/produkt\\\/womens-hoodie\\\/#primaryimage\"},\"thumbnailUrl\":\"https:\\\/\\\/cdn.speedsize.com\\\/f92682dc-7352-42e5-8737-ed80049e205d\\\/test.cosysunday.com\\\/wp-content\\\/uploads\\\/2023\\\/03\\\/Hoodie-Cappuccino-SKU-H1-108-04-Cioccolato-al-latte.jpg\",\"datePublished\":\"2024-03-07T13:21:45+00:00\",\"dateModified\":\"2024-07-09T09:25:45+00:00\",\"description\":\"Machen Sie es sich bei COSY SUNDAY stilvoll mit unserem Damen-Hoodie gem\u00fctlich. Pr\u00fcfen Sie warme und stilvolle L\u00f6sungen, die ideal sind, um Gem\u00fctlichkeit und W\u00e4rme in Ihr entspanntes Zuhause zu bringen.\",\"breadcrumb\":{\"@id\":\"https:\\\/\\\/test.cosysunday.com\\\/de\\\/produkt\\\/womens-hoodie\\\/#breadcrumb\"},\"inLanguage\":\"de\",\"potentialAction\":[{\"@type\":\"ReadAction\",\"target\":[\"https:\\\/\\\/test.cosysunday.com\\\/de\\\/produkt\\\/womens-hoodie\\\/\"]}]},{\"@type\":\"ImageObject\",\"inLanguage\":\"de\",\"@id\":\"https:\\\/\\\/test.cosysunday.com\\\/de\\\/produkt\\\/womens-hoodie\\\/#primaryimage\",\"url\":\"https:\\\/\\\/cdn.speedsize.com\\\/f92682dc-7352-42e5-8737-ed80049e205d\\\/test.cosysunday.com\\\/wp-content\\\/uploads\\\/2023\\\/03\\\/Hoodie-Cappuccino-SKU-H1-108-04-Cioccolato-al-latte.jpg\",\"contentUrl\":\"https:\\\/\\\/cdn.speedsize.com\\\/f92682dc-7352-42e5-8737-ed80049e205d\\\/test.cosysunday.com\\\/wp-content\\\/uploads\\\/2023\\\/03\\\/Hoodie-Cappuccino-SKU-H1-108-04-Cioccolato-al-latte.jpg\",\"width\":1800,\"height\":1800},{\"@type\":\"BreadcrumbList\",\"@id\":\"https:\\\/\\\/test.cosysunday.com\\\/de\\\/produkt\\\/womens-hoodie\\\/#breadcrumb\",\"itemListElement\":[{\"@type\":\"ListItem\",\"position\":1,\"name\":\"\u0413\u043b\u0430\u0432\u043d\u0430\u044f \u0441\u0442\u0440\u0430\u043d\u0438\u0446\u0430\",\"item\":\"https:\\\/\\\/test.cosysunday.com\\\/de\\\/\"},{\"@type\":\"ListItem\",\"position\":2,\"name\":\"Shop\",\"item\":\"https:\\\/\\\/test.cosysunday.com\\\/shop\\\/\"},{\"@type\":\"ListItem\",\"position\":3,\"name\":\"Kapuzenpullover f\u00fcr damen Cappuccino\"}]},{\"@type\":\"WebSite\",\"@id\":\"https:\\\/\\\/test.cosysunday.com\\\/#website\",\"url\":\"https:\\\/\\\/test.cosysunday.com\\\/\",\"name\":\"COSY SUNDAY\",\"description\":\"Luxury weekend fashion\",\"potentialAction\":[{\"@type\":\"SearchAction\",\"target\":{\"@type\":\"EntryPoint\",\"urlTemplate\":\"https:\\\/\\\/test.cosysunday.com\\\/?s={search_term_string}\"},\"query-input\":{\"@type\":\"PropertyValueSpecification\",\"valueRequired\":true,\"valueName\":\"search_term_string\"}}],\"inLanguage\":\"de\"}]}<\/script>\n<!-- \/ Yoast SEO plugin. -->","yoast_head_json":{"title":"Damen Hoodie online kaufen - COSY SUNDAY","description":"Machen Sie es sich bei COSY SUNDAY stilvoll mit unserem Damen-Hoodie gem\u00fctlich. Pr\u00fcfen Sie warme und stilvolle L\u00f6sungen, die ideal sind, um Gem\u00fctlichkeit und W\u00e4rme in Ihr entspanntes Zuhause zu bringen.","robots":{"index":"noindex","follow":"follow","max-snippet":"max-snippet:-1","max-image-preview":"max-image-preview:large","max-video-preview":"max-video-preview:-1"},"og_locale":"de_DE","og_type":"article","og_title":"Damen Hoodie online kaufen - COSY SUNDAY","og_description":"Machen Sie es sich bei COSY SUNDAY stilvoll mit unserem Damen-Hoodie gem\u00fctlich. Pr\u00fcfen Sie warme und stilvolle L\u00f6sungen, die ideal sind, um Gem\u00fctlichkeit und W\u00e4rme in Ihr entspanntes Zuhause zu bringen.","og_url":"https:\/\/test.cosysunday.com\/de\/produkt\/womens-hoodie\/","og_site_name":"COSY SUNDAY","article_modified_time":"2024-07-09T09:25:45+00:00","og_image":[{"width":1800,"height":1800,"url":"https:\/\/test.cosysunday.com\/wp-content\/uploads\/2023\/03\/Hoodie-Cappuccino-SKU-H1-108-04-Cioccolato-al-latte.jpg","type":"image\/jpeg"}],"twitter_card":"summary_large_image","twitter_misc":{"Gesch\u00e4tzte Lesezeit":"2\u00a0Minuten"},"schema":{"@context":"https:\/\/schema.org","@graph":[{"@type":"WebPage","@id":"https:\/\/test.cosysunday.com\/de\/produkt\/womens-hoodie\/","url":"https:\/\/test.cosysunday.com\/de\/produkt\/womens-hoodie\/","name":"Damen Hoodie online kaufen - COSY SUNDAY","isPartOf":{"@id":"https:\/\/test.cosysunday.com\/#website"},"primaryImageOfPage":{"@id":"https:\/\/test.cosysunday.com\/de\/produkt\/womens-hoodie\/#primaryimage"},"image":{"@id":"https:\/\/test.cosysunday.com\/de\/produkt\/womens-hoodie\/#primaryimage"},"thumbnailUrl":"https:\/\/cdn.speedsize.com\/f92682dc-7352-42e5-8737-ed80049e205d\/test.cosysunday.com\/wp-content\/uploads\/2023\/03\/Hoodie-Cappuccino-SKU-H1-108-04-Cioccolato-al-latte.jpg","datePublished":"2024-03-07T13:21:45+00:00","dateModified":"2024-07-09T09:25:45+00:00","description":"Machen Sie es sich bei COSY SUNDAY stilvoll mit unserem Damen-Hoodie gem\u00fctlich. Pr\u00fcfen Sie warme und stilvolle L\u00f6sungen, die ideal sind, um Gem\u00fctlichkeit und W\u00e4rme in Ihr entspanntes Zuhause zu bringen.","breadcrumb":{"@id":"https:\/\/test.cosysunday.com\/de\/produkt\/womens-hoodie\/#breadcrumb"},"inLanguage":"de","potentialAction":[{"@type":"ReadAction","target":["https:\/\/test.cosysunday.com\/de\/produkt\/womens-hoodie\/"]}]},{"@type":"ImageObject","inLanguage":"de","@id":"https:\/\/test.cosysunday.com\/de\/produkt\/womens-hoodie\/#primaryimage","url":"https:\/\/cdn.speedsize.com\/f92682dc-7352-42e5-8737-ed80049e205d\/test.cosysunday.com\/wp-content\/uploads\/2023\/03\/Hoodie-Cappuccino-SKU-H1-108-04-Cioccolato-al-latte.jpg","contentUrl":"https:\/\/cdn.speedsize.com\/f92682dc-7352-42e5-8737-ed80049e205d\/test.cosysunday.com\/wp-content\/uploads\/2023\/03\/Hoodie-Cappuccino-SKU-H1-108-04-Cioccolato-al-latte.jpg","width":1800,"height":1800},{"@type":"BreadcrumbList","@id":"https:\/\/test.cosysunday.com\/de\/produkt\/womens-hoodie\/#breadcrumb","itemListElement":[{"@type":"ListItem","position":1,"name":"\u0413\u043b\u0430\u0432\u043d\u0430\u044f \u0441\u0442\u0440\u0430\u043d\u0438\u0446\u0430","item":"https:\/\/test.cosysunday.com\/de\/"},{"@type":"ListItem","position":2,"name":"Shop","item":"https:\/\/test.cosysunday.com\/shop\/"},{"@type":"ListItem","position":3,"name":"Kapuzenpullover f\u00fcr damen Cappuccino"}]},{"@type":"WebSite","@id":"https:\/\/test.cosysunday.com\/#website","url":"https:\/\/test.cosysunday.com\/","name":"COSY SUNDAY","description":"Luxury weekend fashion","potentialAction":[{"@type":"SearchAction","target":{"@type":"EntryPoint","urlTemplate":"https:\/\/test.cosysunday.com\/?s={search_term_string}"},"query-input":{"@type":"PropertyValueSpecification","valueRequired":true,"valueName":"search_term_string"}}],"inLanguage":"de"}]}},"_links":{"self":[{"href":"https:\/\/test.cosysunday.com\/de\/wp-json\/wp\/v2\/product\/6337","targetHints":{"allow":["GET"]}}],"collection":[{"href":"https:\/\/test.cosysunday.com\/de\/wp-json\/wp\/v2\/product"}],"about":[{"href":"https:\/\/test.cosysunday.com\/de\/wp-json\/wp\/v2\/types\/product"}],"replies":[{"embeddable":true,"href":"https:\/\/test.cosysunday.com\/de\/wp-json\/wp\/v2\/comments?post=6337"}],"wp:featuredmedia":[{"embeddable":true,"href":"https:\/\/test.cosysunday.com\/de\/wp-json\/wp\/v2\/media\/5270"}],"wp:attachment":[{"href":"https:\/\/test.cosysunday.com\/de\/wp-json\/wp\/v2\/media?parent=6337"}],"wp:term":[{"taxonomy":"product_brand","embeddable":true,"href":"https:\/\/test.cosysunday.com\/de\/wp-json\/wp\/v2\/product_brand?post=6337"},{"taxonomy":"product_cat","embeddable":true,"href":"https:\/\/test.cosysunday.com\/de\/wp-json\/wp\/v2\/product_cat?post=6337"},{"taxonomy":"product_tag","embeddable":true,"href":"https:\/\/test.cosysunday.com\/de\/wp-json\/wp\/v2\/product_tag?post=6337"}],"curies":[{"name":"wp","href":"https:\/\/api.w.org\/{rel}","templated":true}]}}