{"id":6289,"date":"2024-01-31T16:28:10","date_gmt":"2024-01-31T14:28:10","guid":{"rendered":"https:\/\/test.cosysunday.com\/zuhause\/"},"modified":"2024-07-08T09:32:01","modified_gmt":"2024-07-08T07:32:01","slug":"home-de","status":"publish","type":"page","link":"https:\/\/test.cosysunday.com\/de\/","title":{"rendered":"Zuhause"},"content":{"rendered":"","protected":false},"excerpt":{"rendered":"","protected":false},"author":1,"featured_media":0,"parent":0,"menu_order":0,"comment_status":"closed","ping_status":"closed","template":"","meta":{"footnotes":""},"class_list":["post-6289","page","type-page","status-publish","hentry"],"acf":[],"yoast_head":"<!-- This site is optimized with the Yoast SEO plugin v27.5 - https:\/\/yoast.com\/product\/yoast-seo-wordpress\/ -->\n<title>Damenbekleidungsgesch\u00e4ft | Sommerbekleidung f\u00fcr Damen - Cozy Sunday<\/title>\n<meta name=\"description\" content=\"COSY SUNDAY ist ein bekannter Online-Shop f\u00fcr Damenmode im Vereinigten K\u00f6nigreich. COSY SUNDAY ist der beste Online-Shop f\u00fcr Damenbekleidung. Wir haben eine kuratierte Auswahl an in Italien hergestellter Damen-Sommerkleidung online, die zu guten Preisen zum Verkauf steht.\" \/>\n<meta name=\"robots\" content=\"noindex, follow, max-snippet:-1, max-image-preview:large, max-video-preview:-1\" \/>\n<meta property=\"og:locale\" content=\"de_DE\" \/>\n<meta property=\"og:type\" content=\"article\" \/>\n<meta property=\"og:title\" content=\"Damenbekleidungsgesch\u00e4ft | Sommerbekleidung f\u00fcr Damen - Cozy Sunday\" \/>\n<meta property=\"og:description\" content=\"COSY SUNDAY ist ein bekannter Online-Shop f\u00fcr Damenmode im Vereinigten K\u00f6nigreich. COSY SUNDAY ist der beste Online-Shop f\u00fcr Damenbekleidung. Wir haben eine kuratierte Auswahl an in Italien hergestellter Damen-Sommerkleidung online, die zu guten Preisen zum Verkauf steht.\" \/>\n<meta property=\"og:url\" content=\"https:\/\/test.cosysunday.com\/de\/\" \/>\n<meta property=\"og:site_name\" content=\"COSY SUNDAY\" \/>\n<meta property=\"article:modified_time\" content=\"2024-07-08T07:32:01+00:00\" \/>\n<meta name=\"twitter:card\" content=\"summary_large_image\" \/>\n<script type=\"application\/ld+json\" class=\"yoast-schema-graph\">{\"@context\":\"https:\\\/\\\/schema.org\",\"@graph\":[{\"@type\":\"WebPage\",\"@id\":\"https:\\\/\\\/test.cosysunday.com\\\/de\\\/\",\"url\":\"https:\\\/\\\/test.cosysunday.com\\\/de\\\/\",\"name\":\"Damenbekleidungsgesch\u00e4ft | Sommerbekleidung f\u00fcr Damen - Cozy Sunday\",\"isPartOf\":{\"@id\":\"https:\\\/\\\/test.cosysunday.com\\\/#website\"},\"datePublished\":\"2024-01-31T14:28:10+00:00\",\"dateModified\":\"2024-07-08T07:32:01+00:00\",\"description\":\"COSY SUNDAY ist ein bekannter Online-Shop f\u00fcr Damenmode im Vereinigten K\u00f6nigreich. COSY SUNDAY ist der beste Online-Shop f\u00fcr Damenbekleidung. Wir haben eine kuratierte Auswahl an in Italien hergestellter Damen-Sommerkleidung online, die zu guten Preisen zum Verkauf steht.\",\"breadcrumb\":{\"@id\":\"https:\\\/\\\/test.cosysunday.com\\\/de\\\/#breadcrumb\"},\"inLanguage\":\"de\",\"potentialAction\":[{\"@type\":\"ReadAction\",\"target\":[\"https:\\\/\\\/test.cosysunday.com\\\/de\\\/\"]}]},{\"@type\":\"BreadcrumbList\",\"@id\":\"https:\\\/\\\/test.cosysunday.com\\\/de\\\/#breadcrumb\",\"itemListElement\":[{\"@type\":\"ListItem\",\"position\":1,\"name\":\"\u0413\u043b\u0430\u0432\u043d\u0430\u044f \u0441\u0442\u0440\u0430\u043d\u0438\u0446\u0430\",\"item\":\"https:\\\/\\\/test.cosysunday.com\\\/de\\\/\"},{\"@type\":\"ListItem\",\"position\":2,\"name\":\"Zuhause\"}]},{\"@type\":\"WebSite\",\"@id\":\"https:\\\/\\\/test.cosysunday.com\\\/#website\",\"url\":\"https:\\\/\\\/test.cosysunday.com\\\/\",\"name\":\"COSY SUNDAY\",\"description\":\"Luxury weekend fashion\",\"potentialAction\":[{\"@type\":\"SearchAction\",\"target\":{\"@type\":\"EntryPoint\",\"urlTemplate\":\"https:\\\/\\\/test.cosysunday.com\\\/?s={search_term_string}\"},\"query-input\":{\"@type\":\"PropertyValueSpecification\",\"valueRequired\":true,\"valueName\":\"search_term_string\"}}],\"inLanguage\":\"de\"}]}<\/script>\n<!-- \/ Yoast SEO plugin. -->","yoast_head_json":{"title":"Damenbekleidungsgesch\u00e4ft | Sommerbekleidung f\u00fcr Damen - Cozy Sunday","description":"COSY SUNDAY ist ein bekannter Online-Shop f\u00fcr Damenmode im Vereinigten K\u00f6nigreich. COSY SUNDAY ist der beste Online-Shop f\u00fcr Damenbekleidung. Wir haben eine kuratierte Auswahl an in Italien hergestellter Damen-Sommerkleidung online, die zu guten Preisen zum Verkauf steht.","robots":{"index":"noindex","follow":"follow","max-snippet":"max-snippet:-1","max-image-preview":"max-image-preview:large","max-video-preview":"max-video-preview:-1"},"og_locale":"de_DE","og_type":"article","og_title":"Damenbekleidungsgesch\u00e4ft | Sommerbekleidung f\u00fcr Damen - Cozy Sunday","og_description":"COSY SUNDAY ist ein bekannter Online-Shop f\u00fcr Damenmode im Vereinigten K\u00f6nigreich. COSY SUNDAY ist der beste Online-Shop f\u00fcr Damenbekleidung. Wir haben eine kuratierte Auswahl an in Italien hergestellter Damen-Sommerkleidung online, die zu guten Preisen zum Verkauf steht.","og_url":"https:\/\/test.cosysunday.com\/de\/","og_site_name":"COSY SUNDAY","article_modified_time":"2024-07-08T07:32:01+00:00","twitter_card":"summary_large_image","schema":{"@context":"https:\/\/schema.org","@graph":[{"@type":"WebPage","@id":"https:\/\/test.cosysunday.com\/de\/","url":"https:\/\/test.cosysunday.com\/de\/","name":"Damenbekleidungsgesch\u00e4ft | Sommerbekleidung f\u00fcr Damen - Cozy Sunday","isPartOf":{"@id":"https:\/\/test.cosysunday.com\/#website"},"datePublished":"2024-01-31T14:28:10+00:00","dateModified":"2024-07-08T07:32:01+00:00","description":"COSY SUNDAY ist ein bekannter Online-Shop f\u00fcr Damenmode im Vereinigten K\u00f6nigreich. COSY SUNDAY ist der beste Online-Shop f\u00fcr Damenbekleidung. Wir haben eine kuratierte Auswahl an in Italien hergestellter Damen-Sommerkleidung online, die zu guten Preisen zum Verkauf steht.","breadcrumb":{"@id":"https:\/\/test.cosysunday.com\/de\/#breadcrumb"},"inLanguage":"de","potentialAction":[{"@type":"ReadAction","target":["https:\/\/test.cosysunday.com\/de\/"]}]},{"@type":"BreadcrumbList","@id":"https:\/\/test.cosysunday.com\/de\/#breadcrumb","itemListElement":[{"@type":"ListItem","position":1,"name":"\u0413\u043b\u0430\u0432\u043d\u0430\u044f \u0441\u0442\u0440\u0430\u043d\u0438\u0446\u0430","item":"https:\/\/test.cosysunday.com\/de\/"},{"@type":"ListItem","position":2,"name":"Zuhause"}]},{"@type":"WebSite","@id":"https:\/\/test.cosysunday.com\/#website","url":"https:\/\/test.cosysunday.com\/","name":"COSY SUNDAY","description":"Luxury weekend fashion","potentialAction":[{"@type":"SearchAction","target":{"@type":"EntryPoint","urlTemplate":"https:\/\/test.cosysunday.com\/?s={search_term_string}"},"query-input":{"@type":"PropertyValueSpecification","valueRequired":true,"valueName":"search_term_string"}}],"inLanguage":"de"}]}},"_links":{"self":[{"href":"https:\/\/test.cosysunday.com\/de\/wp-json\/wp\/v2\/pages\/6289","targetHints":{"allow":["GET"]}}],"collection":[{"href":"https:\/\/test.cosysunday.com\/de\/wp-json\/wp\/v2\/pages"}],"about":[{"href":"https:\/\/test.cosysunday.com\/de\/wp-json\/wp\/v2\/types\/page"}],"author":[{"embeddable":true,"href":"https:\/\/test.cosysunday.com\/de\/wp-json\/wp\/v2\/users\/1"}],"replies":[{"embeddable":true,"href":"https:\/\/test.cosysunday.com\/de\/wp-json\/wp\/v2\/comments?post=6289"}],"version-history":[{"count":1,"href":"https:\/\/test.cosysunday.com\/de\/wp-json\/wp\/v2\/pages\/6289\/revisions"}],"predecessor-version":[{"id":6290,"href":"https:\/\/test.cosysunday.com\/de\/wp-json\/wp\/v2\/pages\/6289\/revisions\/6290"}],"wp:attachment":[{"href":"https:\/\/test.cosysunday.com\/de\/wp-json\/wp\/v2\/media?parent=6289"}],"curies":[{"name":"wp","href":"https:\/\/api.w.org\/{rel}","templated":true}]}}